{"id":11229,"date":"0202-06-15T10:23:35","date_gmt":"0202-06-15T10:38:19","guid":{"rendered":"https:\/\/www.munord.com\/clientes\/?page_id=11229"},"modified":"2024-06-13T08:22:03","modified_gmt":"2024-06-13T06:22:03","slug":"ayuda-copias-de-seguridad","status":"publish","type":"page","link":"https:\/\/www.munord.com\/clientes\/ayuda-copias-de-seguridad\/","title":{"rendered":"Ayuda copias de seguridad"},"content":{"rendered":"\t\t<div data-elementor-type=\"wp-page\" data-elementor-id=\"11229\" class=\"elementor elementor-11229\" data-elementor-post-type=\"page\">\n\t\t\t\t\t\t<section class=\"elementor-section elementor-top-section elementor-element elementor-element-22f1b0e elementor-section-boxed elementor-section-height-default elementor-section-height-default\" data-id=\"22f1b0e\" data-element_type=\"section\" data-e-type=\"section\">\n\t\t\t\t\t\t<div class=\"elementor-container elementor-column-gap-default\">\n\t\t\t\t\t<div class=\"elementor-column elementor-col-100 elementor-top-column elementor-element elementor-element-920eb75\" data-id=\"920eb75\" data-element_type=\"column\" data-e-type=\"column\">\n\t\t\t<div class=\"elementor-widget-wrap elementor-element-populated\">\n\t\t\t\t\t\t<div class=\"elementor-element elementor-element-79b8af9 elementor-widget elementor-widget-text-editor\" data-id=\"79b8af9\" data-element_type=\"widget\" data-e-type=\"widget\" data-widget_type=\"text-editor.default\">\n\t\t\t\t<div class=\"elementor-widget-container\">\n\t\t\t\t\t\t\t\t\t<p>AYUDA COPIAS DE SEGURIDAD P\u00c1GINA WEB<\/p>\t\t\t\t\t\t\t\t<\/div>\n\t\t\t\t<\/div>\n\t\t\t\t\t<\/div>\n\t\t<\/div>\n\t\t\t\t\t<\/div>\n\t\t<\/section>\n\t\t\t\t<section class=\"elementor-section elementor-top-section elementor-element elementor-element-27fcef4 elementor-section-boxed elementor-section-height-default elementor-section-height-default\" data-id=\"27fcef4\" data-element_type=\"section\" data-e-type=\"section\">\n\t\t\t\t\t\t<div class=\"elementor-container elementor-column-gap-default\">\n\t\t\t\t\t<div class=\"elementor-column elementor-col-100 elementor-top-column elementor-element elementor-element-99077d0\" data-id=\"99077d0\" data-element_type=\"column\" data-e-type=\"column\">\n\t\t\t<div class=\"elementor-widget-wrap elementor-element-populated\">\n\t\t\t\t\t\t<div class=\"elementor-element elementor-element-57a5c01 elementor-widget__width-initial elementor-widget elementor-widget-text-editor\" data-id=\"57a5c01\" data-element_type=\"widget\" data-e-type=\"widget\" data-widget_type=\"text-editor.default\">\n\t\t\t\t<div class=\"elementor-widget-container\">\n\t\t\t\t\t\t\t\t\t<p><span style=\"font-size: 18pt; color: #21038d;\"><strong><span style=\"font-family: verdana, geneva, sans-serif;\">\u00b7 Informaci\u00f3n copias de seguridad<\/span><\/strong><\/span><\/p><p><span style=\"font-size: 14pt; font-family: verdana, geneva, sans-serif;\">&#8211; El sistema guarda copia de seguridad de la base de datos y de los archivos de los \u00faltimos siete d\u00edas de manera autom\u00e1tica.\u00a0<\/span><span style=\"font-family: verdana, geneva, sans-serif;\"><span style=\"font-size: 18.6667px;\">Si necesita copias de seguridad de m\u00e1s de siete d\u00edas, puede utilizar <a href=\"https:\/\/javiniguez.com\/los-7-mejores-plugins-de-copias-de-seguridad-de-wordpress\/\" target=\"_blank\" rel=\"noopener\">herramientas de terceros.<\/a> Es importante asegurarse ante de configurar correctamente el plugin para no ocupar todo el espacio disponible en el servidor. Se recomienda guardar las copias de seguridad en una ubicaci\u00f3n externa como Google Drive, Dropbox u otros.<\/span><\/span><\/p><p><span style=\"font-size: 14pt; font-family: verdana, geneva, sans-serif;\">&#8211; Al tratarse de copias autom\u00e1ticas, siempre es recomendable descargar una copia de seguridad en local antes de realizar alg\u00fan cambio importante u actualizaci\u00f3n. Consultar siguiente apartado <strong>descargar copia de seguridad completa de mi sitio web.<\/strong><\/span><\/p><p>\u00a0<\/p><p><span style=\"font-size: 18pt; color: #21038d;\"><strong><span style=\"font-family: verdana, geneva, sans-serif;\">\u00b7 Crear copia de seguridad<\/span><\/strong><\/span><\/p><p><span style=\"font-size: 14pt; font-family: verdana, geneva, sans-serif;\">&#8211; Si desea realiza un cambio importante en su p\u00e1gina web, puede realizar una copia de seguridad previamente desde su panel: <a href=\"https:\/\/www.siteground.es\/tutoriales\/primeros-pasos\/copias-seguridad\/#Como_crear_copias_de_seguridad_y_restaurar_tu_sitio\">Consultar pasos<\/a><\/span><\/p><p><span style=\"font-size: 14pt; font-family: verdana, geneva, sans-serif;\">&#8211; Al tratarse de copias autom\u00e1ticas, siempre es recomendable descargar una copia de seguridad en local antes de realizar alg\u00fan cambio importante. Consultar siguiente apartado <strong>descargar copia de seguridad completa de mi sitio web.<\/strong><\/span><\/p><p>\u00a0<\/p><p><span style=\"font-size: 18pt; color: #21038d;\"><strong><span style=\"font-family: verdana, geneva, sans-serif;\">\u00b7 Restaurar copia de <span style=\"color: #21038d;\">seguridad<\/span><\/span><\/strong><\/span><\/p><p><span style=\"font-size: 14pt; font-family: verdana, geneva, sans-serif;\">&#8211; Para restaurar una copia de seguridad: <a href=\"https:\/\/www.siteground.es\/tutoriales\/primeros-pasos\/copias-seguridad\/#Como_restaurar_datos_especificos\">Consultar pasos<\/a><\/span><\/p><p>\u00a0<\/p><p><span style=\"font-size: 18pt; color: #21038d;\"><strong><span style=\"font-family: verdana, geneva, sans-serif;\">\u00b7 Descargar copia de seguridad completa de un sitio web.<\/span><\/strong><\/span><\/p><p><span style=\"font-size: 14pt; font-family: verdana, geneva, sans-serif;\">Para descargar una copia de seguridad completa de su p\u00e1gina web, tiene que descargar por un lado la base de datos, y por otro lado, los archivos que forman la p\u00e1gina web.\u00a0<\/span><\/p><p><span style=\"font-size: 14pt; font-family: verdana, geneva, sans-serif;\"><a href=\"https:\/\/www.siteground.es\/kb\/como-crear-administrar-y-editar-cuentas-ftp\/\">&#8211; Descargar archivos por FTP<\/a><\/span><\/p><p><span style=\"font-size: 14pt; font-family: verdana, geneva, sans-serif;\"><a href=\"https:\/\/www.siteground.es\/kb\/exportar-base-datos-mysql\/\">&#8211; Descargar base de datos<\/a><\/span><\/p><p><a style=\"background-color: #ffffff; font-family: verdana, geneva, sans-serif; font-size: 18.6667px;\" href=\"https:\/\/www.siteground.es\/kb\/como-crear-administrar-y-editar-cuentas-ftp\/\">&#8211; Descargar archivos descargar des del servidor<\/a>\u00a0<span style=\"background-color: #ffffff; font-family: verdana, geneva, sans-serif; font-size: 18.6667px; font-weight: var( --e-global-typography-text-font-weight );\">(<\/span><span style=\"background-color: #ffffff; font-family: verdana, geneva, sans-serif; font-size: 18.6667px;\"><b>!IMPORTANTE! <\/b><\/span><span style=\"background-color: #ffffff; font-family: verdana, geneva, sans-serif; font-size: 18.6667px; font-weight: var( --e-global-typography-text-font-weight );\">Si decide comprimir los archivos des del panel de servidor es importante revisar antes si dispone de espacio y recursos suficientes el servidor, ya que en muchas ocasiones las p\u00e1gina web ocupan varios GB, lo que requerir\u00e1 aproximadamente el mismo espacio adicionar para poder crear el archivo comprimido. Si utiliza el 100% de su espacio, todos los servicios alojados dejaran de funcionar).<\/span><\/p><p><span style=\"font-size: 14pt; font-family: verdana, geneva, sans-serif;\"><a href=\"https:\/\/www.siteground.es\/tutoriales\/ssh\/activar\/\" target=\"_blank\" rel=\"noopener\">&#8211; Acceso por SSH<\/a><\/span><\/p><p><span style=\"font-family: verdana, geneva, sans-serif; font-size: 14pt;\"><a href=\"https:\/\/www.siteground.es\/tutoriales\/ftp\/\" target=\"_blank\" rel=\"noopener\">&#8211; Programas FTP\u00a0\u00a0<\/a><\/span><\/p><p><strong><span style=\"font-size: 14pt; font-family: verdana, geneva, sans-serif;\"><a style=\"font-weight: normal;\" href=\"https:\/\/www.siteground.es\/kb\/copia-seguridad-completa\/\" target=\"_blank\" rel=\"noopener\">Ayuda<\/a><\/span><\/strong><\/p><p><span style=\"font-size: 14pt; font-family: verdana, geneva, sans-serif;\">En nuestros <a href=\"https:\/\/www.munord.com\/clientes\/producto\/auditoria-web-trimestralmente\/\">packs de auditoras peri\u00f3dicas<\/a>, descargamos y guardamos una copia completa de su sitio web en local para mayor seguridad. Puede contratar el servicio desde el siguiente enlace: <a href=\"https:\/\/www.munord.com\/clientes\/producto\/auditoria-web-trimestralmente\/\">packs de auditoras peri\u00f3dicas<\/a>.<\/span><\/p><p><span style=\"font-size: 14pt; font-family: verdana, geneva, sans-serif;\">Si necesita asistencia t\u00e9cnica o necesita que le generemos y enviemos una copia de seguridad completa de su sito actual puede contratar un <a href=\"https:\/\/www.munord.com\/clientes\/producto\/ticket-de-asistencia-tecnica\/\">ticket de asistencia<\/a> y un t\u00e9cnico le generar\u00e1 la copia y le proporcionara un enlace de Microsoft OneDrive para descargarla en los pr\u00f3ximos siete d\u00edas naturales.<\/span><\/p>\t\t\t\t\t\t\t\t<\/div>\n\t\t\t\t<\/div>\n\t\t\t\t\t<\/div>\n\t\t<\/div>\n\t\t\t\t\t<\/div>\n\t\t<\/section>\n\t\t\t\t<\/div>\n\t\t","protected":false},"excerpt":{"rendered":"<p>AYUDA COPIAS DE SEGURIDAD P\u00c1GINA WEB \u00b7 Informaci\u00f3n copias de seguridad &#8211; El sistema guarda copia de seguridad de la base de datos y de los archivos de los \u00faltimos siete d\u00edas de manera autom\u00e1tica.\u00a0Si necesita copias de seguridad de m\u00e1s de siete d\u00edas, puede utilizar herramientas de terceros. Es importante asegurarse ante de configurar [&hellip;]<\/p>\n","protected":false},"author":49,"featured_media":0,"parent":0,"menu_order":0,"comment_status":"closed","ping_status":"closed","template":"","meta":{"footnotes":""},"class_list":["post-11229","page","type-page","status-publish","hentry"],"yoast_head":"<!-- This site is optimized with the Yoast SEO plugin v27.6 - https:\/\/yoast.com\/product\/yoast-seo-wordpress\/ -->\n<title>Ayuda copias de seguridad - MUNORD<\/title>\n<meta name=\"robots\" content=\"noindex, nofollow\" \/>\n<meta property=\"og:locale\" content=\"es_ES\" \/>\n<meta property=\"og:type\" content=\"article\" \/>\n<meta property=\"og:title\" content=\"Ayuda copias de seguridad - MUNORD\" \/>\n<meta property=\"og:description\" content=\"AYUDA COPIAS DE SEGURIDAD P\u00c1GINA WEB \u00b7 Informaci\u00f3n copias de seguridad &#8211; El sistema guarda copia de seguridad de la base de datos y de los archivos de los \u00faltimos siete d\u00edas de manera autom\u00e1tica.\u00a0Si necesita copias de seguridad de m\u00e1s de siete d\u00edas, puede utilizar herramientas de terceros. Es importante asegurarse ante de configurar [&hellip;]\" \/>\n<meta property=\"og:url\" content=\"https:\/\/www.munord.com\/clientes\/ayuda-copias-de-seguridad\/\" \/>\n<meta property=\"og:site_name\" content=\"MUNORD\" \/>\n<meta property=\"article:modified_time\" content=\"2024-06-13T06:22:03+00:00\" \/>\n<meta name=\"twitter:card\" content=\"summary_large_image\" \/>\n<meta name=\"twitter:label1\" content=\"Tiempo de lectura\" \/>\n\t<meta name=\"twitter:data1\" content=\"2 minutos\" \/>\n<script type=\"application\/ld+json\" class=\"yoast-schema-graph\">{\"@context\":\"https:\\\/\\\/schema.org\",\"@graph\":[{\"@type\":\"WebPage\",\"@id\":\"https:\\\/\\\/www.munord.com\\\/clientes\\\/ayuda-copias-de-seguridad\\\/\",\"url\":\"https:\\\/\\\/www.munord.com\\\/clientes\\\/ayuda-copias-de-seguridad\\\/\",\"name\":\"Ayuda copias de seguridad - MUNORD\",\"isPartOf\":{\"@id\":\"https:\\\/\\\/www.munord.com\\\/clientes\\\/#website\"},\"datePublished\":\"0202-06-15T10:38:19+00:00\",\"dateModified\":\"2024-06-13T06:22:03+00:00\",\"breadcrumb\":{\"@id\":\"https:\\\/\\\/www.munord.com\\\/clientes\\\/ayuda-copias-de-seguridad\\\/#breadcrumb\"},\"inLanguage\":\"es\",\"potentialAction\":[{\"@type\":\"ReadAction\",\"target\":[\"https:\\\/\\\/www.munord.com\\\/clientes\\\/ayuda-copias-de-seguridad\\\/\"]}]},{\"@type\":\"BreadcrumbList\",\"@id\":\"https:\\\/\\\/www.munord.com\\\/clientes\\\/ayuda-copias-de-seguridad\\\/#breadcrumb\",\"itemListElement\":[{\"@type\":\"ListItem\",\"position\":1,\"name\":\"Portada\",\"item\":\"https:\\\/\\\/www.munord.com\\\/clientes\\\/\"},{\"@type\":\"ListItem\",\"position\":2,\"name\":\"Ayuda copias de seguridad\"}]},{\"@type\":\"WebSite\",\"@id\":\"https:\\\/\\\/www.munord.com\\\/clientes\\\/#website\",\"url\":\"https:\\\/\\\/www.munord.com\\\/clientes\\\/\",\"name\":\"MUNORD\",\"description\":\"Automatizaci\u00f3n al siguiente nivel\",\"publisher\":{\"@id\":\"https:\\\/\\\/www.munord.com\\\/clientes\\\/#organization\"},\"inLanguage\":\"es\"},{\"@type\":\"Organization\",\"@id\":\"https:\\\/\\\/www.munord.com\\\/clientes\\\/#organization\",\"name\":\"MUNORD\",\"url\":\"https:\\\/\\\/www.munord.com\\\/clientes\\\/\",\"logo\":{\"@type\":\"ImageObject\",\"inLanguage\":\"es\",\"@id\":\"https:\\\/\\\/www.munord.com\\\/clientes\\\/#\\\/schema\\\/logo\\\/image\\\/\",\"url\":\"https:\\\/\\\/www.munord.com\\\/clientes\\\/wp-content\\\/uploads\\\/2024\\\/06\\\/cropped-logo_munord.webp\",\"contentUrl\":\"https:\\\/\\\/www.munord.com\\\/clientes\\\/wp-content\\\/uploads\\\/2024\\\/06\\\/cropped-logo_munord.webp\",\"width\":300,\"height\":51,\"caption\":\"MUNORD\"},\"image\":{\"@id\":\"https:\\\/\\\/www.munord.com\\\/clientes\\\/#\\\/schema\\\/logo\\\/image\\\/\"}}]}<\/script>\n<!-- \/ Yoast SEO plugin. -->","yoast_head_json":{"title":"Ayuda copias de seguridad - MUNORD","robots":{"index":"noindex","follow":"nofollow"},"og_locale":"es_ES","og_type":"article","og_title":"Ayuda copias de seguridad - MUNORD","og_description":"AYUDA COPIAS DE SEGURIDAD P\u00c1GINA WEB \u00b7 Informaci\u00f3n copias de seguridad &#8211; El sistema guarda copia de seguridad de la base de datos y de los archivos de los \u00faltimos siete d\u00edas de manera autom\u00e1tica.\u00a0Si necesita copias de seguridad de m\u00e1s de siete d\u00edas, puede utilizar herramientas de terceros. Es importante asegurarse ante de configurar [&hellip;]","og_url":"https:\/\/www.munord.com\/clientes\/ayuda-copias-de-seguridad\/","og_site_name":"MUNORD","article_modified_time":"2024-06-13T06:22:03+00:00","twitter_card":"summary_large_image","twitter_misc":{"Tiempo de lectura":"2 minutos"},"schema":{"@context":"https:\/\/schema.org","@graph":[{"@type":"WebPage","@id":"https:\/\/www.munord.com\/clientes\/ayuda-copias-de-seguridad\/","url":"https:\/\/www.munord.com\/clientes\/ayuda-copias-de-seguridad\/","name":"Ayuda copias de seguridad - MUNORD","isPartOf":{"@id":"https:\/\/www.munord.com\/clientes\/#website"},"datePublished":"0202-06-15T10:38:19+00:00","dateModified":"2024-06-13T06:22:03+00:00","breadcrumb":{"@id":"https:\/\/www.munord.com\/clientes\/ayuda-copias-de-seguridad\/#breadcrumb"},"inLanguage":"es","potentialAction":[{"@type":"ReadAction","target":["https:\/\/www.munord.com\/clientes\/ayuda-copias-de-seguridad\/"]}]},{"@type":"BreadcrumbList","@id":"https:\/\/www.munord.com\/clientes\/ayuda-copias-de-seguridad\/#breadcrumb","itemListElement":[{"@type":"ListItem","position":1,"name":"Portada","item":"https:\/\/www.munord.com\/clientes\/"},{"@type":"ListItem","position":2,"name":"Ayuda copias de seguridad"}]},{"@type":"WebSite","@id":"https:\/\/www.munord.com\/clientes\/#website","url":"https:\/\/www.munord.com\/clientes\/","name":"MUNORD","description":"Automatizaci\u00f3n al siguiente nivel","publisher":{"@id":"https:\/\/www.munord.com\/clientes\/#organization"},"inLanguage":"es"},{"@type":"Organization","@id":"https:\/\/www.munord.com\/clientes\/#organization","name":"MUNORD","url":"https:\/\/www.munord.com\/clientes\/","logo":{"@type":"ImageObject","inLanguage":"es","@id":"https:\/\/www.munord.com\/clientes\/#\/schema\/logo\/image\/","url":"https:\/\/www.munord.com\/clientes\/wp-content\/uploads\/2024\/06\/cropped-logo_munord.webp","contentUrl":"https:\/\/www.munord.com\/clientes\/wp-content\/uploads\/2024\/06\/cropped-logo_munord.webp","width":300,"height":51,"caption":"MUNORD"},"image":{"@id":"https:\/\/www.munord.com\/clientes\/#\/schema\/logo\/image\/"}}]}},"_links":{"self":[{"href":"https:\/\/www.munord.com\/clientes\/wp-json\/wp\/v2\/pages\/11229","targetHints":{"allow":["GET"]}}],"collection":[{"href":"https:\/\/www.munord.com\/clientes\/wp-json\/wp\/v2\/pages"}],"about":[{"href":"https:\/\/www.munord.com\/clientes\/wp-json\/wp\/v2\/types\/page"}],"author":[{"embeddable":true,"href":"https:\/\/www.munord.com\/clientes\/wp-json\/wp\/v2\/users\/49"}],"replies":[{"embeddable":true,"href":"https:\/\/www.munord.com\/clientes\/wp-json\/wp\/v2\/comments?post=11229"}],"version-history":[{"count":0,"href":"https:\/\/www.munord.com\/clientes\/wp-json\/wp\/v2\/pages\/11229\/revisions"}],"wp:attachment":[{"href":"https:\/\/www.munord.com\/clientes\/wp-json\/wp\/v2\/media?parent=11229"}],"curies":[{"name":"wp","href":"https:\/\/api.w.org\/{rel}","templated":true}]}}