{"id":14475,"date":"2019-07-02T11:24:40","date_gmt":"2019-07-02T09:24:40","guid":{"rendered":"https:\/\/www.munord.com\/clientes\/?page_id=14475"},"modified":"2024-07-02T11:25:49","modified_gmt":"2024-07-02T09:25:49","slug":"liberar-espacio-de-mi-cuenta","status":"publish","type":"page","link":"https:\/\/www.munord.com\/clientes\/liberar-espacio-de-mi-cuenta\/","title":{"rendered":"Liberar espacio de mi cuenta"},"content":{"rendered":"\t\t<div data-elementor-type=\"wp-page\" data-elementor-id=\"14475\" class=\"elementor elementor-14475\" data-elementor-post-type=\"page\">\n\t\t\t\t\t\t<section class=\"elementor-section elementor-top-section elementor-element elementor-element-5b3c498 elementor-section-boxed elementor-section-height-default elementor-section-height-default\" data-id=\"5b3c498\" data-element_type=\"section\" data-e-type=\"section\">\n\t\t\t\t\t\t<div class=\"elementor-container elementor-column-gap-default\">\n\t\t\t\t\t<div class=\"elementor-column elementor-col-100 elementor-top-column elementor-element elementor-element-ef81381\" data-id=\"ef81381\" data-element_type=\"column\" data-e-type=\"column\">\n\t\t\t<div class=\"elementor-widget-wrap elementor-element-populated\">\n\t\t\t\t\t\t<div class=\"elementor-element elementor-element-9c146a5 elementor-widget elementor-widget-text-editor\" data-id=\"9c146a5\" data-element_type=\"widget\" data-e-type=\"widget\" data-widget_type=\"text-editor.default\">\n\t\t\t\t<div class=\"elementor-widget-container\">\n\t\t\t\t\t\t\t\t\tLiberar espacio de mi cuenta\t\t\t\t\t\t\t\t<\/div>\n\t\t\t\t<\/div>\n\t\t\t\t\t<\/div>\n\t\t<\/div>\n\t\t\t\t\t<\/div>\n\t\t<\/section>\n\t\t\t\t<section class=\"elementor-section elementor-top-section elementor-element elementor-element-06685ad elementor-section-boxed elementor-section-height-default elementor-section-height-default\" data-id=\"06685ad\" data-element_type=\"section\" data-e-type=\"section\">\n\t\t\t\t\t\t<div class=\"elementor-container elementor-column-gap-default\">\n\t\t\t\t\t<div class=\"elementor-column elementor-col-100 elementor-top-column elementor-element elementor-element-cf22fd9\" data-id=\"cf22fd9\" data-element_type=\"column\" data-e-type=\"column\">\n\t\t\t<div class=\"elementor-widget-wrap elementor-element-populated\">\n\t\t\t\t\t\t<div class=\"elementor-element elementor-element-fe13db0 elementor-widget elementor-widget-spacer\" data-id=\"fe13db0\" data-element_type=\"widget\" data-e-type=\"widget\" data-widget_type=\"spacer.default\">\n\t\t\t\t<div class=\"elementor-widget-container\">\n\t\t\t\t\t\t\t<div class=\"elementor-spacer\">\n\t\t\t<div class=\"elementor-spacer-inner\"><\/div>\n\t\t<\/div>\n\t\t\t\t\t\t<\/div>\n\t\t\t\t<\/div>\n\t\t\t\t<div class=\"elementor-element elementor-element-d9ee842 elementor-widget__width-initial elementor-widget elementor-widget-text-editor\" data-id=\"d9ee842\" data-element_type=\"widget\" data-e-type=\"widget\" data-widget_type=\"text-editor.default\">\n\t\t\t\t<div class=\"elementor-widget-container\">\n\t\t\t\t\t\t\t\t\t<p><span style=\"color: #000000;\"><strong><span style=\"font-size: 18pt;\">\u00bfC\u00f3mo liberar espacio en mi cuenta?<\/span><\/strong><\/span><\/p>\n<p><span style=\"color: #000000;\"><strong><span style=\"font-size: 18pt;\">&nbsp;<\/span><\/strong><\/span><strong style=\"font-family: var( --e-global-typography-text-font-family ), Sans-serif; font-size: var( --e-global-typography-text-font-size ); font-style: var( --e-global-typography-text-font-style ); letter-spacing: var( --e-global-typography-text-letter-spacing ); text-transform: var( --e-global-typography-text-text-transform ); word-spacing: var( --e-global-typography-text-word-spacing ); text-align: var(--text-align); background-color: var( --e-global-color-43e86c6 );\"><span style=\"font-size: 18pt;\">&nbsp;&nbsp;<\/span><\/strong><span style=\"font-size: 14pt; color: #000000;\"><strong>1. ARCHIVOS&nbsp;<\/strong><\/span><\/p>\n<p><span style=\"font-size: 14pt; color: #000000;\"><strong>&nbsp;<\/strong><\/span><strong style=\"color: #000000;\">!IMPORTANTE!<\/strong><span style=\"color: #000000;\"> Previamente hacer copia de seguridad en su ordenador.<\/span><\/p>\n<ol>\n<li><span style=\"color: #000000;\">Analizar las p\u00e1ginas web y los archivos que tiene alojados en su cuenta y eliminar los que no necesite.<\/span><\/li>\n<li><span style=\"color: #000000;\">En muchas ocasiones hay archivos duplicados, archivos grandes de copias de seguridad anteriores o im\u00e1genes no optimizadas que ocupan grandes cantidades de espacio.<\/span><\/li>\n<li><span style=\"color: #000000;\">Si no sabe qu\u00e9 archivos puede borrar, recomendamos que contacte con un desarrollador web para que le pueda asesorar. !IMPORTANTE! la eliminaci\u00f3n de ciertos archivos puede inutilizar sus p\u00e1ginas web y servicios alojados.<\/span><\/li>\n<li><span style=\"color: #000000;\">Para eliminar los archivos no esenciales y que no necesite, puede acceder desde el panel de su cuenta https:\/\/www.mysitearea.com, apartado SITIO WEB &gt; Gestor de archivos &gt; Buscar los archivos que quiere eliminar y pulsar el icono de la papelera del men\u00fa superior. <\/span><img decoding=\"async\" class=\"alignnone wp-image-10490\" src=\"https:\/\/www.munord.com\/clientes\/wp-content\/uploads\/2022\/04\/papelera.png\" alt=\"\" width=\"60\" height=\"80\" srcset=\"https:\/\/www.munord.com\/clientes\/wp-content\/uploads\/2022\/04\/papelera.png 98w, https:\/\/www.munord.com\/clientes\/wp-content\/uploads\/2022\/04\/papelera-75x100.png 75w\" sizes=\"(max-width: 60px) 100vw, 60px\" \/><\/li>\n<li style=\"list-style-type: none;\">&nbsp;<\/li>\n<\/ol>\n<div>&nbsp;<\/div>\n<p><span style=\"font-size: 14pt; color: #000000;\"><strong>2. CORREOS<\/strong><\/span><\/p>\n<p><span style=\"font-size: 14pt; color: #000000;\"><strong>&nbsp;<\/strong><\/span><strong style=\"color: #000000;\">!IMPORTANTE!<\/strong><span style=\"color: #000000;\"> Previamente hacer copia de seguridad en su ordenador.<\/span><\/p>\n<p><span style=\"color: #000000;\"><span style=\"color: #000000;\">Para liberar espacio en los correos electr\u00f3nicos, puede utilizar diferentes m\u00e9todos una vez echa la copia de seguridad&nbsp; en su ordenador.<\/span><\/span><\/p>\n<ol>\n<li><strong style=\"color: #000000; font-size: 14pt;\">Liberar espacio desde su cuenta de webmail<\/strong>\n<ol>\n<li><span style=\"color: #000000;\">Para borrar correos que no necesite desde webmail. <strong>!IMPORTANTE!&nbsp; Eliminar correos desde su gestor de correo (Outlook, Thunderbird, m\u00f3vil, entre otros) NO liberar\u00e1 espacio de su cuenta.<\/strong><\/span><\/li>\n<li><span style=\"color: #000000;\">Para borrar los&nbsp; correos que no necesite desde webmail, recomendamos que primero ordene los correos de mayor a menor peso, ya que los correos que tienen archivos adjuntos son los que m\u00e1s espacio ocupan. Para ordenarlos, acceder a webmail con la cuenta que quiere liberar espacio &gt; Ir a: https:\/\/www.<em><strong>sudominio<\/strong><\/em>.com\/webmail &gt; Ir a la carpeta Entrada por ejemplo &gt; pulsar el bot\u00f3n Opciones &gt; Columna de ordenaci\u00f3n:&nbsp; Tama\u00f1o &gt; <label class=\"col-form-label col-sm-4\" for=\"listoptions-sortord-clone\">Criterio de ordenaci\u00f3n: Descendente<\/label><\/span><\/li>\n<li><span style=\"color: #000000;\">Una vez ordenados ya podr\u00e1 seleccionar los correos que quiere eliminar.<\/span><\/li>\n<li><span style=\"color: #000000;\">Repetir el proceso para las otras carpetas (Enviados, Spam, etc.)<\/span><\/li>\n<li><span style=\"color: #000000;\"><span style=\"color: #000000;\"><strong><strong>!IMPORTANTE! Una vez eliminados los correos, vaciar la papelera para liberar espacio en su cuenta.<br><\/strong><\/strong><\/span><\/span>&nbsp;<br><img fetchpriority=\"high\" decoding=\"async\" class=\"aligncenter wp-image-10492 size-large\" src=\"https:\/\/www.munord.com\/clientes\/wp-content\/uploads\/2022\/04\/wb-1024x646.png\" alt=\"\" width=\"1024\" height=\"646\" srcset=\"https:\/\/www.munord.com\/clientes\/wp-content\/uploads\/2022\/04\/wb-1024x646.png 1024w, https:\/\/www.munord.com\/clientes\/wp-content\/uploads\/2022\/04\/wb-600x379.png 600w, https:\/\/www.munord.com\/clientes\/wp-content\/uploads\/2022\/04\/wb-300x189.png 300w, https:\/\/www.munord.com\/clientes\/wp-content\/uploads\/2022\/04\/wb-768x485.png 768w, https:\/\/www.munord.com\/clientes\/wp-content\/uploads\/2022\/04\/wb-1536x969.png 1536w, https:\/\/www.munord.com\/clientes\/wp-content\/uploads\/2022\/04\/wb-2048x1292.png 2048w, https:\/\/www.munord.com\/clientes\/wp-content\/uploads\/2022\/04\/wb-100x63.png 100w, https:\/\/www.munord.com\/clientes\/wp-content\/uploads\/2022\/04\/wb-700x442.png 700w\" sizes=\"(max-width: 1024px) 100vw, 1024px\" \/><br><br><\/li>\n<\/ol>\n<\/li>\n<li><strong style=\"color: #000000; font-size: 14pt;\">Cambiar la configuraci\u00f3n de sus correos electr\u00f3nicos de IMAP a POP<\/strong>\n<ol>\n<li>La configuraci\u00f3n IMAP guarda los correos en su cuenta y la configuraci\u00f3n POP guarda los correo en su dispositivo (ordenador\/m\u00f3vil). Si modifica la configuraci\u00f3n de su dispositivo con configuraci\u00f3n POP, liberar\u00e1 todo el espacio de su cuenta que ocupa su cuenta de correo.<\/li>\n<li><span style=\"color: #000000;\">!IMPORTANTE! si se configura su dispositivo como POP no marcar la opci\u00f3n que tienen muchos dispositivos de guardar copia del correo en el servidor, sino, no liberar\u00e1 el espacio que necesita.<\/span><\/li>\n<li><span style=\"color: #000000;\"><span style=\"color: #000000;\">Si no sabe c\u00f3mo modificar la configuraci\u00f3n de su correo, puede consultar el siguiente manual de ayuda (https:\/\/www.munord.com\/clientes\/ayuda-configuracion-correo) o contacte con su inform\u00e1tico para que le configure su equipo (ordenador\/m\u00f3vil)<br><br><\/span><\/span><\/li>\n<\/ol>\n<\/li>\n<li><strong style=\"color: #000000; font-size: 14pt;\">AUMENTAR ESPACIO DE SU CUENTA<\/strong><\/li>\n<\/ol>\n<ol>\n<li style=\"list-style-type: none;\">\n<ol>\n<li>Alternativamente puede aumentar el espacio de su cuenta en packs de 10GB contrat\u00e1ndolo des del siguiente enlace: <a style=\"font-family: var( --e-global-typography-text-font-family ), Sans-serif; font-weight: var( --e-global-typography-text-font-weight );\" href=\"https:\/\/www.munord.com\/clientes\/producto\/pack-10gb-ssd\">https:\/\/www.munord.com\/clientes\/producto\/pack-10gb-ssd<\/a><\/li>\n<\/ol>\n<\/li>\n<\/ol>\t\t\t\t\t\t\t\t<\/div>\n\t\t\t\t<\/div>\n\t\t\t\t<div class=\"elementor-element elementor-element-136c92f elementor-widget elementor-widget-spacer\" data-id=\"136c92f\" data-element_type=\"widget\" data-e-type=\"widget\" data-widget_type=\"spacer.default\">\n\t\t\t\t<div class=\"elementor-widget-container\">\n\t\t\t\t\t\t\t<div class=\"elementor-spacer\">\n\t\t\t<div class=\"elementor-spacer-inner\"><\/div>\n\t\t<\/div>\n\t\t\t\t\t\t<\/div>\n\t\t\t\t<\/div>\n\t\t\t\t<div class=\"elementor-element elementor-element-6b2f93b elementor-widget elementor-widget-spacer\" data-id=\"6b2f93b\" data-element_type=\"widget\" data-e-type=\"widget\" data-widget_type=\"spacer.default\">\n\t\t\t\t<div class=\"elementor-widget-container\">\n\t\t\t\t\t\t\t<div class=\"elementor-spacer\">\n\t\t\t<div class=\"elementor-spacer-inner\"><\/div>\n\t\t<\/div>\n\t\t\t\t\t\t<\/div>\n\t\t\t\t<\/div>\n\t\t\t\t\t<\/div>\n\t\t<\/div>\n\t\t\t\t\t<\/div>\n\t\t<\/section>\n\t\t\t\t<\/div>\n\t\t","protected":false},"excerpt":{"rendered":"<p>Liberar espacio de mi cuenta \u00bfC\u00f3mo liberar espacio en mi cuenta? \u00a0\u00a0\u00a01. ARCHIVOS\u00a0 \u00a0!IMPORTANTE! Previamente hacer copia de seguridad en su ordenador. Analizar las p\u00e1ginas web y los archivos que tiene alojados en su cuenta y eliminar los que no necesite. En muchas ocasiones hay archivos duplicados, archivos grandes de copias de seguridad anteriores o [&hellip;]<\/p>\n","protected":false},"author":161,"featured_media":0,"parent":0,"menu_order":0,"comment_status":"closed","ping_status":"closed","template":"","meta":{"footnotes":""},"class_list":["post-14475","page","type-page","status-publish","hentry"],"yoast_head":"<!-- This site is optimized with the Yoast SEO plugin v27.6 - https:\/\/yoast.com\/product\/yoast-seo-wordpress\/ -->\n<title>Liberar espacio de mi cuenta - MUNORD<\/title>\n<meta name=\"robots\" content=\"noindex, follow, max-snippet:-1, max-image-preview:large, max-video-preview:-1\" \/>\n<meta property=\"og:locale\" content=\"es_ES\" \/>\n<meta property=\"og:type\" content=\"article\" \/>\n<meta property=\"og:title\" content=\"Liberar espacio de mi cuenta - MUNORD\" \/>\n<meta property=\"og:description\" content=\"Liberar espacio de mi cuenta \u00bfC\u00f3mo liberar espacio en mi cuenta? \u00a0\u00a0\u00a01. ARCHIVOS\u00a0 \u00a0!IMPORTANTE! Previamente hacer copia de seguridad en su ordenador. Analizar las p\u00e1ginas web y los archivos que tiene alojados en su cuenta y eliminar los que no necesite. En muchas ocasiones hay archivos duplicados, archivos grandes de copias de seguridad anteriores o [&hellip;]\" \/>\n<meta property=\"og:url\" content=\"https:\/\/www.munord.com\/clientes\/liberar-espacio-de-mi-cuenta\/\" \/>\n<meta property=\"og:site_name\" content=\"MUNORD\" \/>\n<meta property=\"article:modified_time\" content=\"2024-07-02T09:25:49+00:00\" \/>\n<meta property=\"og:image\" content=\"https:\/\/www.munord.com\/clientes\/wp-content\/uploads\/2022\/04\/papelera.png\" \/>\n<meta name=\"twitter:card\" content=\"summary_large_image\" \/>\n<meta name=\"twitter:label1\" content=\"Tiempo de lectura\" \/>\n\t<meta name=\"twitter:data1\" content=\"3 minutos\" \/>\n<script type=\"application\/ld+json\" class=\"yoast-schema-graph\">{\"@context\":\"https:\\\/\\\/schema.org\",\"@graph\":[{\"@type\":\"WebPage\",\"@id\":\"https:\\\/\\\/www.munord.com\\\/clientes\\\/liberar-espacio-de-mi-cuenta\\\/\",\"url\":\"https:\\\/\\\/www.munord.com\\\/clientes\\\/liberar-espacio-de-mi-cuenta\\\/\",\"name\":\"Liberar espacio de mi cuenta - MUNORD\",\"isPartOf\":{\"@id\":\"https:\\\/\\\/www.munord.com\\\/clientes\\\/#website\"},\"primaryImageOfPage\":{\"@id\":\"https:\\\/\\\/www.munord.com\\\/clientes\\\/liberar-espacio-de-mi-cuenta\\\/#primaryimage\"},\"image\":{\"@id\":\"https:\\\/\\\/www.munord.com\\\/clientes\\\/liberar-espacio-de-mi-cuenta\\\/#primaryimage\"},\"thumbnailUrl\":\"https:\\\/\\\/www.munord.com\\\/clientes\\\/wp-content\\\/uploads\\\/2022\\\/04\\\/papelera.png\",\"datePublished\":\"2019-07-02T09:24:40+00:00\",\"dateModified\":\"2024-07-02T09:25:49+00:00\",\"breadcrumb\":{\"@id\":\"https:\\\/\\\/www.munord.com\\\/clientes\\\/liberar-espacio-de-mi-cuenta\\\/#breadcrumb\"},\"inLanguage\":\"es\",\"potentialAction\":[{\"@type\":\"ReadAction\",\"target\":[\"https:\\\/\\\/www.munord.com\\\/clientes\\\/liberar-espacio-de-mi-cuenta\\\/\"]}]},{\"@type\":\"ImageObject\",\"inLanguage\":\"es\",\"@id\":\"https:\\\/\\\/www.munord.com\\\/clientes\\\/liberar-espacio-de-mi-cuenta\\\/#primaryimage\",\"url\":\"https:\\\/\\\/www.munord.com\\\/clientes\\\/wp-content\\\/uploads\\\/2022\\\/04\\\/papelera.png\",\"contentUrl\":\"https:\\\/\\\/www.munord.com\\\/clientes\\\/wp-content\\\/uploads\\\/2022\\\/04\\\/papelera.png\",\"width\":98,\"height\":130},{\"@type\":\"BreadcrumbList\",\"@id\":\"https:\\\/\\\/www.munord.com\\\/clientes\\\/liberar-espacio-de-mi-cuenta\\\/#breadcrumb\",\"itemListElement\":[{\"@type\":\"ListItem\",\"position\":1,\"name\":\"Portada\",\"item\":\"https:\\\/\\\/www.munord.com\\\/clientes\\\/\"},{\"@type\":\"ListItem\",\"position\":2,\"name\":\"Liberar espacio de mi cuenta\"}]},{\"@type\":\"WebSite\",\"@id\":\"https:\\\/\\\/www.munord.com\\\/clientes\\\/#website\",\"url\":\"https:\\\/\\\/www.munord.com\\\/clientes\\\/\",\"name\":\"MUNORD\",\"description\":\"Automatizaci\u00f3n al siguiente nivel\",\"publisher\":{\"@id\":\"https:\\\/\\\/www.munord.com\\\/clientes\\\/#organization\"},\"inLanguage\":\"es\"},{\"@type\":\"Organization\",\"@id\":\"https:\\\/\\\/www.munord.com\\\/clientes\\\/#organization\",\"name\":\"MUNORD\",\"url\":\"https:\\\/\\\/www.munord.com\\\/clientes\\\/\",\"logo\":{\"@type\":\"ImageObject\",\"inLanguage\":\"es\",\"@id\":\"https:\\\/\\\/www.munord.com\\\/clientes\\\/#\\\/schema\\\/logo\\\/image\\\/\",\"url\":\"https:\\\/\\\/www.munord.com\\\/clientes\\\/wp-content\\\/uploads\\\/2024\\\/06\\\/cropped-logo_munord.webp\",\"contentUrl\":\"https:\\\/\\\/www.munord.com\\\/clientes\\\/wp-content\\\/uploads\\\/2024\\\/06\\\/cropped-logo_munord.webp\",\"width\":300,\"height\":51,\"caption\":\"MUNORD\"},\"image\":{\"@id\":\"https:\\\/\\\/www.munord.com\\\/clientes\\\/#\\\/schema\\\/logo\\\/image\\\/\"}}]}<\/script>\n<!-- \/ Yoast SEO plugin. -->","yoast_head_json":{"title":"Liberar espacio de mi cuenta - MUNORD","robots":{"index":"noindex","follow":"follow","max-snippet":"max-snippet:-1","max-image-preview":"max-image-preview:large","max-video-preview":"max-video-preview:-1"},"og_locale":"es_ES","og_type":"article","og_title":"Liberar espacio de mi cuenta - MUNORD","og_description":"Liberar espacio de mi cuenta \u00bfC\u00f3mo liberar espacio en mi cuenta? \u00a0\u00a0\u00a01. ARCHIVOS\u00a0 \u00a0!IMPORTANTE! Previamente hacer copia de seguridad en su ordenador. Analizar las p\u00e1ginas web y los archivos que tiene alojados en su cuenta y eliminar los que no necesite. En muchas ocasiones hay archivos duplicados, archivos grandes de copias de seguridad anteriores o [&hellip;]","og_url":"https:\/\/www.munord.com\/clientes\/liberar-espacio-de-mi-cuenta\/","og_site_name":"MUNORD","article_modified_time":"2024-07-02T09:25:49+00:00","og_image":[{"url":"https:\/\/www.munord.com\/clientes\/wp-content\/uploads\/2022\/04\/papelera.png","type":"","width":"","height":""}],"twitter_card":"summary_large_image","twitter_misc":{"Tiempo de lectura":"3 minutos"},"schema":{"@context":"https:\/\/schema.org","@graph":[{"@type":"WebPage","@id":"https:\/\/www.munord.com\/clientes\/liberar-espacio-de-mi-cuenta\/","url":"https:\/\/www.munord.com\/clientes\/liberar-espacio-de-mi-cuenta\/","name":"Liberar espacio de mi cuenta - MUNORD","isPartOf":{"@id":"https:\/\/www.munord.com\/clientes\/#website"},"primaryImageOfPage":{"@id":"https:\/\/www.munord.com\/clientes\/liberar-espacio-de-mi-cuenta\/#primaryimage"},"image":{"@id":"https:\/\/www.munord.com\/clientes\/liberar-espacio-de-mi-cuenta\/#primaryimage"},"thumbnailUrl":"https:\/\/www.munord.com\/clientes\/wp-content\/uploads\/2022\/04\/papelera.png","datePublished":"2019-07-02T09:24:40+00:00","dateModified":"2024-07-02T09:25:49+00:00","breadcrumb":{"@id":"https:\/\/www.munord.com\/clientes\/liberar-espacio-de-mi-cuenta\/#breadcrumb"},"inLanguage":"es","potentialAction":[{"@type":"ReadAction","target":["https:\/\/www.munord.com\/clientes\/liberar-espacio-de-mi-cuenta\/"]}]},{"@type":"ImageObject","inLanguage":"es","@id":"https:\/\/www.munord.com\/clientes\/liberar-espacio-de-mi-cuenta\/#primaryimage","url":"https:\/\/www.munord.com\/clientes\/wp-content\/uploads\/2022\/04\/papelera.png","contentUrl":"https:\/\/www.munord.com\/clientes\/wp-content\/uploads\/2022\/04\/papelera.png","width":98,"height":130},{"@type":"BreadcrumbList","@id":"https:\/\/www.munord.com\/clientes\/liberar-espacio-de-mi-cuenta\/#breadcrumb","itemListElement":[{"@type":"ListItem","position":1,"name":"Portada","item":"https:\/\/www.munord.com\/clientes\/"},{"@type":"ListItem","position":2,"name":"Liberar espacio de mi cuenta"}]},{"@type":"WebSite","@id":"https:\/\/www.munord.com\/clientes\/#website","url":"https:\/\/www.munord.com\/clientes\/","name":"MUNORD","description":"Automatizaci\u00f3n al siguiente nivel","publisher":{"@id":"https:\/\/www.munord.com\/clientes\/#organization"},"inLanguage":"es"},{"@type":"Organization","@id":"https:\/\/www.munord.com\/clientes\/#organization","name":"MUNORD","url":"https:\/\/www.munord.com\/clientes\/","logo":{"@type":"ImageObject","inLanguage":"es","@id":"https:\/\/www.munord.com\/clientes\/#\/schema\/logo\/image\/","url":"https:\/\/www.munord.com\/clientes\/wp-content\/uploads\/2024\/06\/cropped-logo_munord.webp","contentUrl":"https:\/\/www.munord.com\/clientes\/wp-content\/uploads\/2024\/06\/cropped-logo_munord.webp","width":300,"height":51,"caption":"MUNORD"},"image":{"@id":"https:\/\/www.munord.com\/clientes\/#\/schema\/logo\/image\/"}}]}},"_links":{"self":[{"href":"https:\/\/www.munord.com\/clientes\/wp-json\/wp\/v2\/pages\/14475","targetHints":{"allow":["GET"]}}],"collection":[{"href":"https:\/\/www.munord.com\/clientes\/wp-json\/wp\/v2\/pages"}],"about":[{"href":"https:\/\/www.munord.com\/clientes\/wp-json\/wp\/v2\/types\/page"}],"author":[{"embeddable":true,"href":"https:\/\/www.munord.com\/clientes\/wp-json\/wp\/v2\/users\/161"}],"replies":[{"embeddable":true,"href":"https:\/\/www.munord.com\/clientes\/wp-json\/wp\/v2\/comments?post=14475"}],"version-history":[{"count":6,"href":"https:\/\/www.munord.com\/clientes\/wp-json\/wp\/v2\/pages\/14475\/revisions"}],"predecessor-version":[{"id":14482,"href":"https:\/\/www.munord.com\/clientes\/wp-json\/wp\/v2\/pages\/14475\/revisions\/14482"}],"wp:attachment":[{"href":"https:\/\/www.munord.com\/clientes\/wp-json\/wp\/v2\/media?parent=14475"}],"curies":[{"name":"wp","href":"https:\/\/api.w.org\/{rel}","templated":true}]}}