{"id":1507,"date":"2018-05-24T19:54:32","date_gmt":"2018-05-24T17:54:32","guid":{"rendered":"https:\/\/www.munord.com\/clientes\/?page_id=1507"},"modified":"2024-05-13T13:27:28","modified_gmt":"2024-05-13T11:27:28","slug":"politica-de-privacidad","status":"publish","type":"page","link":"https:\/\/www.munord.com\/clientes\/politica-de-privacidad\/","title":{"rendered":"Pol\u00edtica de privacidad"},"content":{"rendered":"\t\t<div data-elementor-type=\"wp-page\" data-elementor-id=\"1507\" class=\"elementor elementor-1507\" data-elementor-post-type=\"page\">\n\t\t\t\t\t\t<section class=\"elementor-section elementor-top-section elementor-element elementor-element-7b946ff5 elementor-section-boxed elementor-section-height-default elementor-section-height-default\" data-id=\"7b946ff5\" data-element_type=\"section\" data-e-type=\"section\">\n\t\t\t\t\t\t<div class=\"elementor-container elementor-column-gap-default\">\n\t\t\t\t\t<div class=\"elementor-column elementor-col-100 elementor-top-column elementor-element elementor-element-70b93a48\" data-id=\"70b93a48\" data-element_type=\"column\" data-e-type=\"column\">\n\t\t\t<div class=\"elementor-widget-wrap elementor-element-populated\">\n\t\t\t\t\t\t<div class=\"elementor-element elementor-element-4464c31f elementor-widget elementor-widget-text-editor\" data-id=\"4464c31f\" data-element_type=\"widget\" data-e-type=\"widget\" data-widget_type=\"text-editor.default\">\n\t\t\t\t<div class=\"elementor-widget-container\">\n\t\t\t\t\t\t\t\t\t<p style=\"background-color: #ffffff; max-width: 100%; text-align: justify;\"><span style=\"font-size: 18pt;\"><strong>Pol\u00edtica de Privacidad<\/strong><\/span><\/p>\n<p style=\"background-color: #ffffff; max-width: 100%; text-align: justify;\"><span style=\"font-size: 18pt;\"><strong><br><\/strong><\/span><\/p>\n<p style=\"background-color: #ffffff; max-width: 100%; text-align: justify;\"><span style=\"font-size: 14pt;\">En cumplimiento del Cap\u00edtulo II de la ley 34\/2002, LSSICE, los informamos que la presente p\u00e1gina web es propiedad de&nbsp;<strong>munord.com<\/strong>, de ahora en adelante&nbsp;<strong>MUNORD<\/strong>,&nbsp; correo: info@munord.com.<\/span><\/p>\n<p style=\"background-color: #ffffff; max-width: 100%; text-align: justify;\"><span style=\"font-size: 14pt;\"><br><\/span><\/p>\n<p><\/p>\n<p style=\"background-color: #ffffff; max-width: 100%; text-align: justify;\"><span style=\"font-size: 14pt;\"><strong>MUNORD<\/strong>, como responsable del presente Sitio web y en conformidad con lo que dispone la normativa vigente en materia de protecci\u00f3n de datos personales, el Reglamento (UE) 2016\/679 de 27 de abril de 2016 (RGPD) relativo a la protecci\u00f3n de las personas f\u00edsicas en cuanto al tratamiento de datos personales y a la libre circulaci\u00f3n de estos datos, la Ley Org\u00e1nica 15\/1999, de 13 de diciembre, de Protecci\u00f3n de Datos de Car\u00e1cter Personal (LOPD) y por la Ley 34\/2002, de 11 de julio, de Servicios de la Sociedad de la Informaci\u00f3n y del Comercio Electr\u00f3nico (LSSICE), tiene implementadas todas las medidas de seguridad, de \u00edndole t\u00e9cnica y organizativas, establecidas en el Real decreto 1720\/2007 de 21 de Diciembre, (que desarrolla la LOPD) para garantizar y proteger la confidencialidad, integridad y disponibilidad de los datos introducidos.&nbsp;<\/span><\/p>\n<p style=\"background-color: #ffffff; max-width: 100%; text-align: justify;\"><span style=\"font-size: 14pt;\">A efectos de lo que prev\u00e9 la LOPD,&nbsp;<strong>MUNORD<\/strong>&nbsp;le informa que los datos que voluntariamente nos est\u00e1 facilitando ser\u00e1n incorporadas a nuestros sistemas de informaci\u00f3n con el fin de realizar las gestiones comerciales y administrativas necesarias con los usuarios de la web; Las operaciones previstas para realizar los tratamientos son los siguientes: responder a las consultas y\/o proporcionar informaciones requeridas por el Usuario; realizar las prestaciones de servicios y\/o productos contratados o subscritos por el Usuario; realizar todas aquellas actividades propias de&nbsp;<strong>MUNORD<\/strong>&nbsp;por el presente aviso legal rese\u00f1adas y remitir el bolet\u00edn de noticias de la p\u00e1gina web.<\/span><\/p>\n<p style=\"background-color: #ffffff; max-width: 100%; text-align: justify;\"><span style=\"font-size: 14pt;\"><br><\/span><\/p>\n<p style=\"background-color: #ffffff; max-width: 100%; text-align: justify;\"><span style=\"font-size: 14pt;\">El firmante garantiza la veracidad de los datos aportados y se compromete a comunicar cualquier cambio que se produzca en los mismos.<\/span><\/p>\n<p style=\"background-color: #ffffff; max-width: 100%; text-align: justify;\"><span style=\"font-size: 14pt;\"><br><\/span><\/p>\n<p style=\"background-color: #ffffff; max-width: 100%; text-align: justify;\"><span style=\"font-size: 14pt;\">El MUNORD, mediante asterisco (*) en las casillas correspondientes del formulario de contacto, le informa de esta obligatoriedad al Usuario, indicando qu\u00e9 datos son necesarios. Mediante la indicaci\u00f3n e introducci\u00f3n de los datos, el Usuario otorga el consentimiento inequ\u00edvoco a&nbsp;<strong>MUNORD<\/strong>&nbsp;para que proceda al tratamiento de los datos facilitados en pro de las finalidades mencionadas.<\/span><\/p>\n<p style=\"background-color: #ffffff; max-width: 100%; text-align: justify;\"><span style=\"font-size: 14pt;\"><br><\/span><\/p>\n<p style=\"background-color: #ffffff; max-width: 100%; text-align: justify;\"><span style=\"font-size: 14pt;\">El no facilitar los datos personales solicitados o el no aceptar la presente pol\u00edtica de protecci\u00f3n de datos supone la imposibilidad de subscribirse, registrarse o recibir informaci\u00f3n de los productos y servicios de MUNORD.<\/span><\/p>\n<p style=\"background-color: #ffffff; max-width: 100%; text-align: justify;\"><span style=\"font-size: 14pt;\"><br><\/span><\/p>\n<p style=\"background-color: #ffffff; max-width: 100%; text-align: justify;\"><span style=\"font-size: 14pt;\">En conformidad con lo que disponen las normativas vigentes en protecci\u00f3n de datos personales, MUNORD est\u00e1 cumpliendo con todas las disposiciones de las normativas RGPD y LOPD para el tratamiento de los datos personales de su responsabilidad, y manifiestamente con los principios descritos al art. 5 del RGPD y al art. 4 de la LOPD, por los cuales son tratados de manera l\u00edcita, leal y transparente en relaci\u00f3n con el interesado y adecuadas, pertinentes y limitados al que es necesario en relaci\u00f3n con los fines para los cuales son tratados.<\/span><\/p>\n<p style=\"background-color: #ffffff; max-width: 100%; text-align: justify;\"><span style=\"font-size: 14pt;\"><br><\/span><\/p>\n<p style=\"background-color: #ffffff; max-width: 100%; text-align: justify;\"><span style=\"font-size: 14pt;\">El RESPONSABLE garantiza que ha implementado pol\u00edticas t\u00e9cnicas y organizativas apropiadas para aplicar las medidas de seguridad que establecen el RGPD y la LOPD para proteger los derechos y libertades de los Usuarios.<\/span><\/p>\n<p style=\"background-color: #ffffff; max-width: 100%; text-align: justify;\"><span style=\"font-size: 14pt;\">De acuerdo con estas normativas, pues, le informamos que tiene derecho a solicitar el acceso, rectificaci\u00f3n, portabilidad y supresi\u00f3n de sus datos y la limitaci\u00f3n y oposici\u00f3n a su tratamiento dirigi\u00e9ndose al correo electr\u00f3nico a info@munord.com, indicando como Asunto: \u201cLOPD, Derechos ARCO\u201d, y adjuntando fotocopia de su DNI o cualquier medio an\u00e1logo en derecho, tal y como indica la ley. Tiene derecho a retirar el consentimiento prestado en cualquier momento. La retirada del consentimiento no afectar\u00e1 a la licitud del tratamiento efectuado antes de la retirada del consentimiento. Tambi\u00e9n tiene derecho a presentar una reclamaci\u00f3n ante la autoridad de control si considera que pueden haberse visto vulnerados sus derechos en relaci\u00f3n a la protecci\u00f3n de sus datos (agpd.es).<\/span><\/p>\n<p style=\"background-color: #ffffff; max-width: 100%; text-align: justify;\"><span style=\"font-size: 14pt;\"><br><\/span><\/p>\n<p style=\"background-color: #ffffff; max-width: 100%; text-align: justify;\"><span style=\"font-size: 14pt;\"><strong>CONFIDENCIALIDAD Y CESI\u00d3N DE DATOS A TERCEROS<\/strong><\/span><\/p>\n<p style=\"background-color: #ffffff; max-width: 100%; text-align: justify;\"><span style=\"font-size: 14pt;\"><strong><br><\/strong><\/span><\/p>\n<p style=\"background-color: #ffffff; max-width: 100%; text-align: justify;\"><span style=\"font-size: 14pt;\">Los datos que nos facilite se tratar\u00e1n de forma confidencial. El MUNORD ha adoptado todas las medidas t\u00e9cnicas y organizativas y todos los niveles de protecci\u00f3n necesarios para garantizar la seguridad en el tratamiento de los datos y evitar su alteraci\u00f3n, p\u00e9rdida, robo, tratamiento o acceso no autorizado, de acuerdo el estado de la tecnolog\u00eda y naturaleza de los datos almacenados. As\u00ed mismo, se garantiza tambi\u00e9n que el tratamiento y registro en ficheros, programas, sistemas o equipos, locales y centros cumplen con los requisitos y condiciones de integridad y seguridad establecidas en la normativa vigente.<\/span><\/p>\n<p style=\"background-color: #ffffff; max-width: 100%; text-align: justify;\"><span style=\"font-size: 14pt;\"><br><\/span><\/p>\n<p style=\"background-color: #ffffff; max-width: 100%; text-align: justify;\"><span style=\"font-size: 14pt;\"><strong>MUNORD<\/strong> no ceder\u00e1 los datos personales a terceros, excepto por obligaci\u00f3n legal. Sin embargo, en el caso de ser cedidos a alg\u00fan tercero se producir\u00eda una informaci\u00f3n previa solicitando el consentimiento expreso para tal cesi\u00f3n. La entidad responsable de la base de datos, as\u00ed como los que intervengan en cualquier fase del tratamiento y\/o las entidades a quienes se los haya comunicado -en todo caso siempre con la correspondiente autorizaci\u00f3n otorgada por el usuario-, est\u00e1n obligadas a observar el secreto profesional y a la adopci\u00f3n de los niveles de protecci\u00f3n y las medidas t\u00e9cnicas y organizativas necesarias a su alcance para garantizar la seguridad de los datos de car\u00e1cter personal, evitando, dentro de lo posible, accesos no autorizados, modificaciones il\u00edcitas, substracciones y\/o la p\u00e9rdida de los datos, con objeto de procurar el correspondiente nivel de seguridad de los ficheros del MUNORD, seg\u00fan la naturaleza y sensibilidad de los datos facilitados por los usuarios del presente Sitio web.<\/span><\/p>\n<p style=\"background-color: #ffffff; max-width: 100%; text-align: justify;\"><span style=\"font-size: 14pt;\"><br><\/span><\/p>\n<p style=\"background-color: #ffffff; max-width: 100%; text-align: justify;\"><span style=\"font-size: 14pt;\"><strong>ACEPTACI\u00d3N Y CONSENTIMIENTO&nbsp;<\/strong><\/span><\/p>\n<p style=\"background-color: #ffffff; max-width: 100%; text-align: justify;\"><span style=\"font-size: 14pt;\"><strong><br><\/strong><\/span><\/p>\n<p style=\"background-color: #ffffff; max-width: 100%; text-align: justify;\"><span style=\"font-size: 14pt;\">El Usuario declara haber sido informado de las condiciones sobre protecci\u00f3n de datos de car\u00e1cter personal, aceptando y consintiendo el tratamiento automatizado de los mismos por parte de&nbsp;<strong>MUNORD<\/strong>&nbsp;en la forma y para las finalidades indicadas en la presente Pol\u00edtica de Protecci\u00f3n de Datos Personales.<\/span><\/p>\n<p style=\"background-color: #ffffff; max-width: 100%; text-align: justify;\"><span style=\"font-size: 14pt;\"><br><\/span><\/p>\n<p style=\"background-color: #ffffff; max-width: 100%; text-align: justify;\"><span style=\"font-size: 14pt;\">A trav\u00e9s de esta Pol\u00edtica de Privacidad le informamos que las fotograf\u00edas que est\u00e9n colgadas en la web son propiedad de&nbsp;<strong>MUNORD<\/strong>, incluyendo las de los menores, en las que, para la obtenci\u00f3n de estas, se ha obtenido el consentimiento previo de los padres, tutores o representantes legales mediante la firma de los formularios realizados al efecto por los centros en los cuales los menores forman parte. Sin embargo, los padres, tutores o representantes de los menores, como titulares del ejercicio de los derechos de estos, y siempre previo requerimiento formal por escrito, pueden indicar la negativa al uso de la imagen del menor; en este caso, la imagen se mostrar\u00e1 pixelada.<\/span><\/p>\n<p style=\"background-color: #ffffff; max-width: 100%; text-align: justify;\"><span style=\"font-size: 14pt;\"><br><\/span><\/p>\n<p style=\"background-color: #ffffff; max-width: 100%; text-align: justify;\"><span style=\"font-size: 14pt;\"><strong>EXACTITUD Y VERACIDAD DE LOS DATOS<\/strong><\/span><\/p>\n<p style=\"background-color: #ffffff; max-width: 100%; text-align: justify;\"><span style=\"font-size: 14pt;\"><strong><br><\/strong><\/span><\/p>\n<p style=\"background-color: #ffffff; max-width: 100%; text-align: justify;\"><span style=\"font-size: 14pt;\">El usuario es el \u00fanico responsable de la veracidad y correcci\u00f3n de los datos que remita a&nbsp;<strong>MUNORD<\/strong>, exonerando al MUNORD de cualquier responsabilidad al respeto. Los usuarios garantizan y responden, en cualquier caso, de la exactitud, vigencia y autenticidad de los datos personales facilitados, y se comprometen a mantenerlos debidamente actualizados. El usuario acepta proporcionar informaci\u00f3n completa y correcta en el formulario de registro o suscripci\u00f3n.<\/span><\/p>\n<p style=\"background-color: #ffffff; max-width: 100%; text-align: justify;\"><span style=\"font-size: 14pt;\"><br><\/span><\/p>\n<p style=\"background-color: #ffffff; max-width: 100%; text-align: justify;\"><span style=\"font-size: 14pt;\"><strong>CONTENIDO DE LA WEB I ENLACES (LINKS)<\/strong><\/span><\/p>\n<p style=\"background-color: #ffffff; max-width: 100%; text-align: justify;\"><span style=\"font-size: 14pt;\"><strong><br><\/strong><\/span><\/p>\n<p style=\"background-color: #ffffff; max-width: 100%; text-align: justify;\"><span style=\"font-size: 14pt;\"><strong>MUNORD<\/strong> se reserva el derecho a actualizar, modificar o eliminar la informaci\u00f3n contenida en la web, pudiendo, incluso, limitar o no permitir el acceso a la informaci\u00f3n.<\/span><\/p>\n<p style=\"background-color: #ffffff; max-width: 100%; text-align: justify;\"><span style=\"font-size: 14pt;\"><strong>MUNORD<\/strong>&nbsp;no asume ning\u00fan tipo de responsabilidad por la informaci\u00f3n contenida en las Webs de terceros a las que se pueda acceder por los \u201clinks\u201d o enlaces desde cualquier p\u00e1gina Web propiedad del MUNORD.<\/span><\/p>\n<p style=\"background-color: #ffffff; max-width: 100%; text-align: justify;\"><span style=\"font-size: 14pt;\">La presencia de \u201clinks\u201d o enlaces s\u00f3lo tienen finalidad informativa y en ning\u00fan caso supone ninguna sugerencia, invitaci\u00f3n o reconocimiento sobre los mismos.<\/span><\/p>\n<p style=\"background-color: #ffffff; max-width: 100%; text-align: justify;\"><span style=\"font-size: 14pt;\"><br><\/span><\/p>\n<p style=\"background-color: #ffffff; max-width: 100%; text-align: justify;\"><span style=\"font-size: 14pt;\"><strong>UBICACI\u00d3N DE LOS DATOS<\/strong><\/span><\/p>\n<p style=\"background-color: #ffffff; max-width: 100%; text-align: justify;\"><span style=\"font-size: 14pt;\"><strong><br><\/strong><\/span><\/p>\n<p style=\"background-color: #ffffff; max-width: 100%; text-align: justify;\"><span style=\"font-size: 14pt;\">Los datos se almacenan en la Uni\u00f3n Europea, en el proveedor de servicio RaiolaNewtworks S,L, Siteground S.L y Google (Gmail y&nbsp; Drive)<\/span><\/p>\n<p style=\"background-color: #ffffff; max-width: 100%; text-align: justify;\"><span style=\"font-size: 14pt;\"><br><\/span><\/p>\n<p style=\"background-color: #ffffff; max-width: 100%; text-align: justify;\"><span style=\"font-size: 14pt;\"><strong>CAMBIOS EN LA PRESENTE POL\u00cdTICA DE PRIVACI<\/strong><\/span><strong style=\"font-size: 14pt; font-family: var( --e-global-typography-text-font-family ), Sans-serif;\">DAD<\/strong><\/p>\n<p style=\"background-color: #ffffff; max-width: 100%; text-align: justify;\"><strong style=\"font-size: 14pt; font-family: var( --e-global-typography-text-font-family ), Sans-serif;\"><br><\/strong><\/p>\n<p style=\"background-color: #ffffff; max-width: 100%; text-align: justify;\"><span style=\"font-size: 14pt;\"><strong>MUNORD<\/strong>&nbsp;se reserva el derecho a modificar la presente pol\u00edtica para adaptarla a novedades legislativas o jurisprudenciales.<\/span><\/p>\n<p style=\"background-color: #ffffff; max-width: 100%; text-align: justify;\"><span style=\"font-size: 14pt;\"><br><\/span><\/p>\n<p style=\"background-color: #ffffff; max-width: 100%; text-align: justify;\"><span style=\"font-size: 14pt;\"><strong>CORREOS COMERCIALES<\/strong><\/span><\/p>\n<p style=\"background-color: #ffffff; max-width: 100%; text-align: justify;\"><span style=\"font-size: 14pt;\"><strong><br><\/strong><\/span><\/p>\n<p style=\"background-color: #ffffff; max-width: 100%; text-align: justify;\"><span style=\"font-size: 14pt;\">De acuerdo con la LSSICE,&nbsp;<strong>MUNORD<\/strong>&nbsp;no realiza pr\u00e1cticas de&nbsp; SPAM, por lo tanto, no env\u00eda correos comerciales por e-mail que no hayan sido previamente solicitados o autorizados por el Usuario. En consecuencia, en cada uno de los formularios de la P\u00e1gina Web, el Usuario tiene la posibilidad de dar su consentimiento expreso para recibir nuestro Bolet\u00edn, con independencia de la informaci\u00f3n comercial puntualmente solicitada.<\/span><\/p>\n<p style=\"background-color: #ffffff; max-width: 100%; text-align: justify;\"><span style=\"font-size: 14pt;\"><br><\/span><\/p>\n<p style=\"background-color: #ffffff; max-width: 100%; text-align: justify;\"><span style=\"font-size: 14pt;\"><strong>LEGISLACI\u00d3N<\/strong><\/span><\/p>\n<p style=\"background-color: #ffffff; max-width: 100%; text-align: justify;\"><span style=\"font-size: 14pt;\"><strong><br><\/strong><\/span><\/p>\n<p style=\"background-color: #ffffff; max-width: 100%; text-align: justify;\"><span style=\"font-size: 14pt;\">A todos los efectos las relaciones entre&nbsp;<strong>MUNORD<\/strong>&nbsp;con los Usuarios de sus servicios telem\u00e1ticos, presentes en esta Web, est\u00e1n sometidos a la legislaci\u00f3n y jurisdicci\u00f3n espa\u00f1ola a la que se someten expresamente las partes, siendo competentes por la resoluci\u00f3n de todos los conflictos derivados o relacionados con su uso los Juzgados y Tribunales de Sitges.<\/span><\/p>\n<p style=\"background-color: #ffffff; max-width: 100%; text-align: justify;\"><span style=\"font-size: 14pt;\">&nbsp;<\/span><\/p>\n<p style=\"background-color: #ffffff; max-width: 100%; text-align: justify;\"><span style=\"font-size: 14pt;\">&nbsp;<\/span><\/p>\n<p style=\"background-color: #ffffff; max-width: 100%; text-align: justify;\"><span style=\"font-size: 14pt;\">&nbsp;<\/span><\/p>\n<p style=\"background-color: #ffffff; max-width: 100%; text-align: justify;\"><span style=\"font-size: 14pt;\">&nbsp;<\/span><\/p>\t\t\t\t\t\t\t\t<\/div>\n\t\t\t\t<\/div>\n\t\t\t\t\t<\/div>\n\t\t<\/div>\n\t\t\t\t\t<\/div>\n\t\t<\/section>\n\t\t\t\t<\/div>\n\t\t","protected":false},"excerpt":{"rendered":"<p>Pol\u00edtica de Privacidad En cumplimiento del Cap\u00edtulo II de la ley 34\/2002, LSSICE, los informamos que la presente p\u00e1gina web es propiedad de&nbsp;munord.com, de ahora en adelante&nbsp;MUNORD,&nbsp; correo: info@munord.com. MUNORD, como responsable del presente Sitio web y en conformidad con lo que dispone la normativa vigente en materia de protecci\u00f3n de datos personales, el Reglamento [&hellip;]<\/p>\n","protected":false},"author":49,"featured_media":0,"parent":0,"menu_order":0,"comment_status":"closed","ping_status":"closed","template":"","meta":{"footnotes":""},"class_list":["post-1507","page","type-page","status-publish","hentry"],"yoast_head":"<!-- This site is optimized with the Yoast SEO plugin v27.4 - https:\/\/yoast.com\/product\/yoast-seo-wordpress\/ -->\n<title>Pol\u00edtica de privacidad - MUNORD<\/title>\n<meta name=\"robots\" content=\"noindex, nofollow\" \/>\n<meta property=\"og:locale\" content=\"es_ES\" \/>\n<meta property=\"og:type\" content=\"article\" \/>\n<meta property=\"og:title\" content=\"Pol\u00edtica de privacidad - MUNORD\" \/>\n<meta property=\"og:description\" content=\"Pol\u00edtica de Privacidad En cumplimiento del Cap\u00edtulo II de la ley 34\/2002, LSSICE, los informamos que la presente p\u00e1gina web es propiedad de&nbsp;munord.com, de ahora en adelante&nbsp;MUNORD,&nbsp; correo: info@munord.com. MUNORD, como responsable del presente Sitio web y en conformidad con lo que dispone la normativa vigente en materia de protecci\u00f3n de datos personales, el Reglamento [&hellip;]\" \/>\n<meta property=\"og:url\" content=\"https:\/\/www.munord.com\/clientes\/politica-de-privacidad\/\" \/>\n<meta property=\"og:site_name\" content=\"MUNORD\" \/>\n<meta property=\"article:modified_time\" content=\"2024-05-13T11:27:28+00:00\" \/>\n<meta name=\"twitter:card\" content=\"summary_large_image\" \/>\n<meta name=\"twitter:label1\" content=\"Tiempo de lectura\" \/>\n\t<meta name=\"twitter:data1\" content=\"7 minutos\" \/>\n<script type=\"application\/ld+json\" class=\"yoast-schema-graph\">{\"@context\":\"https:\\\/\\\/schema.org\",\"@graph\":[{\"@type\":\"WebPage\",\"@id\":\"https:\\\/\\\/www.munord.com\\\/clientes\\\/politica-de-privacidad\\\/\",\"url\":\"https:\\\/\\\/www.munord.com\\\/clientes\\\/politica-de-privacidad\\\/\",\"name\":\"Pol\u00edtica de privacidad - MUNORD\",\"isPartOf\":{\"@id\":\"https:\\\/\\\/www.munord.com\\\/clientes\\\/#website\"},\"datePublished\":\"2018-05-24T17:54:32+00:00\",\"dateModified\":\"2024-05-13T11:27:28+00:00\",\"breadcrumb\":{\"@id\":\"https:\\\/\\\/www.munord.com\\\/clientes\\\/politica-de-privacidad\\\/#breadcrumb\"},\"inLanguage\":\"es\",\"potentialAction\":[{\"@type\":\"ReadAction\",\"target\":[\"https:\\\/\\\/www.munord.com\\\/clientes\\\/politica-de-privacidad\\\/\"]}]},{\"@type\":\"BreadcrumbList\",\"@id\":\"https:\\\/\\\/www.munord.com\\\/clientes\\\/politica-de-privacidad\\\/#breadcrumb\",\"itemListElement\":[{\"@type\":\"ListItem\",\"position\":1,\"name\":\"Portada\",\"item\":\"https:\\\/\\\/www.munord.com\\\/clientes\\\/\"},{\"@type\":\"ListItem\",\"position\":2,\"name\":\"Pol\u00edtica de privacidad\"}]},{\"@type\":\"WebSite\",\"@id\":\"https:\\\/\\\/www.munord.com\\\/clientes\\\/#website\",\"url\":\"https:\\\/\\\/www.munord.com\\\/clientes\\\/\",\"name\":\"MUNORD\",\"description\":\"Automatizaci\u00f3n al siguiente nivel\",\"publisher\":{\"@id\":\"https:\\\/\\\/www.munord.com\\\/clientes\\\/#organization\"},\"inLanguage\":\"es\"},{\"@type\":\"Organization\",\"@id\":\"https:\\\/\\\/www.munord.com\\\/clientes\\\/#organization\",\"name\":\"MUNORD\",\"url\":\"https:\\\/\\\/www.munord.com\\\/clientes\\\/\",\"logo\":{\"@type\":\"ImageObject\",\"inLanguage\":\"es\",\"@id\":\"https:\\\/\\\/www.munord.com\\\/clientes\\\/#\\\/schema\\\/logo\\\/image\\\/\",\"url\":\"https:\\\/\\\/www.munord.com\\\/clientes\\\/wp-content\\\/uploads\\\/2024\\\/06\\\/cropped-logo_munord.webp\",\"contentUrl\":\"https:\\\/\\\/www.munord.com\\\/clientes\\\/wp-content\\\/uploads\\\/2024\\\/06\\\/cropped-logo_munord.webp\",\"width\":300,\"height\":51,\"caption\":\"MUNORD\"},\"image\":{\"@id\":\"https:\\\/\\\/www.munord.com\\\/clientes\\\/#\\\/schema\\\/logo\\\/image\\\/\"}}]}<\/script>\n<!-- \/ Yoast SEO plugin. -->","yoast_head_json":{"title":"Pol\u00edtica de privacidad - MUNORD","robots":{"index":"noindex","follow":"nofollow"},"og_locale":"es_ES","og_type":"article","og_title":"Pol\u00edtica de privacidad - MUNORD","og_description":"Pol\u00edtica de Privacidad En cumplimiento del Cap\u00edtulo II de la ley 34\/2002, LSSICE, los informamos que la presente p\u00e1gina web es propiedad de&nbsp;munord.com, de ahora en adelante&nbsp;MUNORD,&nbsp; correo: info@munord.com. MUNORD, como responsable del presente Sitio web y en conformidad con lo que dispone la normativa vigente en materia de protecci\u00f3n de datos personales, el Reglamento [&hellip;]","og_url":"https:\/\/www.munord.com\/clientes\/politica-de-privacidad\/","og_site_name":"MUNORD","article_modified_time":"2024-05-13T11:27:28+00:00","twitter_card":"summary_large_image","twitter_misc":{"Tiempo de lectura":"7 minutos"},"schema":{"@context":"https:\/\/schema.org","@graph":[{"@type":"WebPage","@id":"https:\/\/www.munord.com\/clientes\/politica-de-privacidad\/","url":"https:\/\/www.munord.com\/clientes\/politica-de-privacidad\/","name":"Pol\u00edtica de privacidad - MUNORD","isPartOf":{"@id":"https:\/\/www.munord.com\/clientes\/#website"},"datePublished":"2018-05-24T17:54:32+00:00","dateModified":"2024-05-13T11:27:28+00:00","breadcrumb":{"@id":"https:\/\/www.munord.com\/clientes\/politica-de-privacidad\/#breadcrumb"},"inLanguage":"es","potentialAction":[{"@type":"ReadAction","target":["https:\/\/www.munord.com\/clientes\/politica-de-privacidad\/"]}]},{"@type":"BreadcrumbList","@id":"https:\/\/www.munord.com\/clientes\/politica-de-privacidad\/#breadcrumb","itemListElement":[{"@type":"ListItem","position":1,"name":"Portada","item":"https:\/\/www.munord.com\/clientes\/"},{"@type":"ListItem","position":2,"name":"Pol\u00edtica de privacidad"}]},{"@type":"WebSite","@id":"https:\/\/www.munord.com\/clientes\/#website","url":"https:\/\/www.munord.com\/clientes\/","name":"MUNORD","description":"Automatizaci\u00f3n al siguiente nivel","publisher":{"@id":"https:\/\/www.munord.com\/clientes\/#organization"},"inLanguage":"es"},{"@type":"Organization","@id":"https:\/\/www.munord.com\/clientes\/#organization","name":"MUNORD","url":"https:\/\/www.munord.com\/clientes\/","logo":{"@type":"ImageObject","inLanguage":"es","@id":"https:\/\/www.munord.com\/clientes\/#\/schema\/logo\/image\/","url":"https:\/\/www.munord.com\/clientes\/wp-content\/uploads\/2024\/06\/cropped-logo_munord.webp","contentUrl":"https:\/\/www.munord.com\/clientes\/wp-content\/uploads\/2024\/06\/cropped-logo_munord.webp","width":300,"height":51,"caption":"MUNORD"},"image":{"@id":"https:\/\/www.munord.com\/clientes\/#\/schema\/logo\/image\/"}}]}},"_links":{"self":[{"href":"https:\/\/www.munord.com\/clientes\/wp-json\/wp\/v2\/pages\/1507","targetHints":{"allow":["GET"]}}],"collection":[{"href":"https:\/\/www.munord.com\/clientes\/wp-json\/wp\/v2\/pages"}],"about":[{"href":"https:\/\/www.munord.com\/clientes\/wp-json\/wp\/v2\/types\/page"}],"author":[{"embeddable":true,"href":"https:\/\/www.munord.com\/clientes\/wp-json\/wp\/v2\/users\/49"}],"replies":[{"embeddable":true,"href":"https:\/\/www.munord.com\/clientes\/wp-json\/wp\/v2\/comments?post=1507"}],"version-history":[{"count":0,"href":"https:\/\/www.munord.com\/clientes\/wp-json\/wp\/v2\/pages\/1507\/revisions"}],"wp:attachment":[{"href":"https:\/\/www.munord.com\/clientes\/wp-json\/wp\/v2\/media?parent=1507"}],"curies":[{"name":"wp","href":"https:\/\/api.w.org\/{rel}","templated":true}]}}