{"id":2568,"date":"2018-11-13T20:18:46","date_gmt":"2018-11-13T19:18:46","guid":{"rendered":"https:\/\/www.munord.com\/clientes\/?page_id=2568"},"modified":"2024-06-13T08:33:53","modified_gmt":"2024-06-13T06:33:53","slug":"autorizacion-acceso","status":"publish","type":"page","link":"https:\/\/www.munord.com\/clientes\/autorizacion-acceso\/","title":{"rendered":"Autorizaci\u00f3n acceso"},"content":{"rendered":"\t\t<div data-elementor-type=\"wp-page\" data-elementor-id=\"2568\" class=\"elementor elementor-2568\" data-elementor-post-type=\"page\">\n\t\t\t\t<div class=\"elementor-element elementor-element-2ac026a1 e-flex e-con-boxed e-con e-parent\" data-id=\"2ac026a1\" data-element_type=\"container\" data-e-type=\"container\">\n\t\t\t\t\t<div class=\"e-con-inner\">\n\t\t\t\t<div class=\"elementor-element elementor-element-41f75da2 elementor-widget elementor-widget-shortcode\" data-id=\"41f75da2\" data-element_type=\"widget\" data-e-type=\"widget\" data-widget_type=\"shortcode.default\">\n\t\t\t\t<div class=\"elementor-widget-container\">\n\t\t\t\t\t\t\t<div class=\"elementor-shortcode\">\n<div class=\"wpcf7 no-js\" id=\"wpcf7-f2566-o1\" lang=\"es-ES\" dir=\"ltr\" data-wpcf7-id=\"2566\">\n<div class=\"screen-reader-response\"><p role=\"status\" aria-live=\"polite\" aria-atomic=\"true\"><\/p> <ul><\/ul><\/div>\n<form action=\"\/clientes\/wp-json\/wp\/v2\/pages\/2568#wpcf7-f2566-o1\" method=\"post\" class=\"wpcf7-form init\" aria-label=\"Formulario de contacto\" novalidate=\"novalidate\" data-status=\"init\">\n<fieldset class=\"hidden-fields-container\"><input type=\"hidden\" name=\"_wpcf7\" value=\"2566\" \/><input type=\"hidden\" name=\"_wpcf7_version\" value=\"6.1.5\" \/><input type=\"hidden\" name=\"_wpcf7_locale\" value=\"es_ES\" \/><input type=\"hidden\" name=\"_wpcf7_unit_tag\" value=\"wpcf7-f2566-o1\" \/><input type=\"hidden\" name=\"_wpcf7_container_post\" value=\"0\" \/><input type=\"hidden\" name=\"_wpcf7_posted_data_hash\" value=\"\" \/><input type=\"hidden\" name=\"_wpcf7_recaptcha_response\" value=\"\" \/>\n<\/fieldset>\n<p><b style=\"    font-size: 1.6em;\"> Autorizaci\u00f3n y cl\u00e1usula recogida de datos<\/b>\n<\/p>\n<p>En cumplimiento de lo que dispone la normativa vigente en materia de protecci\u00f3n de datos personales, el Reglamento (UE) 2016\/679 de 27 de abril de 2016 (RGPD), la Ley Org\u00e1nica 15\/1999 de 13 de diciembre (LOPD) y el Real Decreto 1720\/2007 de desarrollo de la LOPD, le informamos que los datos personales aportados en este formulario ser\u00e1n tratados por MUNORD, con la finalidad de:\n<\/p>\n<p><span class=\"wpcf7-form-control-wrap\" data-name=\"Trabajo_solicitado\"><textarea cols=\"40\" rows=\"10\" maxlength=\"2000\" class=\"wpcf7-form-control wpcf7-textarea wpcf7-validates-as-required\" aria-required=\"true\" aria-invalid=\"false\" placeholder=\"Detalles de tu solicitud\" name=\"Trabajo_solicitado\"><\/textarea><\/span>*\n<\/p>\n<p><b style=\"    font-size: 1.3em;\">Datos de acceso:<\/b>\n<\/p>\n<p>Introduce los datos de acceso que quiere autorizar:<br \/>\n<span class=\"wpcf7-form-control-wrap\" data-name=\"Datos\"><textarea cols=\"40\" rows=\"10\" maxlength=\"2000\" class=\"wpcf7-form-control wpcf7-textarea wpcf7-validates-as-required\" aria-required=\"true\" aria-invalid=\"false\" placeholder=\"URL de acceso; Usuario; Contrase\u00f1ann Si necesita autorizar varios acceso:n Ejemplo: n Autorizar acceso p\u00e1gina web: URL acceso 1; Usuario 1, Contrase\u00f1a 1 n Autorizar acceso servidor: URL acceso 2; Usuario 2, Contrase\u00f1a 2 n Autorizar acceso dominio : URL acceso 3; Usuario 3, Contrase\u00f1a 3 n ...\" name=\"Datos\"><\/textarea><\/span>*\n<\/p>\n<p>Estos datos se conservar\u00e1n mientras dure la finalidad para la que se han obtenido y siempre que no ejerza ning\u00fan derecho de los que lo amparan. No se comunicar\u00e1n a terceros, excepto por obligaci\u00f3n legal, ni tampoco se realizar\u00e1 ninguna transferencia internacional de datos sin su consentimiento previo. Una vez sus datos ya no sean necesarios, se suprimir\u00e1n con las medidas de seguridad adecuadas.<br \/>\nAs\u00ed mismo, le informamos que tiene derecho a solicitar el acceso, rectificaci\u00f3n, portabilidad y supresi\u00f3n de sus datos y la limitaci\u00f3n y oposici\u00f3n a su tratamiento dirigi\u00e9ndose a MUNORD enviando un correo electr\u00f3nico a info@munord.com, junto con una fotocopia de su DNI o documento an\u00e1logo en derecho, indicando el tipo de derecho que quiere ejercer. Tiene igualmente derecho a retirar el consentimiento prestado en cualquier momento. La retirada del consentimiento no afectar\u00e1 a la licitud del tratamiento efectuado antes de la retirada del mismo. Tambi\u00e9n tiene derecho a presentar una reclamaci\u00f3n, si considera que el tratamiento de datos personales no se ajusta a la normativa vigente, ante la Autoridad de control (https:\/\/www.aepd.es).\n<\/p>\n<p>Nombre *: <span class=\"wpcf7-form-control-wrap\" data-name=\"Nombre\"><input size=\"40\" maxlength=\"400\" class=\"wpcf7-form-control wpcf7-text wpcf7-validates-as-required\" aria-required=\"true\" aria-invalid=\"false\" placeholder=\"Nombre\" value=\"\" type=\"text\" name=\"Nombre\" \/><\/span><br \/>\nEmpresa *: <span class=\"wpcf7-form-control-wrap\" data-name=\"Empresa\"><input size=\"40\" maxlength=\"400\" class=\"wpcf7-form-control wpcf7-text wpcf7-validates-as-required\" aria-required=\"true\" aria-invalid=\"false\" placeholder=\"Empresa\" value=\"\" type=\"text\" name=\"Empresa\" \/><\/span><br \/>\nCIF\/DNI *: <span class=\"wpcf7-form-control-wrap\" data-name=\"cif_dni\"><input size=\"40\" maxlength=\"400\" class=\"wpcf7-form-control wpcf7-text wpcf7-validates-as-required\" aria-required=\"true\" aria-invalid=\"false\" placeholder=\"CIF\/DNI\" value=\"\" type=\"text\" name=\"cif_dni\" \/><\/span><br \/>\nCorreo de contacto *: <span class=\"wpcf7-form-control-wrap\" data-name=\"email-71\"><input size=\"40\" maxlength=\"400\" class=\"wpcf7-form-control wpcf7-email wpcf7-validates-as-required wpcf7-text wpcf7-validates-as-email\" aria-required=\"true\" aria-invalid=\"false\" placeholder=\"Correo electr\u00f3nico\" value=\"\" type=\"email\" name=\"email-71\" \/><\/span>\n<\/p>\n<p>* Campos requeridos.\n<\/p>\n<p><span class=\"wpcf7-form-control-wrap\" data-name=\"Acepto_los_terminos\"><span class=\"wpcf7-form-control wpcf7-acceptance\"><span class=\"wpcf7-list-item\"><label><input type=\"checkbox\" name=\"Acepto_los_terminos\" value=\"1\" aria-invalid=\"false\" \/><span class=\"wpcf7-list-item-label\">Otorgo mi consentimiento para el tratamiento mencionado, he le\u00eddo y acepto la <a href=\"https:\/\/www.munord.com\/clientes\/politica-de-privacidad\/\">pol\u00edtica de privacidad<\/a>, las <a href=\"https:\/\/www.munord.com\/clientes\/condiciones-generales\/\">condiciones generales<\/a>, <a href=\"\/\/www.munord.com\/clientes\/contratacion\/\">proceso de contrataci\u00f3n<\/a> y <a href=\"https:\/\/www.munord.com\/clientes\/tiempos\">tiempos de entrega<\/a> de MUNORD.<\/span><\/label><\/span><\/span><\/span>\n<\/p>\n<p><input class=\"wpcf7-form-control wpcf7-submit has-spinner\" type=\"submit\" value=\"Autorizar\" \/>\n<\/p><div class=\"wpcf7-response-output\" aria-hidden=\"true\"><\/div>\n<\/form>\n<\/div>\n<\/div>\n\t\t\t\t\t\t<\/div>\n\t\t\t\t<\/div>\n\t\t\t\t\t<\/div>\n\t\t\t\t<\/div>\n\t\t\t\t<\/div>\n\t\t","protected":false},"excerpt":{"rendered":"","protected":false},"author":49,"featured_media":0,"parent":0,"menu_order":0,"comment_status":"closed","ping_status":"closed","template":"","meta":{"footnotes":""},"class_list":["post-2568","page","type-page","status-publish","hentry"],"yoast_head":"<!-- This site is optimized with the Yoast SEO plugin v27.6 - https:\/\/yoast.com\/product\/yoast-seo-wordpress\/ -->\n<title>Autorizaci\u00f3n acceso - MUNORD<\/title>\n<meta name=\"robots\" content=\"noindex, nofollow\" \/>\n<meta property=\"og:locale\" content=\"es_ES\" \/>\n<meta property=\"og:type\" content=\"article\" \/>\n<meta property=\"og:title\" content=\"Autorizaci\u00f3n acceso - MUNORD\" \/>\n<meta property=\"og:url\" content=\"https:\/\/www.munord.com\/clientes\/autorizacion-acceso\/\" \/>\n<meta property=\"og:site_name\" content=\"MUNORD\" \/>\n<meta property=\"article:modified_time\" content=\"2024-06-13T06:33:53+00:00\" \/>\n<meta name=\"twitter:card\" content=\"summary_large_image\" \/>\n<script type=\"application\/ld+json\" class=\"yoast-schema-graph\">{\"@context\":\"https:\\\/\\\/schema.org\",\"@graph\":[{\"@type\":\"WebPage\",\"@id\":\"https:\\\/\\\/www.munord.com\\\/clientes\\\/autorizacion-acceso\\\/\",\"url\":\"https:\\\/\\\/www.munord.com\\\/clientes\\\/autorizacion-acceso\\\/\",\"name\":\"Autorizaci\u00f3n acceso - MUNORD\",\"isPartOf\":{\"@id\":\"https:\\\/\\\/www.munord.com\\\/clientes\\\/#website\"},\"datePublished\":\"2018-11-13T19:18:46+00:00\",\"dateModified\":\"2024-06-13T06:33:53+00:00\",\"breadcrumb\":{\"@id\":\"https:\\\/\\\/www.munord.com\\\/clientes\\\/autorizacion-acceso\\\/#breadcrumb\"},\"inLanguage\":\"es\",\"potentialAction\":[{\"@type\":\"ReadAction\",\"target\":[\"https:\\\/\\\/www.munord.com\\\/clientes\\\/autorizacion-acceso\\\/\"]}]},{\"@type\":\"BreadcrumbList\",\"@id\":\"https:\\\/\\\/www.munord.com\\\/clientes\\\/autorizacion-acceso\\\/#breadcrumb\",\"itemListElement\":[{\"@type\":\"ListItem\",\"position\":1,\"name\":\"Portada\",\"item\":\"https:\\\/\\\/www.munord.com\\\/clientes\\\/\"},{\"@type\":\"ListItem\",\"position\":2,\"name\":\"Autorizaci\u00f3n acceso\"}]},{\"@type\":\"WebSite\",\"@id\":\"https:\\\/\\\/www.munord.com\\\/clientes\\\/#website\",\"url\":\"https:\\\/\\\/www.munord.com\\\/clientes\\\/\",\"name\":\"MUNORD\",\"description\":\"Automatizaci\u00f3n al siguiente nivel\",\"publisher\":{\"@id\":\"https:\\\/\\\/www.munord.com\\\/clientes\\\/#organization\"},\"inLanguage\":\"es\"},{\"@type\":\"Organization\",\"@id\":\"https:\\\/\\\/www.munord.com\\\/clientes\\\/#organization\",\"name\":\"MUNORD\",\"url\":\"https:\\\/\\\/www.munord.com\\\/clientes\\\/\",\"logo\":{\"@type\":\"ImageObject\",\"inLanguage\":\"es\",\"@id\":\"https:\\\/\\\/www.munord.com\\\/clientes\\\/#\\\/schema\\\/logo\\\/image\\\/\",\"url\":\"https:\\\/\\\/www.munord.com\\\/clientes\\\/wp-content\\\/uploads\\\/2024\\\/06\\\/cropped-logo_munord.webp\",\"contentUrl\":\"https:\\\/\\\/www.munord.com\\\/clientes\\\/wp-content\\\/uploads\\\/2024\\\/06\\\/cropped-logo_munord.webp\",\"width\":300,\"height\":51,\"caption\":\"MUNORD\"},\"image\":{\"@id\":\"https:\\\/\\\/www.munord.com\\\/clientes\\\/#\\\/schema\\\/logo\\\/image\\\/\"}}]}<\/script>\n<!-- \/ Yoast SEO plugin. -->","yoast_head_json":{"title":"Autorizaci\u00f3n acceso - MUNORD","robots":{"index":"noindex","follow":"nofollow"},"og_locale":"es_ES","og_type":"article","og_title":"Autorizaci\u00f3n acceso - MUNORD","og_url":"https:\/\/www.munord.com\/clientes\/autorizacion-acceso\/","og_site_name":"MUNORD","article_modified_time":"2024-06-13T06:33:53+00:00","twitter_card":"summary_large_image","schema":{"@context":"https:\/\/schema.org","@graph":[{"@type":"WebPage","@id":"https:\/\/www.munord.com\/clientes\/autorizacion-acceso\/","url":"https:\/\/www.munord.com\/clientes\/autorizacion-acceso\/","name":"Autorizaci\u00f3n acceso - MUNORD","isPartOf":{"@id":"https:\/\/www.munord.com\/clientes\/#website"},"datePublished":"2018-11-13T19:18:46+00:00","dateModified":"2024-06-13T06:33:53+00:00","breadcrumb":{"@id":"https:\/\/www.munord.com\/clientes\/autorizacion-acceso\/#breadcrumb"},"inLanguage":"es","potentialAction":[{"@type":"ReadAction","target":["https:\/\/www.munord.com\/clientes\/autorizacion-acceso\/"]}]},{"@type":"BreadcrumbList","@id":"https:\/\/www.munord.com\/clientes\/autorizacion-acceso\/#breadcrumb","itemListElement":[{"@type":"ListItem","position":1,"name":"Portada","item":"https:\/\/www.munord.com\/clientes\/"},{"@type":"ListItem","position":2,"name":"Autorizaci\u00f3n acceso"}]},{"@type":"WebSite","@id":"https:\/\/www.munord.com\/clientes\/#website","url":"https:\/\/www.munord.com\/clientes\/","name":"MUNORD","description":"Automatizaci\u00f3n al siguiente nivel","publisher":{"@id":"https:\/\/www.munord.com\/clientes\/#organization"},"inLanguage":"es"},{"@type":"Organization","@id":"https:\/\/www.munord.com\/clientes\/#organization","name":"MUNORD","url":"https:\/\/www.munord.com\/clientes\/","logo":{"@type":"ImageObject","inLanguage":"es","@id":"https:\/\/www.munord.com\/clientes\/#\/schema\/logo\/image\/","url":"https:\/\/www.munord.com\/clientes\/wp-content\/uploads\/2024\/06\/cropped-logo_munord.webp","contentUrl":"https:\/\/www.munord.com\/clientes\/wp-content\/uploads\/2024\/06\/cropped-logo_munord.webp","width":300,"height":51,"caption":"MUNORD"},"image":{"@id":"https:\/\/www.munord.com\/clientes\/#\/schema\/logo\/image\/"}}]}},"_links":{"self":[{"href":"https:\/\/www.munord.com\/clientes\/wp-json\/wp\/v2\/pages\/2568","targetHints":{"allow":["GET"]}}],"collection":[{"href":"https:\/\/www.munord.com\/clientes\/wp-json\/wp\/v2\/pages"}],"about":[{"href":"https:\/\/www.munord.com\/clientes\/wp-json\/wp\/v2\/types\/page"}],"author":[{"embeddable":true,"href":"https:\/\/www.munord.com\/clientes\/wp-json\/wp\/v2\/users\/49"}],"replies":[{"embeddable":true,"href":"https:\/\/www.munord.com\/clientes\/wp-json\/wp\/v2\/comments?post=2568"}],"version-history":[{"count":0,"href":"https:\/\/www.munord.com\/clientes\/wp-json\/wp\/v2\/pages\/2568\/revisions"}],"wp:attachment":[{"href":"https:\/\/www.munord.com\/clientes\/wp-json\/wp\/v2\/media?parent=2568"}],"curies":[{"name":"wp","href":"https:\/\/api.w.org\/{rel}","templated":true}]}}