{"id":5625,"date":"2020-09-06T10:01:47","date_gmt":"2020-09-06T08:01:47","guid":{"rendered":"https:\/\/www.munord.com\/clientes\/?page_id=5625"},"modified":"2024-06-12T16:21:41","modified_gmt":"2024-06-12T14:21:41","slug":"ayuda-ver-facturas","status":"publish","type":"page","link":"https:\/\/www.munord.com\/clientes\/ayuda-ver-facturas\/","title":{"rendered":"Ayuda ver facturas"},"content":{"rendered":"\t\t<div data-elementor-type=\"wp-page\" data-elementor-id=\"5625\" class=\"elementor elementor-5625\" data-elementor-post-type=\"page\">\n\t\t\t\t\t\t<section class=\"elementor-section elementor-top-section elementor-element elementor-element-548ba1e elementor-section-boxed elementor-section-height-default elementor-section-height-default\" data-id=\"548ba1e\" data-element_type=\"section\" data-e-type=\"section\">\n\t\t\t\t\t\t<div class=\"elementor-container elementor-column-gap-default\">\n\t\t\t\t\t<div class=\"elementor-column elementor-col-100 elementor-top-column elementor-element elementor-element-681bd07\" data-id=\"681bd07\" data-element_type=\"column\" data-e-type=\"column\">\n\t\t\t<div class=\"elementor-widget-wrap elementor-element-populated\">\n\t\t\t\t\t\t<div class=\"elementor-element elementor-element-65abaf2 elementor-widget elementor-widget-spacer\" data-id=\"65abaf2\" data-element_type=\"widget\" data-e-type=\"widget\" data-widget_type=\"spacer.default\">\n\t\t\t\t<div class=\"elementor-widget-container\">\n\t\t\t\t\t\t\t<div class=\"elementor-spacer\">\n\t\t\t<div class=\"elementor-spacer-inner\"><\/div>\n\t\t<\/div>\n\t\t\t\t\t\t<\/div>\n\t\t\t\t<\/div>\n\t\t\t\t<div class=\"elementor-element elementor-element-31578e1 elementor-widget elementor-widget-text-editor\" data-id=\"31578e1\" data-element_type=\"widget\" data-e-type=\"widget\" data-widget_type=\"text-editor.default\">\n\t\t\t\t<div class=\"elementor-widget-container\">\n\t\t\t\t\t\t\t\t\tDescargar facturas\t\t\t\t\t\t\t\t<\/div>\n\t\t\t\t<\/div>\n\t\t\t\t<div class=\"elementor-element elementor-element-7bb48a0 elementor-widget elementor-widget-spacer\" data-id=\"7bb48a0\" data-element_type=\"widget\" data-e-type=\"widget\" data-widget_type=\"spacer.default\">\n\t\t\t\t<div class=\"elementor-widget-container\">\n\t\t\t\t\t\t\t<div class=\"elementor-spacer\">\n\t\t\t<div class=\"elementor-spacer-inner\"><\/div>\n\t\t<\/div>\n\t\t\t\t\t\t<\/div>\n\t\t\t\t<\/div>\n\t\t\t\t<div class=\"elementor-element elementor-element-5760709 elementor-widget elementor-widget-text-editor\" data-id=\"5760709\" data-element_type=\"widget\" data-e-type=\"widget\" data-widget_type=\"text-editor.default\">\n\t\t\t\t<div class=\"elementor-widget-container\">\n\t\t\t\t\t\t\t\t\t<p>Sus facturas de MUNORD las puede encontrar en su cuenta de cliente:<\/p>\t\t\t\t\t\t\t\t<\/div>\n\t\t\t\t<\/div>\n\t\t\t\t<section class=\"elementor-section elementor-inner-section elementor-element elementor-element-d748c78 elementor-section-boxed elementor-section-height-default elementor-section-height-default\" data-id=\"d748c78\" data-element_type=\"section\" data-e-type=\"section\">\n\t\t\t\t\t\t<div class=\"elementor-container elementor-column-gap-default\">\n\t\t\t\t\t<div class=\"elementor-column elementor-col-100 elementor-inner-column elementor-element elementor-element-fcb2b4d\" data-id=\"fcb2b4d\" data-element_type=\"column\" data-e-type=\"column\">\n\t\t\t<div class=\"elementor-widget-wrap elementor-element-populated\">\n\t\t\t\t\t\t<div class=\"elementor-element elementor-element-afc894d elementor-widget elementor-widget-text-editor\" data-id=\"afc894d\" data-element_type=\"widget\" data-e-type=\"widget\" data-widget_type=\"text-editor.default\">\n\t\t\t\t<div class=\"elementor-widget-container\">\n\t\t\t\t\t\t\t\t\t<p>1. Ir a su \u00e1rea de cliente en la parte superior derecha de la p\u00e1gina web de MUNORD: <a href=\"https:\/\/www.munord.com\/clientes\/mi-cuenta\/\">https:\/\/www.munord.com\/clientes\/mi-cuenta<\/a><\/p><p>2. Entrar con el mismo usuario\/correo con el que realiz\u00f3 el pedido.<\/p>\t\t\t\t\t\t\t\t<\/div>\n\t\t\t\t<\/div>\n\t\t\t\t<div class=\"elementor-element elementor-element-a967eaf elementor-widget elementor-widget-text-editor\" data-id=\"a967eaf\" data-element_type=\"widget\" data-e-type=\"widget\" data-widget_type=\"text-editor.default\">\n\t\t\t\t<div class=\"elementor-widget-container\">\n\t\t\t\t\t\t\t\t\t<p>3. Ir al apartado de PEDIDOS de la parte derecha.<\/p>\t\t\t\t\t\t\t\t<\/div>\n\t\t\t\t<\/div>\n\t\t\t\t\t<\/div>\n\t\t<\/div>\n\t\t\t\t\t<\/div>\n\t\t<\/section>\n\t\t\t\t<div class=\"elementor-element elementor-element-2136e90 elementor-widget elementor-widget-image\" data-id=\"2136e90\" data-element_type=\"widget\" data-e-type=\"widget\" data-widget_type=\"image.default\">\n\t\t\t\t<div class=\"elementor-widget-container\">\n\t\t\t\t\t\t\t\t\t\t\t\t\t\t\t<img fetchpriority=\"high\" decoding=\"async\" width=\"1560\" height=\"423\" src=\"https:\/\/www.munord.com\/clientes\/wp-content\/uploads\/2024\/06\/md1.png\" class=\"attachment-full size-full wp-image-12891\" alt=\"\" srcset=\"https:\/\/www.munord.com\/clientes\/wp-content\/uploads\/2024\/06\/md1.png 1560w, https:\/\/www.munord.com\/clientes\/wp-content\/uploads\/2024\/06\/md1-300x81.png 300w, https:\/\/www.munord.com\/clientes\/wp-content\/uploads\/2024\/06\/md1-1024x278.png 1024w, https:\/\/www.munord.com\/clientes\/wp-content\/uploads\/2024\/06\/md1-768x208.png 768w, https:\/\/www.munord.com\/clientes\/wp-content\/uploads\/2024\/06\/md1-1536x416.png 1536w, https:\/\/www.munord.com\/clientes\/wp-content\/uploads\/2024\/06\/md1-600x163.png 600w\" sizes=\"(max-width: 1560px) 100vw, 1560px\" \/>\t\t\t\t\t\t\t\t\t\t\t\t\t\t\t<\/div>\n\t\t\t\t<\/div>\n\t\t\t\t<section class=\"elementor-section elementor-inner-section elementor-element elementor-element-fb395ca elementor-section-boxed elementor-section-height-default elementor-section-height-default\" data-id=\"fb395ca\" data-element_type=\"section\" data-e-type=\"section\">\n\t\t\t\t\t\t<div class=\"elementor-container elementor-column-gap-default\">\n\t\t\t\t\t<div class=\"elementor-column elementor-col-100 elementor-inner-column elementor-element elementor-element-4fc30a8\" data-id=\"4fc30a8\" data-element_type=\"column\" data-e-type=\"column\">\n\t\t\t<div class=\"elementor-widget-wrap elementor-element-populated\">\n\t\t\t\t\t\t<div class=\"elementor-element elementor-element-95ca1f7 elementor-widget elementor-widget-text-editor\" data-id=\"95ca1f7\" data-element_type=\"widget\" data-e-type=\"widget\" data-widget_type=\"text-editor.default\">\n\t\t\t\t<div class=\"elementor-widget-container\">\n\t\t\t\t\t\t\t\t\t<p>4. Descargar la factura que necesite pulsando el bot\u00f3n FACTURA. Tambi\u00e9n puede consultar el pedido pulsando el bot\u00f3n PEDIDO.<\/p>\t\t\t\t\t\t\t\t<\/div>\n\t\t\t\t<\/div>\n\t\t\t\t<div class=\"elementor-element elementor-element-31029fd elementor-widget elementor-widget-image\" data-id=\"31029fd\" data-element_type=\"widget\" data-e-type=\"widget\" data-widget_type=\"image.default\">\n\t\t\t\t<div class=\"elementor-widget-container\">\n\t\t\t\t\t\t\t\t\t\t\t\t\t\t\t<img decoding=\"async\" width=\"1442\" height=\"387\" src=\"https:\/\/www.munord.com\/clientes\/wp-content\/uploads\/2024\/06\/md2.png\" class=\"attachment-full size-full wp-image-12893\" alt=\"\" srcset=\"https:\/\/www.munord.com\/clientes\/wp-content\/uploads\/2024\/06\/md2.png 1442w, https:\/\/www.munord.com\/clientes\/wp-content\/uploads\/2024\/06\/md2-300x81.png 300w, https:\/\/www.munord.com\/clientes\/wp-content\/uploads\/2024\/06\/md2-1024x275.png 1024w, https:\/\/www.munord.com\/clientes\/wp-content\/uploads\/2024\/06\/md2-768x206.png 768w, https:\/\/www.munord.com\/clientes\/wp-content\/uploads\/2024\/06\/md2-600x161.png 600w\" sizes=\"(max-width: 1442px) 100vw, 1442px\" \/>\t\t\t\t\t\t\t\t\t\t\t\t\t\t\t<\/div>\n\t\t\t\t<\/div>\n\t\t\t\t\t<\/div>\n\t\t<\/div>\n\t\t\t\t\t<\/div>\n\t\t<\/section>\n\t\t\t\t<div class=\"elementor-element elementor-element-6b78eb9 elementor-widget elementor-widget-spacer\" data-id=\"6b78eb9\" data-element_type=\"widget\" data-e-type=\"widget\" data-widget_type=\"spacer.default\">\n\t\t\t\t<div class=\"elementor-widget-container\">\n\t\t\t\t\t\t\t<div class=\"elementor-spacer\">\n\t\t\t<div class=\"elementor-spacer-inner\"><\/div>\n\t\t<\/div>\n\t\t\t\t\t\t<\/div>\n\t\t\t\t<\/div>\n\t\t\t\t<div class=\"elementor-element elementor-element-fd29f0f elementor-widget elementor-widget-spacer\" data-id=\"fd29f0f\" data-element_type=\"widget\" data-e-type=\"widget\" data-widget_type=\"spacer.default\">\n\t\t\t\t<div class=\"elementor-widget-container\">\n\t\t\t\t\t\t\t<div class=\"elementor-spacer\">\n\t\t\t<div class=\"elementor-spacer-inner\"><\/div>\n\t\t<\/div>\n\t\t\t\t\t\t<\/div>\n\t\t\t\t<\/div>\n\t\t\t\t<div class=\"elementor-element elementor-element-77dab58 elementor-widget elementor-widget-text-editor\" data-id=\"77dab58\" data-element_type=\"widget\" data-e-type=\"widget\" data-widget_type=\"text-editor.default\">\n\t\t\t\t<div class=\"elementor-widget-container\">\n\t\t\t\t\t\t\t\t\t<p>Para cualquier cuesti\u00f3n no dude en <a href=\"https:\/\/www.munord.com\/clientes\/contactar\/\">contactar<\/a> con nosotros.<\/p>\t\t\t\t\t\t\t\t<\/div>\n\t\t\t\t<\/div>\n\t\t\t\t<div class=\"elementor-element elementor-element-dae00c1 elementor-widget elementor-widget-spacer\" data-id=\"dae00c1\" data-element_type=\"widget\" data-e-type=\"widget\" data-widget_type=\"spacer.default\">\n\t\t\t\t<div class=\"elementor-widget-container\">\n\t\t\t\t\t\t\t<div class=\"elementor-spacer\">\n\t\t\t<div class=\"elementor-spacer-inner\"><\/div>\n\t\t<\/div>\n\t\t\t\t\t\t<\/div>\n\t\t\t\t<\/div>\n\t\t\t\t\t<\/div>\n\t\t<\/div>\n\t\t\t\t\t<\/div>\n\t\t<\/section>\n\t\t\t\t<\/div>\n\t\t","protected":false},"excerpt":{"rendered":"<p>Descargar facturas Sus facturas de MUNORD las puede encontrar en su cuenta de cliente: 1. Ir a su \u00e1rea de cliente en la parte superior derecha de la p\u00e1gina web de MUNORD: https:\/\/www.munord.com\/clientes\/mi-cuenta 2. Entrar con el mismo usuario\/correo con el que realiz\u00f3 el pedido. 3. Ir al apartado de PEDIDOS de la parte derecha. [&hellip;]<\/p>\n","protected":false},"author":49,"featured_media":0,"parent":0,"menu_order":0,"comment_status":"closed","ping_status":"closed","template":"","meta":{"footnotes":""},"class_list":["post-5625","page","type-page","status-publish","hentry"],"yoast_head":"<!-- This site is optimized with the Yoast SEO plugin v27.6 - https:\/\/yoast.com\/product\/yoast-seo-wordpress\/ -->\n<title>Ayuda ver facturas - MUNORD<\/title>\n<meta name=\"robots\" content=\"noindex, follow, max-snippet:-1, max-image-preview:large, max-video-preview:-1\" \/>\n<meta property=\"og:locale\" content=\"es_ES\" \/>\n<meta property=\"og:type\" content=\"article\" \/>\n<meta property=\"og:title\" content=\"Ayuda ver facturas - MUNORD\" \/>\n<meta property=\"og:description\" content=\"Descargar facturas Sus facturas de MUNORD las puede encontrar en su cuenta de cliente: 1. Ir a su \u00e1rea de cliente en la parte superior derecha de la p\u00e1gina web de MUNORD: https:\/\/www.munord.com\/clientes\/mi-cuenta 2. Entrar con el mismo usuario\/correo con el que realiz\u00f3 el pedido. 3. Ir al apartado de PEDIDOS de la parte derecha. [&hellip;]\" \/>\n<meta property=\"og:url\" content=\"https:\/\/www.munord.com\/clientes\/ayuda-ver-facturas\/\" \/>\n<meta property=\"og:site_name\" content=\"MUNORD\" \/>\n<meta property=\"article:modified_time\" content=\"2024-06-12T14:21:41+00:00\" \/>\n<meta property=\"og:image\" content=\"https:\/\/www.munord.com\/clientes\/wp-content\/uploads\/2024\/06\/md1.png\" \/>\n<meta name=\"twitter:card\" content=\"summary_large_image\" \/>\n<meta name=\"twitter:label1\" content=\"Tiempo de lectura\" \/>\n\t<meta name=\"twitter:data1\" content=\"1 minuto\" \/>\n<script type=\"application\/ld+json\" class=\"yoast-schema-graph\">{\"@context\":\"https:\\\/\\\/schema.org\",\"@graph\":[{\"@type\":\"WebPage\",\"@id\":\"https:\\\/\\\/www.munord.com\\\/clientes\\\/ayuda-ver-facturas\\\/\",\"url\":\"https:\\\/\\\/www.munord.com\\\/clientes\\\/ayuda-ver-facturas\\\/\",\"name\":\"Ayuda ver facturas - MUNORD\",\"isPartOf\":{\"@id\":\"https:\\\/\\\/www.munord.com\\\/clientes\\\/#website\"},\"primaryImageOfPage\":{\"@id\":\"https:\\\/\\\/www.munord.com\\\/clientes\\\/ayuda-ver-facturas\\\/#primaryimage\"},\"image\":{\"@id\":\"https:\\\/\\\/www.munord.com\\\/clientes\\\/ayuda-ver-facturas\\\/#primaryimage\"},\"thumbnailUrl\":\"https:\\\/\\\/www.munord.com\\\/clientes\\\/wp-content\\\/uploads\\\/2024\\\/06\\\/md1.png\",\"datePublished\":\"2020-09-06T08:01:47+00:00\",\"dateModified\":\"2024-06-12T14:21:41+00:00\",\"breadcrumb\":{\"@id\":\"https:\\\/\\\/www.munord.com\\\/clientes\\\/ayuda-ver-facturas\\\/#breadcrumb\"},\"inLanguage\":\"es\",\"potentialAction\":[{\"@type\":\"ReadAction\",\"target\":[\"https:\\\/\\\/www.munord.com\\\/clientes\\\/ayuda-ver-facturas\\\/\"]}]},{\"@type\":\"ImageObject\",\"inLanguage\":\"es\",\"@id\":\"https:\\\/\\\/www.munord.com\\\/clientes\\\/ayuda-ver-facturas\\\/#primaryimage\",\"url\":\"https:\\\/\\\/www.munord.com\\\/clientes\\\/wp-content\\\/uploads\\\/2024\\\/06\\\/md1.png\",\"contentUrl\":\"https:\\\/\\\/www.munord.com\\\/clientes\\\/wp-content\\\/uploads\\\/2024\\\/06\\\/md1.png\",\"width\":1560,\"height\":423},{\"@type\":\"BreadcrumbList\",\"@id\":\"https:\\\/\\\/www.munord.com\\\/clientes\\\/ayuda-ver-facturas\\\/#breadcrumb\",\"itemListElement\":[{\"@type\":\"ListItem\",\"position\":1,\"name\":\"Portada\",\"item\":\"https:\\\/\\\/www.munord.com\\\/clientes\\\/\"},{\"@type\":\"ListItem\",\"position\":2,\"name\":\"Ayuda ver facturas\"}]},{\"@type\":\"WebSite\",\"@id\":\"https:\\\/\\\/www.munord.com\\\/clientes\\\/#website\",\"url\":\"https:\\\/\\\/www.munord.com\\\/clientes\\\/\",\"name\":\"MUNORD\",\"description\":\"Automatizaci\u00f3n al siguiente nivel\",\"publisher\":{\"@id\":\"https:\\\/\\\/www.munord.com\\\/clientes\\\/#organization\"},\"inLanguage\":\"es\"},{\"@type\":\"Organization\",\"@id\":\"https:\\\/\\\/www.munord.com\\\/clientes\\\/#organization\",\"name\":\"MUNORD\",\"url\":\"https:\\\/\\\/www.munord.com\\\/clientes\\\/\",\"logo\":{\"@type\":\"ImageObject\",\"inLanguage\":\"es\",\"@id\":\"https:\\\/\\\/www.munord.com\\\/clientes\\\/#\\\/schema\\\/logo\\\/image\\\/\",\"url\":\"https:\\\/\\\/www.munord.com\\\/clientes\\\/wp-content\\\/uploads\\\/2024\\\/06\\\/cropped-logo_munord.webp\",\"contentUrl\":\"https:\\\/\\\/www.munord.com\\\/clientes\\\/wp-content\\\/uploads\\\/2024\\\/06\\\/cropped-logo_munord.webp\",\"width\":300,\"height\":51,\"caption\":\"MUNORD\"},\"image\":{\"@id\":\"https:\\\/\\\/www.munord.com\\\/clientes\\\/#\\\/schema\\\/logo\\\/image\\\/\"}}]}<\/script>\n<!-- \/ Yoast SEO plugin. -->","yoast_head_json":{"title":"Ayuda ver facturas - MUNORD","robots":{"index":"noindex","follow":"follow","max-snippet":"max-snippet:-1","max-image-preview":"max-image-preview:large","max-video-preview":"max-video-preview:-1"},"og_locale":"es_ES","og_type":"article","og_title":"Ayuda ver facturas - MUNORD","og_description":"Descargar facturas Sus facturas de MUNORD las puede encontrar en su cuenta de cliente: 1. Ir a su \u00e1rea de cliente en la parte superior derecha de la p\u00e1gina web de MUNORD: https:\/\/www.munord.com\/clientes\/mi-cuenta 2. Entrar con el mismo usuario\/correo con el que realiz\u00f3 el pedido. 3. Ir al apartado de PEDIDOS de la parte derecha. [&hellip;]","og_url":"https:\/\/www.munord.com\/clientes\/ayuda-ver-facturas\/","og_site_name":"MUNORD","article_modified_time":"2024-06-12T14:21:41+00:00","og_image":[{"url":"https:\/\/www.munord.com\/clientes\/wp-content\/uploads\/2024\/06\/md1.png","type":"","width":"","height":""}],"twitter_card":"summary_large_image","twitter_misc":{"Tiempo de lectura":"1 minuto"},"schema":{"@context":"https:\/\/schema.org","@graph":[{"@type":"WebPage","@id":"https:\/\/www.munord.com\/clientes\/ayuda-ver-facturas\/","url":"https:\/\/www.munord.com\/clientes\/ayuda-ver-facturas\/","name":"Ayuda ver facturas - MUNORD","isPartOf":{"@id":"https:\/\/www.munord.com\/clientes\/#website"},"primaryImageOfPage":{"@id":"https:\/\/www.munord.com\/clientes\/ayuda-ver-facturas\/#primaryimage"},"image":{"@id":"https:\/\/www.munord.com\/clientes\/ayuda-ver-facturas\/#primaryimage"},"thumbnailUrl":"https:\/\/www.munord.com\/clientes\/wp-content\/uploads\/2024\/06\/md1.png","datePublished":"2020-09-06T08:01:47+00:00","dateModified":"2024-06-12T14:21:41+00:00","breadcrumb":{"@id":"https:\/\/www.munord.com\/clientes\/ayuda-ver-facturas\/#breadcrumb"},"inLanguage":"es","potentialAction":[{"@type":"ReadAction","target":["https:\/\/www.munord.com\/clientes\/ayuda-ver-facturas\/"]}]},{"@type":"ImageObject","inLanguage":"es","@id":"https:\/\/www.munord.com\/clientes\/ayuda-ver-facturas\/#primaryimage","url":"https:\/\/www.munord.com\/clientes\/wp-content\/uploads\/2024\/06\/md1.png","contentUrl":"https:\/\/www.munord.com\/clientes\/wp-content\/uploads\/2024\/06\/md1.png","width":1560,"height":423},{"@type":"BreadcrumbList","@id":"https:\/\/www.munord.com\/clientes\/ayuda-ver-facturas\/#breadcrumb","itemListElement":[{"@type":"ListItem","position":1,"name":"Portada","item":"https:\/\/www.munord.com\/clientes\/"},{"@type":"ListItem","position":2,"name":"Ayuda ver facturas"}]},{"@type":"WebSite","@id":"https:\/\/www.munord.com\/clientes\/#website","url":"https:\/\/www.munord.com\/clientes\/","name":"MUNORD","description":"Automatizaci\u00f3n al siguiente nivel","publisher":{"@id":"https:\/\/www.munord.com\/clientes\/#organization"},"inLanguage":"es"},{"@type":"Organization","@id":"https:\/\/www.munord.com\/clientes\/#organization","name":"MUNORD","url":"https:\/\/www.munord.com\/clientes\/","logo":{"@type":"ImageObject","inLanguage":"es","@id":"https:\/\/www.munord.com\/clientes\/#\/schema\/logo\/image\/","url":"https:\/\/www.munord.com\/clientes\/wp-content\/uploads\/2024\/06\/cropped-logo_munord.webp","contentUrl":"https:\/\/www.munord.com\/clientes\/wp-content\/uploads\/2024\/06\/cropped-logo_munord.webp","width":300,"height":51,"caption":"MUNORD"},"image":{"@id":"https:\/\/www.munord.com\/clientes\/#\/schema\/logo\/image\/"}}]}},"_links":{"self":[{"href":"https:\/\/www.munord.com\/clientes\/wp-json\/wp\/v2\/pages\/5625","targetHints":{"allow":["GET"]}}],"collection":[{"href":"https:\/\/www.munord.com\/clientes\/wp-json\/wp\/v2\/pages"}],"about":[{"href":"https:\/\/www.munord.com\/clientes\/wp-json\/wp\/v2\/types\/page"}],"author":[{"embeddable":true,"href":"https:\/\/www.munord.com\/clientes\/wp-json\/wp\/v2\/users\/49"}],"replies":[{"embeddable":true,"href":"https:\/\/www.munord.com\/clientes\/wp-json\/wp\/v2\/comments?post=5625"}],"version-history":[{"count":0,"href":"https:\/\/www.munord.com\/clientes\/wp-json\/wp\/v2\/pages\/5625\/revisions"}],"wp:attachment":[{"href":"https:\/\/www.munord.com\/clientes\/wp-json\/wp\/v2\/media?parent=5625"}],"curies":[{"name":"wp","href":"https:\/\/api.w.org\/{rel}","templated":true}]}}