{"id":6195,"date":"2020-10-25T10:24:36","date_gmt":"2020-10-25T09:24:36","guid":{"rendered":"https:\/\/www.munord.com\/clientes\/carrito-2\/"},"modified":"2024-07-16T11:25:35","modified_gmt":"2024-07-16T09:25:35","slug":"carrito","status":"publish","type":"page","link":"https:\/\/www.munord.com\/clientes\/carrito\/","title":{"rendered":"Carrito"},"content":{"rendered":"\t\t<div data-elementor-type=\"wp-page\" data-elementor-id=\"6195\" class=\"elementor elementor-6195\" data-elementor-post-type=\"page\">\n\t\t\t\t<div class=\"elementor-element elementor-element-46423fae e-flex e-con-boxed e-con e-parent\" data-id=\"46423fae\" data-element_type=\"container\" data-e-type=\"container\">\n\t\t\t\t\t<div class=\"e-con-inner\">\n\t\t\t\t<div class=\"elementor-element elementor-element-2a1a4d2 elementor-widget elementor-widget-heading\" data-id=\"2a1a4d2\" data-element_type=\"widget\" data-e-type=\"widget\" data-widget_type=\"heading.default\">\n\t\t\t\t<div class=\"elementor-widget-container\">\n\t\t\t\t\t<h2 class=\"elementor-heading-title elementor-size-default\">Resumen del pedido <\/h2>\t\t\t\t<\/div>\n\t\t\t\t<\/div>\n\t\t\t\t\t<\/div>\n\t\t\t\t<\/div>\n\t\t<div class=\"elementor-element elementor-element-6f1f420 e-flex e-con-boxed e-con e-parent\" data-id=\"6f1f420\" data-element_type=\"container\" data-e-type=\"container\">\n\t\t\t\t\t<div class=\"e-con-inner\">\n\t\t\t\t<div class=\"elementor-element elementor-element-dcf0ba3 elementor-widget elementor-widget-text-editor\" data-id=\"dcf0ba3\" data-element_type=\"widget\" data-e-type=\"widget\" data-widget_type=\"text-editor.default\">\n\t\t\t\t<div class=\"elementor-widget-container\">\n\t\t\t\t\t\t\t\t\t<p>Para cualquier cuesti\u00f3n, no dude en contactar con nosotros.\u00a0<\/p>\t\t\t\t\t\t\t\t<\/div>\n\t\t\t\t<\/div>\n\t\t\t\t\t<\/div>\n\t\t\t\t<\/div>\n\t\t\t\t<\/div>\n\t\t","protected":false},"excerpt":{"rendered":"<p>Resumen del pedido Eliminar art\u00edculo Imagen en miniatura Producto Precio Cantidad Subtotal &times; productooo 1,00&euro; productooo&nbsp; cantidad 1,00&euro; Actualizar el carrito Aplicar el cup\u00f3n Guardar y compartir Totales del carrito Subtotal 1,00&euro; Gastos gesti\u00f3n tarjeta de cr\u00e9dito (Stripe) 0,27&euro; IVA 21% 0,21&euro; Total 1,48&euro; Proceder al pago Para cualquier cuesti\u00f3n, no dude en contactar con [&hellip;]<\/p>\n","protected":false},"author":49,"featured_media":0,"parent":0,"menu_order":0,"comment_status":"closed","ping_status":"closed","template":"","meta":{"footnotes":""},"class_list":["post-6195","page","type-page","status-publish","hentry"],"yoast_head":"<!-- This site is optimized with the Yoast SEO plugin v27.4 - https:\/\/yoast.com\/product\/yoast-seo-wordpress\/ -->\n<title>Carrito - MUNORD<\/title>\n<meta name=\"robots\" content=\"noindex, follow, max-snippet:-1, max-image-preview:large, max-video-preview:-1\" \/>\n<meta property=\"og:locale\" content=\"es_ES\" \/>\n<meta property=\"og:type\" content=\"article\" \/>\n<meta property=\"og:title\" content=\"Carrito - MUNORD\" \/>\n<meta property=\"og:description\" content=\"Resumen del pedido Eliminar art\u00edculo Imagen en miniatura Producto Precio Cantidad Subtotal &times; productooo 1,00&euro; productooo&nbsp; cantidad 1,00&euro; Actualizar el carrito Aplicar el cup\u00f3n Guardar y compartir Totales del carrito Subtotal 1,00&euro; Gastos gesti\u00f3n tarjeta de cr\u00e9dito (Stripe) 0,27&euro; IVA 21% 0,21&euro; Total 1,48&euro; Proceder al pago Para cualquier cuesti\u00f3n, no dude en contactar con [&hellip;]\" \/>\n<meta property=\"og:url\" content=\"https:\/\/www.munord.com\/clientes\/carrito\/\" \/>\n<meta property=\"og:site_name\" content=\"MUNORD\" \/>\n<meta property=\"article:modified_time\" content=\"2024-07-16T09:25:35+00:00\" \/>\n<meta property=\"og:image\" content=\"https:\/\/www.munord.com\/clientes\/wp-content\/uploads\/woocommerce-placeholder-300x300.png\" \/>\n<meta name=\"twitter:card\" content=\"summary_large_image\" \/>\n<meta name=\"twitter:label1\" content=\"Tiempo de lectura\" \/>\n\t<meta name=\"twitter:data1\" content=\"1 minuto\" \/>\n<script type=\"application\/ld+json\" class=\"yoast-schema-graph\">{\"@context\":\"https:\\\/\\\/schema.org\",\"@graph\":[{\"@type\":\"WebPage\",\"@id\":\"https:\\\/\\\/www.munord.com\\\/clientes\\\/carrito\\\/\",\"url\":\"https:\\\/\\\/www.munord.com\\\/clientes\\\/carrito\\\/\",\"name\":\"Carrito - MUNORD\",\"isPartOf\":{\"@id\":\"https:\\\/\\\/www.munord.com\\\/clientes\\\/#website\"},\"primaryImageOfPage\":{\"@id\":\"https:\\\/\\\/www.munord.com\\\/clientes\\\/carrito\\\/#primaryimage\"},\"image\":{\"@id\":\"https:\\\/\\\/www.munord.com\\\/clientes\\\/carrito\\\/#primaryimage\"},\"thumbnailUrl\":\"https:\\\/\\\/www.munord.com\\\/clientes\\\/wp-content\\\/uploads\\\/woocommerce-placeholder-300x300.png\",\"datePublished\":\"2020-10-25T09:24:36+00:00\",\"dateModified\":\"2024-07-16T09:25:35+00:00\",\"breadcrumb\":{\"@id\":\"https:\\\/\\\/www.munord.com\\\/clientes\\\/carrito\\\/#breadcrumb\"},\"inLanguage\":\"es\",\"potentialAction\":[{\"@type\":\"ReadAction\",\"target\":[\"https:\\\/\\\/www.munord.com\\\/clientes\\\/carrito\\\/\"]}]},{\"@type\":\"ImageObject\",\"inLanguage\":\"es\",\"@id\":\"https:\\\/\\\/www.munord.com\\\/clientes\\\/carrito\\\/#primaryimage\",\"url\":\"https:\\\/\\\/www.munord.com\\\/clientes\\\/wp-content\\\/uploads\\\/woocommerce-placeholder.png\",\"contentUrl\":\"https:\\\/\\\/www.munord.com\\\/clientes\\\/wp-content\\\/uploads\\\/woocommerce-placeholder.png\",\"width\":1200,\"height\":1200},{\"@type\":\"BreadcrumbList\",\"@id\":\"https:\\\/\\\/www.munord.com\\\/clientes\\\/carrito\\\/#breadcrumb\",\"itemListElement\":[{\"@type\":\"ListItem\",\"position\":1,\"name\":\"Portada\",\"item\":\"https:\\\/\\\/www.munord.com\\\/clientes\\\/\"},{\"@type\":\"ListItem\",\"position\":2,\"name\":\"Carrito\"}]},{\"@type\":\"WebSite\",\"@id\":\"https:\\\/\\\/www.munord.com\\\/clientes\\\/#website\",\"url\":\"https:\\\/\\\/www.munord.com\\\/clientes\\\/\",\"name\":\"MUNORD\",\"description\":\"Automatizaci\u00f3n al siguiente nivel\",\"publisher\":{\"@id\":\"https:\\\/\\\/www.munord.com\\\/clientes\\\/#organization\"},\"inLanguage\":\"es\"},{\"@type\":\"Organization\",\"@id\":\"https:\\\/\\\/www.munord.com\\\/clientes\\\/#organization\",\"name\":\"MUNORD\",\"url\":\"https:\\\/\\\/www.munord.com\\\/clientes\\\/\",\"logo\":{\"@type\":\"ImageObject\",\"inLanguage\":\"es\",\"@id\":\"https:\\\/\\\/www.munord.com\\\/clientes\\\/#\\\/schema\\\/logo\\\/image\\\/\",\"url\":\"https:\\\/\\\/www.munord.com\\\/clientes\\\/wp-content\\\/uploads\\\/2024\\\/06\\\/cropped-logo_munord.webp\",\"contentUrl\":\"https:\\\/\\\/www.munord.com\\\/clientes\\\/wp-content\\\/uploads\\\/2024\\\/06\\\/cropped-logo_munord.webp\",\"width\":300,\"height\":51,\"caption\":\"MUNORD\"},\"image\":{\"@id\":\"https:\\\/\\\/www.munord.com\\\/clientes\\\/#\\\/schema\\\/logo\\\/image\\\/\"}}]}<\/script>\n<!-- \/ Yoast SEO plugin. -->","yoast_head_json":{"title":"Carrito - MUNORD","robots":{"index":"noindex","follow":"follow","max-snippet":"max-snippet:-1","max-image-preview":"max-image-preview:large","max-video-preview":"max-video-preview:-1"},"og_locale":"es_ES","og_type":"article","og_title":"Carrito - MUNORD","og_description":"Resumen del pedido Eliminar art\u00edculo Imagen en miniatura Producto Precio Cantidad Subtotal &times; productooo 1,00&euro; productooo&nbsp; cantidad 1,00&euro; Actualizar el carrito Aplicar el cup\u00f3n Guardar y compartir Totales del carrito Subtotal 1,00&euro; Gastos gesti\u00f3n tarjeta de cr\u00e9dito (Stripe) 0,27&euro; IVA 21% 0,21&euro; Total 1,48&euro; Proceder al pago Para cualquier cuesti\u00f3n, no dude en contactar con [&hellip;]","og_url":"https:\/\/www.munord.com\/clientes\/carrito\/","og_site_name":"MUNORD","article_modified_time":"2024-07-16T09:25:35+00:00","og_image":[{"url":"https:\/\/www.munord.com\/clientes\/wp-content\/uploads\/woocommerce-placeholder-300x300.png","type":"","width":"","height":""}],"twitter_card":"summary_large_image","twitter_misc":{"Tiempo de lectura":"1 minuto"},"schema":{"@context":"https:\/\/schema.org","@graph":[{"@type":"WebPage","@id":"https:\/\/www.munord.com\/clientes\/carrito\/","url":"https:\/\/www.munord.com\/clientes\/carrito\/","name":"Carrito - MUNORD","isPartOf":{"@id":"https:\/\/www.munord.com\/clientes\/#website"},"primaryImageOfPage":{"@id":"https:\/\/www.munord.com\/clientes\/carrito\/#primaryimage"},"image":{"@id":"https:\/\/www.munord.com\/clientes\/carrito\/#primaryimage"},"thumbnailUrl":"https:\/\/www.munord.com\/clientes\/wp-content\/uploads\/woocommerce-placeholder-300x300.png","datePublished":"2020-10-25T09:24:36+00:00","dateModified":"2024-07-16T09:25:35+00:00","breadcrumb":{"@id":"https:\/\/www.munord.com\/clientes\/carrito\/#breadcrumb"},"inLanguage":"es","potentialAction":[{"@type":"ReadAction","target":["https:\/\/www.munord.com\/clientes\/carrito\/"]}]},{"@type":"ImageObject","inLanguage":"es","@id":"https:\/\/www.munord.com\/clientes\/carrito\/#primaryimage","url":"https:\/\/www.munord.com\/clientes\/wp-content\/uploads\/woocommerce-placeholder.png","contentUrl":"https:\/\/www.munord.com\/clientes\/wp-content\/uploads\/woocommerce-placeholder.png","width":1200,"height":1200},{"@type":"BreadcrumbList","@id":"https:\/\/www.munord.com\/clientes\/carrito\/#breadcrumb","itemListElement":[{"@type":"ListItem","position":1,"name":"Portada","item":"https:\/\/www.munord.com\/clientes\/"},{"@type":"ListItem","position":2,"name":"Carrito"}]},{"@type":"WebSite","@id":"https:\/\/www.munord.com\/clientes\/#website","url":"https:\/\/www.munord.com\/clientes\/","name":"MUNORD","description":"Automatizaci\u00f3n al siguiente nivel","publisher":{"@id":"https:\/\/www.munord.com\/clientes\/#organization"},"inLanguage":"es"},{"@type":"Organization","@id":"https:\/\/www.munord.com\/clientes\/#organization","name":"MUNORD","url":"https:\/\/www.munord.com\/clientes\/","logo":{"@type":"ImageObject","inLanguage":"es","@id":"https:\/\/www.munord.com\/clientes\/#\/schema\/logo\/image\/","url":"https:\/\/www.munord.com\/clientes\/wp-content\/uploads\/2024\/06\/cropped-logo_munord.webp","contentUrl":"https:\/\/www.munord.com\/clientes\/wp-content\/uploads\/2024\/06\/cropped-logo_munord.webp","width":300,"height":51,"caption":"MUNORD"},"image":{"@id":"https:\/\/www.munord.com\/clientes\/#\/schema\/logo\/image\/"}}]}},"_links":{"self":[{"href":"https:\/\/www.munord.com\/clientes\/wp-json\/wp\/v2\/pages\/6195","targetHints":{"allow":["GET"]}}],"collection":[{"href":"https:\/\/www.munord.com\/clientes\/wp-json\/wp\/v2\/pages"}],"about":[{"href":"https:\/\/www.munord.com\/clientes\/wp-json\/wp\/v2\/types\/page"}],"author":[{"embeddable":true,"href":"https:\/\/www.munord.com\/clientes\/wp-json\/wp\/v2\/users\/49"}],"replies":[{"embeddable":true,"href":"https:\/\/www.munord.com\/clientes\/wp-json\/wp\/v2\/comments?post=6195"}],"version-history":[{"count":25,"href":"https:\/\/www.munord.com\/clientes\/wp-json\/wp\/v2\/pages\/6195\/revisions"}],"predecessor-version":[{"id":14764,"href":"https:\/\/www.munord.com\/clientes\/wp-json\/wp\/v2\/pages\/6195\/revisions\/14764"}],"wp:attachment":[{"href":"https:\/\/www.munord.com\/clientes\/wp-json\/wp\/v2\/media?parent=6195"}],"curies":[{"name":"wp","href":"https:\/\/api.w.org\/{rel}","templated":true}]}}