{"id":6877,"date":"2021-02-08T10:02:43","date_gmt":"2021-02-08T09:02:43","guid":{"rendered":"https:\/\/www.munord.com\/clientes\/?page_id=6877"},"modified":"2024-06-13T08:25:18","modified_gmt":"2024-06-13T06:25:18","slug":"videotutorial-para-crear-cuenta-en-google-analytics-google-tag-manager-y-google-search-console-y-asignar-permisos-de-administrador-para-configurar-su-web","status":"publish","type":"page","link":"https:\/\/www.munord.com\/clientes\/videotutorial-para-crear-cuenta-en-google-analytics-google-tag-manager-y-google-search-console-y-asignar-permisos-de-administrador-para-configurar-su-web\/","title":{"rendered":"Videotutorial para crear cuenta en Google Analytics, Google Tag Manager y Google Search Console y asignar permisos de administrador para configurar su web"},"content":{"rendered":"\t\t<div data-elementor-type=\"wp-page\" data-elementor-id=\"6877\" class=\"elementor elementor-6877\" data-elementor-post-type=\"page\">\n\t\t\t\t\t\t<section class=\"elementor-section elementor-top-section elementor-element elementor-element-9c30abb elementor-section-boxed elementor-section-height-default elementor-section-height-default\" data-id=\"9c30abb\" data-element_type=\"section\" data-e-type=\"section\">\n\t\t\t\t\t\t<div class=\"elementor-container elementor-column-gap-default\">\n\t\t\t\t\t<div class=\"elementor-column elementor-col-100 elementor-top-column elementor-element elementor-element-1028a3f\" data-id=\"1028a3f\" data-element_type=\"column\" data-e-type=\"column\">\n\t\t\t<div class=\"elementor-widget-wrap elementor-element-populated\">\n\t\t\t\t\t\t<div class=\"elementor-element elementor-element-756069f elementor-widget elementor-widget-text-editor\" data-id=\"756069f\" data-element_type=\"widget\" data-e-type=\"widget\" data-widget_type=\"text-editor.default\">\n\t\t\t\t<div class=\"elementor-widget-container\">\n\t\t\t\t\t\t\t\t\t<p>Videotutorial para crear cuenta en Google Analytics, Google Tag Manager y Google Search Console y asignar permisos de administrador para configurar su web&nbsp;<\/p>\t\t\t\t\t\t\t\t<\/div>\n\t\t\t\t<\/div>\n\t\t\t\t\t<\/div>\n\t\t<\/div>\n\t\t\t\t\t<\/div>\n\t\t<\/section>\n\t\t\t\t<section class=\"elementor-section elementor-top-section elementor-element elementor-element-69f51cf elementor-section-boxed elementor-section-height-default elementor-section-height-default\" data-id=\"69f51cf\" data-element_type=\"section\" data-e-type=\"section\">\n\t\t\t\t\t\t<div class=\"elementor-container elementor-column-gap-default\">\n\t\t\t\t\t<div class=\"elementor-column elementor-col-100 elementor-top-column elementor-element elementor-element-58e051a\" data-id=\"58e051a\" data-element_type=\"column\" data-e-type=\"column\">\n\t\t\t<div class=\"elementor-widget-wrap elementor-element-populated\">\n\t\t\t\t\t\t<div class=\"elementor-element elementor-element-92103d0 elementor-widget elementor-widget-accordion\" data-id=\"92103d0\" data-element_type=\"widget\" data-e-type=\"widget\" data-widget_type=\"accordion.default\">\n\t\t\t\t<div class=\"elementor-widget-container\">\n\t\t\t\t\t\t\t<div class=\"elementor-accordion\">\n\t\t\t\t\t\t\t<div class=\"elementor-accordion-item\">\n\t\t\t\t\t<div id=\"elementor-tab-title-1531\" class=\"elementor-tab-title\" data-tab=\"1\" role=\"button\" aria-controls=\"elementor-tab-content-1531\" aria-expanded=\"false\">\n\t\t\t\t\t\t\t\t\t\t\t\t\t<span class=\"elementor-accordion-icon elementor-accordion-icon-left\" aria-hidden=\"true\">\n\t\t\t\t\t\t\t\t\t\t\t\t\t\t\t<span class=\"elementor-accordion-icon-closed\"><svg class=\"e-font-icon-svg e-fas-plus\" viewBox=\"0 0 448 512\" xmlns=\"http:\/\/www.w3.org\/2000\/svg\"><path d=\"M416 208H272V64c0-17.67-14.33-32-32-32h-32c-17.67 0-32 14.33-32 32v144H32c-17.67 0-32 14.33-32 32v32c0 17.67 14.33 32 32 32h144v144c0 17.67 14.33 32 32 32h32c17.67 0 32-14.33 32-32V304h144c17.67 0 32-14.33 32-32v-32c0-17.67-14.33-32-32-32z\"><\/path><\/svg><\/span>\n\t\t\t\t\t\t\t\t<span class=\"elementor-accordion-icon-opened\"><svg class=\"e-font-icon-svg e-fas-minus\" viewBox=\"0 0 448 512\" xmlns=\"http:\/\/www.w3.org\/2000\/svg\"><path d=\"M416 208H32c-17.67 0-32 14.33-32 32v32c0 17.67 14.33 32 32 32h384c17.67 0 32-14.33 32-32v-32c0-17.67-14.33-32-32-32z\"><\/path><\/svg><\/span>\n\t\t\t\t\t\t\t\t\t\t\t\t\t\t<\/span>\n\t\t\t\t\t\t\t\t\t\t\t\t<a class=\"elementor-accordion-title\" tabindex=\"0\">Videotutorial para crear cuenta en Google<\/a>\n\t\t\t\t\t<\/div>\n\t\t\t\t\t<div id=\"elementor-tab-content-1531\" class=\"elementor-tab-content elementor-clearfix\" data-tab=\"1\" role=\"region\" aria-labelledby=\"elementor-tab-title-1531\"><iframe src=\"https:\/\/www.youtube.com\/embed\/uRqVVqv369I\" width=\"560\" height=\"560\"><\/iframe><\/div>\n\t\t\t\t<\/div>\n\t\t\t\t\t\t\t\t<\/div>\n\t\t\t\t\t\t<\/div>\n\t\t\t\t<\/div>\n\t\t\t\t\t<\/div>\n\t\t<\/div>\n\t\t\t\t\t<\/div>\n\t\t<\/section>\n\t\t\t\t<section class=\"elementor-section elementor-top-section elementor-element elementor-element-d0dd1ab elementor-section-boxed elementor-section-height-default elementor-section-height-default\" data-id=\"d0dd1ab\" data-element_type=\"section\" data-e-type=\"section\">\n\t\t\t\t\t\t<div class=\"elementor-container elementor-column-gap-default\">\n\t\t\t\t\t<div class=\"elementor-column elementor-col-100 elementor-top-column elementor-element elementor-element-38c7431\" data-id=\"38c7431\" data-element_type=\"column\" data-e-type=\"column\">\n\t\t\t<div class=\"elementor-widget-wrap elementor-element-populated\">\n\t\t\t\t\t\t<div class=\"elementor-element elementor-element-e9937e8 elementor-widget elementor-widget-text-editor\" data-id=\"e9937e8\" data-element_type=\"widget\" data-e-type=\"widget\" data-widget_type=\"text-editor.default\">\n\t\t\t\t<div class=\"elementor-widget-container\">\n\t\t\t\t\t\t\t\t\t<p><span style=\"font-size: 14pt; color: #000000;\">Enlaces:<\/span><\/p>\n<p><\/p>\n<ul>\n<li><span style=\"font-size: 14pt; color: #000000;\"><b><a style=\"color: #000000;\" href=\"http:\/\/www.google.com\/analytics\" target=\"_blank\" rel=\"noopener\">Google Analytics<\/a><\/b><\/span><\/li>\n<li><span style=\"font-size: 14pt; color: #000000;\"><b><a style=\"color: #000000;\" href=\"https:\/\/tagmanager.google.com\/\" target=\"_blank\" rel=\"noopener\">Google Tag Manager<\/a><\/b><\/span><\/li>\n<li><span style=\"font-size: 14pt; color: #000000;\"><b><a style=\"color: #000000;\" href=\"https:\/\/search.google.com\/search-console?utm_source=about-page\" target=\"_blank\" rel=\"noopener\">Google Search Console<\/a><\/b><\/span>\n<ul>\n<li><span style=\"font-size: 14pt; color: #000000;\">Enviar c\u00f3digo proporcionado por Google Search Console para verificar la propiedad al correo: <strong>soporte.munord@gmail.com<\/strong><\/span><\/li>\n<li><span style=\"font-size: 14pt; color: #000000;\">Una vez <strong>soporte.munord@gmail.com&nbsp;<\/strong>confirme que el c\u00f3digo est\u00e1 a\u00f1adido en su p\u00e1gina web, entrar de nuevo a Google Search Console y pulsar <strong>VALIDAR<\/strong> la propiedad.<\/span><\/li>\n<li><span style=\"font-size: 14pt; color: #000000;\">Una vez validada a\u00f1adir el correo: <strong>soporte.munord@gmail.com<\/strong> con permisos de administrador para poderlo configurar en su web como se detalla en el v\u00eddeo.<\/span><\/li>\n<\/ul>\n<\/li>\n<\/ul>\n<p><span style=\"font-size: 14pt; color: #000000;\">La cuenta de correo que se tienen que a\u00f1adir con permisos de administrador para su configuraci\u00f3n es la&nbsp; p\u00e1gina web es: <strong>soporte.munord@gmail.com<\/strong><\/span><\/p>\t\t\t\t\t\t\t\t<\/div>\n\t\t\t\t<\/div>\n\t\t\t\t<div class=\"elementor-element elementor-element-8bae39b elementor-widget elementor-widget-spacer\" data-id=\"8bae39b\" data-element_type=\"widget\" data-e-type=\"widget\" data-widget_type=\"spacer.default\">\n\t\t\t\t<div class=\"elementor-widget-container\">\n\t\t\t\t\t\t\t<div class=\"elementor-spacer\">\n\t\t\t<div class=\"elementor-spacer-inner\"><\/div>\n\t\t<\/div>\n\t\t\t\t\t\t<\/div>\n\t\t\t\t<\/div>\n\t\t\t\t\t<\/div>\n\t\t<\/div>\n\t\t\t\t\t<\/div>\n\t\t<\/section>\n\t\t\t\t<\/div>\n\t\t","protected":false},"excerpt":{"rendered":"<p>Videotutorial para crear cuenta en Google Analytics, Google Tag Manager y Google Search Console y asignar permisos de administrador para configurar su web Videotutorial para crear cuenta en Google Enlaces: Google Analytics Google Tag Manager Google Search Console Enviar c\u00f3digo proporcionado por Google Search Console para verificar la propiedad al correo: soporte.munord@gmail.com Una vez soporte.munord@gmail.com\u00a0confirme [&hellip;]<\/p>\n","protected":false},"author":49,"featured_media":0,"parent":0,"menu_order":0,"comment_status":"closed","ping_status":"closed","template":"","meta":{"footnotes":""},"class_list":["post-6877","page","type-page","status-publish","hentry"],"yoast_head":"<!-- This site is optimized with the Yoast SEO plugin v27.6 - https:\/\/yoast.com\/product\/yoast-seo-wordpress\/ -->\n<title>Videotutorial para crear cuenta en Google Analytics, Google Tag Manager y Google Search Console y asignar permisos de administrador para configurar su web - MUNORD<\/title>\n<meta name=\"robots\" content=\"noindex, nofollow\" \/>\n<meta property=\"og:locale\" content=\"es_ES\" \/>\n<meta property=\"og:type\" content=\"article\" \/>\n<meta property=\"og:title\" content=\"Videotutorial para crear cuenta en Google Analytics, Google Tag Manager y Google Search Console y asignar permisos de administrador para configurar su web - MUNORD\" \/>\n<meta property=\"og:description\" content=\"Videotutorial para crear cuenta en Google Analytics, Google Tag Manager y Google Search Console y asignar permisos de administrador para configurar su web Videotutorial para crear cuenta en Google Enlaces: Google Analytics Google Tag Manager Google Search Console Enviar c\u00f3digo proporcionado por Google Search Console para verificar la propiedad al correo: soporte.munord@gmail.com Una vez soporte.munord@gmail.com\u00a0confirme [&hellip;]\" \/>\n<meta property=\"og:url\" content=\"https:\/\/www.munord.com\/clientes\/videotutorial-para-crear-cuenta-en-google-analytics-google-tag-manager-y-google-search-console-y-asignar-permisos-de-administrador-para-configurar-su-web\/\" \/>\n<meta property=\"og:site_name\" content=\"MUNORD\" \/>\n<meta property=\"article:modified_time\" content=\"2024-06-13T06:25:18+00:00\" \/>\n<meta name=\"twitter:card\" content=\"summary_large_image\" \/>\n<meta name=\"twitter:label1\" content=\"Tiempo de lectura\" \/>\n\t<meta name=\"twitter:data1\" content=\"1 minuto\" \/>\n<script type=\"application\/ld+json\" class=\"yoast-schema-graph\">{\"@context\":\"https:\\\/\\\/schema.org\",\"@graph\":[{\"@type\":\"WebPage\",\"@id\":\"https:\\\/\\\/www.munord.com\\\/clientes\\\/videotutorial-para-crear-cuenta-en-google-analytics-google-tag-manager-y-google-search-console-y-asignar-permisos-de-administrador-para-configurar-su-web\\\/\",\"url\":\"https:\\\/\\\/www.munord.com\\\/clientes\\\/videotutorial-para-crear-cuenta-en-google-analytics-google-tag-manager-y-google-search-console-y-asignar-permisos-de-administrador-para-configurar-su-web\\\/\",\"name\":\"Videotutorial para crear cuenta en Google Analytics, Google Tag Manager y Google Search Console y asignar permisos de administrador para configurar su web - MUNORD\",\"isPartOf\":{\"@id\":\"https:\\\/\\\/www.munord.com\\\/clientes\\\/#website\"},\"datePublished\":\"2021-02-08T09:02:43+00:00\",\"dateModified\":\"2024-06-13T06:25:18+00:00\",\"breadcrumb\":{\"@id\":\"https:\\\/\\\/www.munord.com\\\/clientes\\\/videotutorial-para-crear-cuenta-en-google-analytics-google-tag-manager-y-google-search-console-y-asignar-permisos-de-administrador-para-configurar-su-web\\\/#breadcrumb\"},\"inLanguage\":\"es\",\"potentialAction\":[{\"@type\":\"ReadAction\",\"target\":[\"https:\\\/\\\/www.munord.com\\\/clientes\\\/videotutorial-para-crear-cuenta-en-google-analytics-google-tag-manager-y-google-search-console-y-asignar-permisos-de-administrador-para-configurar-su-web\\\/\"]}]},{\"@type\":\"BreadcrumbList\",\"@id\":\"https:\\\/\\\/www.munord.com\\\/clientes\\\/videotutorial-para-crear-cuenta-en-google-analytics-google-tag-manager-y-google-search-console-y-asignar-permisos-de-administrador-para-configurar-su-web\\\/#breadcrumb\",\"itemListElement\":[{\"@type\":\"ListItem\",\"position\":1,\"name\":\"Portada\",\"item\":\"https:\\\/\\\/www.munord.com\\\/clientes\\\/\"},{\"@type\":\"ListItem\",\"position\":2,\"name\":\"Videotutorial para crear cuenta en Google Analytics, Google Tag Manager y Google Search Console y asignar permisos de administrador para configurar su web\"}]},{\"@type\":\"WebSite\",\"@id\":\"https:\\\/\\\/www.munord.com\\\/clientes\\\/#website\",\"url\":\"https:\\\/\\\/www.munord.com\\\/clientes\\\/\",\"name\":\"MUNORD\",\"description\":\"Automatizaci\u00f3n al siguiente nivel\",\"publisher\":{\"@id\":\"https:\\\/\\\/www.munord.com\\\/clientes\\\/#organization\"},\"inLanguage\":\"es\"},{\"@type\":\"Organization\",\"@id\":\"https:\\\/\\\/www.munord.com\\\/clientes\\\/#organization\",\"name\":\"MUNORD\",\"url\":\"https:\\\/\\\/www.munord.com\\\/clientes\\\/\",\"logo\":{\"@type\":\"ImageObject\",\"inLanguage\":\"es\",\"@id\":\"https:\\\/\\\/www.munord.com\\\/clientes\\\/#\\\/schema\\\/logo\\\/image\\\/\",\"url\":\"https:\\\/\\\/www.munord.com\\\/clientes\\\/wp-content\\\/uploads\\\/2024\\\/06\\\/cropped-logo_munord.webp\",\"contentUrl\":\"https:\\\/\\\/www.munord.com\\\/clientes\\\/wp-content\\\/uploads\\\/2024\\\/06\\\/cropped-logo_munord.webp\",\"width\":300,\"height\":51,\"caption\":\"MUNORD\"},\"image\":{\"@id\":\"https:\\\/\\\/www.munord.com\\\/clientes\\\/#\\\/schema\\\/logo\\\/image\\\/\"}}]}<\/script>\n<!-- \/ Yoast SEO plugin. -->","yoast_head_json":{"title":"Videotutorial para crear cuenta en Google Analytics, Google Tag Manager y Google Search Console y asignar permisos de administrador para configurar su web - MUNORD","robots":{"index":"noindex","follow":"nofollow"},"og_locale":"es_ES","og_type":"article","og_title":"Videotutorial para crear cuenta en Google Analytics, Google Tag Manager y Google Search Console y asignar permisos de administrador para configurar su web - MUNORD","og_description":"Videotutorial para crear cuenta en Google Analytics, Google Tag Manager y Google Search Console y asignar permisos de administrador para configurar su web Videotutorial para crear cuenta en Google Enlaces: Google Analytics Google Tag Manager Google Search Console Enviar c\u00f3digo proporcionado por Google Search Console para verificar la propiedad al correo: soporte.munord@gmail.com Una vez soporte.munord@gmail.com\u00a0confirme [&hellip;]","og_url":"https:\/\/www.munord.com\/clientes\/videotutorial-para-crear-cuenta-en-google-analytics-google-tag-manager-y-google-search-console-y-asignar-permisos-de-administrador-para-configurar-su-web\/","og_site_name":"MUNORD","article_modified_time":"2024-06-13T06:25:18+00:00","twitter_card":"summary_large_image","twitter_misc":{"Tiempo de lectura":"1 minuto"},"schema":{"@context":"https:\/\/schema.org","@graph":[{"@type":"WebPage","@id":"https:\/\/www.munord.com\/clientes\/videotutorial-para-crear-cuenta-en-google-analytics-google-tag-manager-y-google-search-console-y-asignar-permisos-de-administrador-para-configurar-su-web\/","url":"https:\/\/www.munord.com\/clientes\/videotutorial-para-crear-cuenta-en-google-analytics-google-tag-manager-y-google-search-console-y-asignar-permisos-de-administrador-para-configurar-su-web\/","name":"Videotutorial para crear cuenta en Google Analytics, Google Tag Manager y Google Search Console y asignar permisos de administrador para configurar su web - MUNORD","isPartOf":{"@id":"https:\/\/www.munord.com\/clientes\/#website"},"datePublished":"2021-02-08T09:02:43+00:00","dateModified":"2024-06-13T06:25:18+00:00","breadcrumb":{"@id":"https:\/\/www.munord.com\/clientes\/videotutorial-para-crear-cuenta-en-google-analytics-google-tag-manager-y-google-search-console-y-asignar-permisos-de-administrador-para-configurar-su-web\/#breadcrumb"},"inLanguage":"es","potentialAction":[{"@type":"ReadAction","target":["https:\/\/www.munord.com\/clientes\/videotutorial-para-crear-cuenta-en-google-analytics-google-tag-manager-y-google-search-console-y-asignar-permisos-de-administrador-para-configurar-su-web\/"]}]},{"@type":"BreadcrumbList","@id":"https:\/\/www.munord.com\/clientes\/videotutorial-para-crear-cuenta-en-google-analytics-google-tag-manager-y-google-search-console-y-asignar-permisos-de-administrador-para-configurar-su-web\/#breadcrumb","itemListElement":[{"@type":"ListItem","position":1,"name":"Portada","item":"https:\/\/www.munord.com\/clientes\/"},{"@type":"ListItem","position":2,"name":"Videotutorial para crear cuenta en Google Analytics, Google Tag Manager y Google Search Console y asignar permisos de administrador para configurar su web"}]},{"@type":"WebSite","@id":"https:\/\/www.munord.com\/clientes\/#website","url":"https:\/\/www.munord.com\/clientes\/","name":"MUNORD","description":"Automatizaci\u00f3n al siguiente nivel","publisher":{"@id":"https:\/\/www.munord.com\/clientes\/#organization"},"inLanguage":"es"},{"@type":"Organization","@id":"https:\/\/www.munord.com\/clientes\/#organization","name":"MUNORD","url":"https:\/\/www.munord.com\/clientes\/","logo":{"@type":"ImageObject","inLanguage":"es","@id":"https:\/\/www.munord.com\/clientes\/#\/schema\/logo\/image\/","url":"https:\/\/www.munord.com\/clientes\/wp-content\/uploads\/2024\/06\/cropped-logo_munord.webp","contentUrl":"https:\/\/www.munord.com\/clientes\/wp-content\/uploads\/2024\/06\/cropped-logo_munord.webp","width":300,"height":51,"caption":"MUNORD"},"image":{"@id":"https:\/\/www.munord.com\/clientes\/#\/schema\/logo\/image\/"}}]}},"_links":{"self":[{"href":"https:\/\/www.munord.com\/clientes\/wp-json\/wp\/v2\/pages\/6877","targetHints":{"allow":["GET"]}}],"collection":[{"href":"https:\/\/www.munord.com\/clientes\/wp-json\/wp\/v2\/pages"}],"about":[{"href":"https:\/\/www.munord.com\/clientes\/wp-json\/wp\/v2\/types\/page"}],"author":[{"embeddable":true,"href":"https:\/\/www.munord.com\/clientes\/wp-json\/wp\/v2\/users\/49"}],"replies":[{"embeddable":true,"href":"https:\/\/www.munord.com\/clientes\/wp-json\/wp\/v2\/comments?post=6877"}],"version-history":[{"count":0,"href":"https:\/\/www.munord.com\/clientes\/wp-json\/wp\/v2\/pages\/6877\/revisions"}],"wp:attachment":[{"href":"https:\/\/www.munord.com\/clientes\/wp-json\/wp\/v2\/media?parent=6877"}],"curies":[{"name":"wp","href":"https:\/\/api.w.org\/{rel}","templated":true}]}}