{"id":6913,"date":"2021-02-09T09:26:02","date_gmt":"2021-02-09T08:26:02","guid":{"rendered":"https:\/\/www.munord.com\/clientes\/?page_id=6913"},"modified":"2024-09-16T11:23:18","modified_gmt":"2024-09-16T09:23:18","slug":"contratacion","status":"publish","type":"page","link":"https:\/\/www.munord.com\/clientes\/contratacion\/","title":{"rendered":"Contrataci\u00f3n"},"content":{"rendered":"\t\t<div data-elementor-type=\"wp-page\" data-elementor-id=\"6913\" class=\"elementor elementor-6913\" data-elementor-post-type=\"page\">\n\t\t\t\t<div class=\"elementor-element elementor-element-46795a79 e-con-full e-flex e-con e-parent\" data-id=\"46795a79\" data-element_type=\"container\" data-e-type=\"container\">\n\t\t\t\t<div class=\"elementor-element elementor-element-3523706d elementor-widget elementor-widget-text-editor\" data-id=\"3523706d\" data-element_type=\"widget\" data-e-type=\"widget\" data-widget_type=\"text-editor.default\">\n\t\t\t\t<div class=\"elementor-widget-container\">\n\t\t\t\t\t\t\t\t\t<h1 style=\"text-align: center;\">\u00bfC\u00f3mo contratar tu proyecto en MUNORD?<\/h1>\n<p style=\"text-align: center;\"><span style=\"font-size: 14pt;\">Puedes solicitar tu proyecto desde nuestra p\u00e1gina web de manera r\u00e1pida y f\u00e1cil. A continuaci\u00f3n se detalla el proceso paso a paso para finalizar la contrataci\u00f3n con \u00e9xito.<\/span><\/p>\n<p><b>&nbsp;<\/b><\/p>\n<p><b>CONSULTE NUESTROS PRODUCTOS Y SERVICIOS<\/b><\/p>\n<ul>\n<li>Puede consultar nuestros productos y servicios en nuestra <a href=\"https:\/\/www.munord.com\/clientes\/tienda\">tienda online<\/a>.<\/li>\n<li>O&nbsp;<a href=\"https:\/\/www.munord.com\/clientes\/contactar\">contactarnos<\/a> para solicitar un presupuesto personalizado o solicitar ayuda.<\/li>\n<\/ul>\n<p><b>&nbsp;<\/b><\/p>\n<p><b>HAZ TU PEDIDO<\/b><\/p>\n<ul>\n<li>A\u00f1ade el producto a su pedido como si de un producto f\u00edsico se tratara.<\/li>\n<li>Introduzca los datos de facturaci\u00f3n.<\/li>\n<li>Puedes solicitarnos una DEMO.<\/li>\n<\/ul>\n<div>&nbsp;<\/div>\n<p><b>DESARROLLO DEL PROYECTO<\/b><\/p>\n<ul>\n<li>Env\u00edanos el contenido para crear tu web: textos, im\u00e1genes, lo que quieras a\u00f1adir.<\/li>\n<li>Feedback continuo para finalizar el proyecto con \u00e9xito.<\/li>\n<li>Consulte los&nbsp;<strong><a href=\"https:\/\/www.munord.com\/clientes\/tiempos\/\">TIEMPOS DE ENTREGA<\/a><\/strong><\/li>\n<\/ul>\n<p><b>&nbsp;<\/b><\/p>\n<p><b>FINALIZACI\u00d3N DEL PAGO<\/b><\/p>\n<ul>\n<li>Una vez completado el pedido, se env\u00eda la factura autom\u00e1ticamente al correo de cliente (no se realizan facturas parciales de la paga y se\u00f1al).<\/li>\n<li>Consulte&nbsp; otros &nbsp;<a href=\"https:\/\/www.munord.com\/clientes\/contratacion\/#metodos-de-pago\"><strong>M\u00c9TODOS DE PAGO<\/strong><\/a><\/li>\n<\/ul>\n<div>&nbsp;<\/div>\n<p><b>\u00a1APERTURA DEL PROYECTO!<\/b><\/p>\n<div class=\"q_circle_text_holder\">\n<ul>\n<li>Puede solicitar la apertura temporal de una pagina informativa o mantenimiento (landing page).<\/li>\n<li class=\"q_circle_text\">Una vez completada la totalidad del pago, se migrar\u00e1 el proyecto y estar\u00e1 disponible para abrirlo al p\u00fablico (no&nbsp;se abrir\u00e1 ning\u00fan proyecto al p\u00fablico con partes pendientes de pago).<\/li>\n<li>Durante el proceso de migraci\u00f3n, no se podr\u00e1n realizar cambios en la pagina web a migrar. El tiempo estimada para la migraci\u00f3n es de tres d\u00edas laborales.<\/li>\n<li>Todos los proyectos se realizan en nuestros servidores, una vez completado el pago, se realiza la migraci\u00f3n al servidor definitivo.<\/li>\n<\/ul>\n<div>&nbsp;<\/div>\n<\/div>\n<p><b>ASISTENCIA<\/b><\/p>\n<div class=\"q_circle_text_holder\">\n<div class=\"q_circle_text_holder\">\n<ul>\n<li class=\"q_circle_text\">Dispone de toda la asistencia de MUNORD una vez entregado el proyecto.\n<ul>\n<li>Tres meses de <a href=\"https:\/\/www.munord.com\/clientes\/producto\/tiempo-de-analisis-y-desarrollo\/\">asistencia t\u00e9cnica EST\u00c1NDAR<\/a>&nbsp; incluidos en los proyectos y servicios donde el pedido supere los 649\u20ac IVA incl. Donde un vez abierto el servicio al p\u00fablico, se podr\u00e1n realizar los cambios que sean necesarios (no ampliaciones)&nbsp; sin ning\u00fan coste.\n<ul>\n<li>Puede consultar su asistencia en su \u00e1<a href=\"https:\/\/www.munord.com\/clientes\/mi-cuenta\/\">rea de cliente<\/a> mirando la fecha de su pedido.<\/li>\n<li>Tambi\u00e9n puede consultar nuestro <a href=\"https:\/\/www.munord.com\/clientes\/centro-de-ayuda\">centro de ayuda<\/a> con las preguntas mas frecuentes.<\/li>\n<\/ul>\n<\/li>\n<li>Un mes de &nbsp;<a href=\"https:\/\/www.munord.com\/clientes\/producto\/tiempo-de-analisis-y-desarrollo\/\">asistencia t\u00e9cnica EST\u00c1NDAR<\/a> incluidos en los proyectos y servicios donde el pedido no supere los 649\u20ac IVA incl. Donde un vez abierto el servicio al p\u00fablico, se podr\u00e1n realizar los cambios que sean necesarios (no ampliaciones)&nbsp; sin ning\u00fan coste.\n<ul>\n<li>Puede consultar su asistencia en su \u00e1<a href=\"https:\/\/www.munord.com\/clientes\/mi-cuenta\/\">rea de cliente<\/a> mirando la fecha de su pedido.<\/li>\n<li>Tambi\u00e9n puede consultar nuestro <a href=\"https:\/\/www.munord.com\/clientes\/centro-de-ayuda\">centro de ayuda<\/a> con las preguntas mas frecuentes.<\/li>\n<\/ul>\n<\/li>\n<\/ul>\n<\/li>\n<\/ul>\n<\/div>\n<\/div>\n<h1 style=\"text-align: center;\">M\u00e9todos de pago<\/h1>\n<p style=\"text-align: center;\"><span style=\"font-size: 14pt;\">Puedes abonar el importe de tu pedido por transferencia bancaria, orden SEPA y tarjeta mediante la plataforma Stripe.<\/span><\/p>\n<p style=\"text-align: center;\">Transferencia bancaria<\/p>\n<p style=\"text-align: center;\">Al realizar el pedido recibir\u00e1 un correo electr\u00f3nico con los datos bancarios para realizar la transferencia.<\/p>\n<p style=\"text-align: center;\">Domiciliaci\u00f3n bancaria<\/p>\n<p style=\"text-align: center;\">Al realizar el pedido recibir\u00e1s el documento de la orden SEPA que tendr\u00e1s que rellanar y enviar a info@munord.com para completar el pago.<\/p>\n<p style=\"text-align: center;\"><span style=\"font-size: 10pt;\">Actualmente disponemos de los m\u00e9todos de pago anteriores, no est\u00e1n disponibles los m\u00e9todos de pago a 30 o 60 d\u00edas, entre otros.<\/span><\/p>\n<p><\/p>\n<h1 style=\"text-align: center;\">\u00bfQuieres contratar nuestros productos y servicios para tu cliente?<\/h1>\n<p style=\"text-align: center;\"><span style=\"font-size: 14pt;\">Puedes contratar todos los productos y servicios de MUNORD para los proyectos con tu cliente, benefici\u00e1ndote de todas las condiciones anteriores.<\/span><\/p>\n<p style=\"text-align: center;\"><span style=\"font-size: 12pt; background-color: transparent; color: var( --e-global-color-text ); font-family: var( --e-global-typography-text-font-family ), Sans-serif; font-style: var( --e-global-typography-text-font-style ); font-weight: var( --e-global-typography-text-font-weight ); letter-spacing: var( --e-global-typography-text-letter-spacing ); text-transform: var( --e-global-typography-text-text-transform ); word-spacing: var( --e-global-typography-text-word-spacing );\">Si quiere contratar los productos y servicios de MUNORD para un tercero, las condiciones se regir\u00e1n entre MUNORD y usted como cliente final.<\/span><\/p>\n<p style=\"text-align: center;\"><span style=\"font-size: 12pt; background-color: transparent; color: var( --e-global-color-text ); font-family: var( --e-global-typography-text-font-family ), Sans-serif; font-style: var( --e-global-typography-text-font-style ); font-weight: var( --e-global-typography-text-font-weight ); letter-spacing: var( --e-global-typography-text-letter-spacing ); text-transform: var( --e-global-typography-text-text-transform ); word-spacing: var( --e-global-typography-text-word-spacing );\">MUNORD no se hace responsable de las condiciones de servicio o de m\u00e9todos de pago que acuerde usted con su cliente.<\/span><\/p>\n<p style=\"text-align: center;\">\n<\/p><h1 style=\"text-align: center;\">Preguntas frecuentes<\/h1>\n<p style=\"text-align: center;\"><span style=\"font-size: 12pt;\"><strong>\u00bfC\u00f3mo solicitar mi web?<\/strong><\/span><\/p>\n<p style=\"text-align: center;\"><span style=\"font-size: 12pt;\">A\u00f1ade los productos y servicios que necesites en tu pedido como si se tratara de un producto f\u00edsico. <\/span><\/p>\n<p style=\"text-align: center;\"><span style=\"font-size: 12pt;\">Una vez recibido tu pedido, respondemos en menos de 48h laborables.<\/span><\/p>\n<p style=\"text-align: center;\"><span style=\"font-size: 12pt;\"><strong>\u00bfC\u00f3mo acceder a mi \u00e1rea de administraci\u00f3n?<\/strong><\/span><\/p>\n<p style=\"text-align: center;\"><span style=\"font-size: 12pt;\">Para acceder a tu cuenta y ver el \u00e1rea de administraci\u00f3n, puedes acceder desde el siguiente <a href=\"https:\/\/www.munord.com\/clientes\/mi-cuenta\/\"><strong>enlace<\/strong><\/a> o, en la parte superior derecha de la p\u00e1gina, tienes un acceso directo.<\/span><\/p>\n<p style=\"text-align: center;\"><strong><span style=\"font-size: 12pt;\">\u00bfC\u00f3mo acceder a mi p\u00e1gina web?<\/span><\/strong><\/p>\n<p style=\"text-align: center;\"><span style=\"font-size: 12pt;\">Toda la informaci\u00f3n de tu p\u00e1gina web, la tienes disponible en tu <strong><a href=\"https:\/\/www.munord.com\/clientes\/mi-cuenta\/\">\u00e1rea de cliente<\/a><\/strong><\/span><\/p>\n<p style=\"text-align: center;\">\n<\/p>\t\t\t\t\t\t\t\t<\/div>\n\t\t\t\t<\/div>\n\t\t\t\t<\/div>\n\t\t\t\t<\/div>\n\t\t","protected":false},"excerpt":{"rendered":"<p>\u00bfC\u00f3mo contratar tu proyecto en MUNORD? Puedes solicitar tu proyecto desde nuestra p\u00e1gina web de manera r\u00e1pida y f\u00e1cil. A continuaci\u00f3n se detalla el proceso paso a paso para finalizar la contrataci\u00f3n con \u00e9xito. &nbsp; CONSULTE NUESTROS PRODUCTOS Y SERVICIOS Puede consultar nuestros productos y servicios en nuestra tienda online. O&nbsp;contactarnos para solicitar un presupuesto [&hellip;]<\/p>\n","protected":false},"author":49,"featured_media":0,"parent":0,"menu_order":0,"comment_status":"closed","ping_status":"closed","template":"","meta":{"footnotes":""},"class_list":["post-6913","page","type-page","status-publish","hentry"],"yoast_head":"<!-- This site is optimized with the Yoast SEO plugin v27.6 - https:\/\/yoast.com\/product\/yoast-seo-wordpress\/ -->\n<title>Contrataci\u00f3n - MUNORD<\/title>\n<meta name=\"robots\" content=\"noindex, nofollow\" \/>\n<meta property=\"og:locale\" content=\"es_ES\" \/>\n<meta property=\"og:type\" content=\"article\" \/>\n<meta property=\"og:title\" content=\"Contrataci\u00f3n - MUNORD\" \/>\n<meta property=\"og:description\" content=\"\u00bfC\u00f3mo contratar tu proyecto en MUNORD? Puedes solicitar tu proyecto desde nuestra p\u00e1gina web de manera r\u00e1pida y f\u00e1cil. A continuaci\u00f3n se detalla el proceso paso a paso para finalizar la contrataci\u00f3n con \u00e9xito. &nbsp; CONSULTE NUESTROS PRODUCTOS Y SERVICIOS Puede consultar nuestros productos y servicios en nuestra tienda online. O&nbsp;contactarnos para solicitar un presupuesto [&hellip;]\" \/>\n<meta property=\"og:url\" content=\"https:\/\/www.munord.com\/clientes\/contratacion\/\" \/>\n<meta property=\"og:site_name\" content=\"MUNORD\" \/>\n<meta property=\"article:modified_time\" content=\"2024-09-16T09:23:18+00:00\" \/>\n<meta name=\"twitter:card\" content=\"summary_large_image\" \/>\n<meta name=\"twitter:label1\" content=\"Tiempo de lectura\" \/>\n\t<meta name=\"twitter:data1\" content=\"3 minutos\" \/>\n<script type=\"application\/ld+json\" class=\"yoast-schema-graph\">{\"@context\":\"https:\\\/\\\/schema.org\",\"@graph\":[{\"@type\":\"WebPage\",\"@id\":\"https:\\\/\\\/www.munord.com\\\/clientes\\\/contratacion\\\/\",\"url\":\"https:\\\/\\\/www.munord.com\\\/clientes\\\/contratacion\\\/\",\"name\":\"Contrataci\u00f3n - MUNORD\",\"isPartOf\":{\"@id\":\"https:\\\/\\\/www.munord.com\\\/clientes\\\/#website\"},\"datePublished\":\"2021-02-09T08:26:02+00:00\",\"dateModified\":\"2024-09-16T09:23:18+00:00\",\"breadcrumb\":{\"@id\":\"https:\\\/\\\/www.munord.com\\\/clientes\\\/contratacion\\\/#breadcrumb\"},\"inLanguage\":\"es\",\"potentialAction\":[{\"@type\":\"ReadAction\",\"target\":[\"https:\\\/\\\/www.munord.com\\\/clientes\\\/contratacion\\\/\"]}]},{\"@type\":\"BreadcrumbList\",\"@id\":\"https:\\\/\\\/www.munord.com\\\/clientes\\\/contratacion\\\/#breadcrumb\",\"itemListElement\":[{\"@type\":\"ListItem\",\"position\":1,\"name\":\"Portada\",\"item\":\"https:\\\/\\\/www.munord.com\\\/clientes\\\/\"},{\"@type\":\"ListItem\",\"position\":2,\"name\":\"Contrataci\u00f3n\"}]},{\"@type\":\"WebSite\",\"@id\":\"https:\\\/\\\/www.munord.com\\\/clientes\\\/#website\",\"url\":\"https:\\\/\\\/www.munord.com\\\/clientes\\\/\",\"name\":\"MUNORD\",\"description\":\"Automatizaci\u00f3n al siguiente nivel\",\"publisher\":{\"@id\":\"https:\\\/\\\/www.munord.com\\\/clientes\\\/#organization\"},\"inLanguage\":\"es\"},{\"@type\":\"Organization\",\"@id\":\"https:\\\/\\\/www.munord.com\\\/clientes\\\/#organization\",\"name\":\"MUNORD\",\"url\":\"https:\\\/\\\/www.munord.com\\\/clientes\\\/\",\"logo\":{\"@type\":\"ImageObject\",\"inLanguage\":\"es\",\"@id\":\"https:\\\/\\\/www.munord.com\\\/clientes\\\/#\\\/schema\\\/logo\\\/image\\\/\",\"url\":\"https:\\\/\\\/www.munord.com\\\/clientes\\\/wp-content\\\/uploads\\\/2024\\\/06\\\/cropped-logo_munord.webp\",\"contentUrl\":\"https:\\\/\\\/www.munord.com\\\/clientes\\\/wp-content\\\/uploads\\\/2024\\\/06\\\/cropped-logo_munord.webp\",\"width\":300,\"height\":51,\"caption\":\"MUNORD\"},\"image\":{\"@id\":\"https:\\\/\\\/www.munord.com\\\/clientes\\\/#\\\/schema\\\/logo\\\/image\\\/\"}}]}<\/script>\n<!-- \/ Yoast SEO plugin. -->","yoast_head_json":{"title":"Contrataci\u00f3n - MUNORD","robots":{"index":"noindex","follow":"nofollow"},"og_locale":"es_ES","og_type":"article","og_title":"Contrataci\u00f3n - MUNORD","og_description":"\u00bfC\u00f3mo contratar tu proyecto en MUNORD? Puedes solicitar tu proyecto desde nuestra p\u00e1gina web de manera r\u00e1pida y f\u00e1cil. A continuaci\u00f3n se detalla el proceso paso a paso para finalizar la contrataci\u00f3n con \u00e9xito. &nbsp; CONSULTE NUESTROS PRODUCTOS Y SERVICIOS Puede consultar nuestros productos y servicios en nuestra tienda online. O&nbsp;contactarnos para solicitar un presupuesto [&hellip;]","og_url":"https:\/\/www.munord.com\/clientes\/contratacion\/","og_site_name":"MUNORD","article_modified_time":"2024-09-16T09:23:18+00:00","twitter_card":"summary_large_image","twitter_misc":{"Tiempo de lectura":"3 minutos"},"schema":{"@context":"https:\/\/schema.org","@graph":[{"@type":"WebPage","@id":"https:\/\/www.munord.com\/clientes\/contratacion\/","url":"https:\/\/www.munord.com\/clientes\/contratacion\/","name":"Contrataci\u00f3n - MUNORD","isPartOf":{"@id":"https:\/\/www.munord.com\/clientes\/#website"},"datePublished":"2021-02-09T08:26:02+00:00","dateModified":"2024-09-16T09:23:18+00:00","breadcrumb":{"@id":"https:\/\/www.munord.com\/clientes\/contratacion\/#breadcrumb"},"inLanguage":"es","potentialAction":[{"@type":"ReadAction","target":["https:\/\/www.munord.com\/clientes\/contratacion\/"]}]},{"@type":"BreadcrumbList","@id":"https:\/\/www.munord.com\/clientes\/contratacion\/#breadcrumb","itemListElement":[{"@type":"ListItem","position":1,"name":"Portada","item":"https:\/\/www.munord.com\/clientes\/"},{"@type":"ListItem","position":2,"name":"Contrataci\u00f3n"}]},{"@type":"WebSite","@id":"https:\/\/www.munord.com\/clientes\/#website","url":"https:\/\/www.munord.com\/clientes\/","name":"MUNORD","description":"Automatizaci\u00f3n al siguiente nivel","publisher":{"@id":"https:\/\/www.munord.com\/clientes\/#organization"},"inLanguage":"es"},{"@type":"Organization","@id":"https:\/\/www.munord.com\/clientes\/#organization","name":"MUNORD","url":"https:\/\/www.munord.com\/clientes\/","logo":{"@type":"ImageObject","inLanguage":"es","@id":"https:\/\/www.munord.com\/clientes\/#\/schema\/logo\/image\/","url":"https:\/\/www.munord.com\/clientes\/wp-content\/uploads\/2024\/06\/cropped-logo_munord.webp","contentUrl":"https:\/\/www.munord.com\/clientes\/wp-content\/uploads\/2024\/06\/cropped-logo_munord.webp","width":300,"height":51,"caption":"MUNORD"},"image":{"@id":"https:\/\/www.munord.com\/clientes\/#\/schema\/logo\/image\/"}}]}},"_links":{"self":[{"href":"https:\/\/www.munord.com\/clientes\/wp-json\/wp\/v2\/pages\/6913","targetHints":{"allow":["GET"]}}],"collection":[{"href":"https:\/\/www.munord.com\/clientes\/wp-json\/wp\/v2\/pages"}],"about":[{"href":"https:\/\/www.munord.com\/clientes\/wp-json\/wp\/v2\/types\/page"}],"author":[{"embeddable":true,"href":"https:\/\/www.munord.com\/clientes\/wp-json\/wp\/v2\/users\/49"}],"replies":[{"embeddable":true,"href":"https:\/\/www.munord.com\/clientes\/wp-json\/wp\/v2\/comments?post=6913"}],"version-history":[{"count":3,"href":"https:\/\/www.munord.com\/clientes\/wp-json\/wp\/v2\/pages\/6913\/revisions"}],"predecessor-version":[{"id":14921,"href":"https:\/\/www.munord.com\/clientes\/wp-json\/wp\/v2\/pages\/6913\/revisions\/14921"}],"wp:attachment":[{"href":"https:\/\/www.munord.com\/clientes\/wp-json\/wp\/v2\/media?parent=6913"}],"curies":[{"name":"wp","href":"https:\/\/api.w.org\/{rel}","templated":true}]}}