{"id":7216,"date":"2021-02-21T18:57:47","date_gmt":"2021-02-21T17:57:47","guid":{"rendered":"https:\/\/www.munord.com\/clientes\/?page_id=7216"},"modified":"2024-06-13T08:16:59","modified_gmt":"2024-06-13T06:16:59","slug":"asistencia-proveedor-externo","status":"publish","type":"page","link":"https:\/\/www.munord.com\/clientes\/asistencia-proveedor-externo\/","title":{"rendered":"Asistencia proveedor externo"},"content":{"rendered":"\t\t<div data-elementor-type=\"wp-page\" data-elementor-id=\"7216\" class=\"elementor elementor-7216\" data-elementor-post-type=\"page\">\n\t\t\t\t\t\t<section class=\"elementor-section elementor-top-section elementor-element elementor-element-22f1b0e elementor-section-boxed elementor-section-height-default elementor-section-height-default\" data-id=\"22f1b0e\" data-element_type=\"section\" data-e-type=\"section\">\n\t\t\t\t\t\t<div class=\"elementor-container elementor-column-gap-default\">\n\t\t\t\t\t<div class=\"elementor-column elementor-col-100 elementor-top-column elementor-element elementor-element-920eb75\" data-id=\"920eb75\" data-element_type=\"column\" data-e-type=\"column\">\n\t\t\t<div class=\"elementor-widget-wrap elementor-element-populated\">\n\t\t\t\t\t\t<div class=\"elementor-element elementor-element-79b8af9 elementor-widget elementor-widget-text-editor\" data-id=\"79b8af9\" data-element_type=\"widget\" data-e-type=\"widget\" data-widget_type=\"text-editor.default\">\n\t\t\t\t<div class=\"elementor-widget-container\">\n\t\t\t\t\t\t\t\t\t<p>Asistencia proveedor externo<\/p>\t\t\t\t\t\t\t\t<\/div>\n\t\t\t\t<\/div>\n\t\t\t\t\t<\/div>\n\t\t<\/div>\n\t\t\t\t\t<\/div>\n\t\t<\/section>\n\t\t\t\t<section class=\"elementor-section elementor-top-section elementor-element elementor-element-69e553b elementor-section-boxed elementor-section-height-default elementor-section-height-default\" data-id=\"69e553b\" data-element_type=\"section\" data-e-type=\"section\">\n\t\t\t\t\t\t<div class=\"elementor-container elementor-column-gap-default\">\n\t\t\t\t\t<div class=\"elementor-column elementor-col-100 elementor-top-column elementor-element elementor-element-43ea291\" data-id=\"43ea291\" data-element_type=\"column\" data-e-type=\"column\">\n\t\t\t<div class=\"elementor-widget-wrap elementor-element-populated\">\n\t\t\t\t\t\t<div class=\"elementor-element elementor-element-20bf603 elementor-widget elementor-widget-text-editor\" data-id=\"20bf603\" data-element_type=\"widget\" data-e-type=\"widget\" data-widget_type=\"text-editor.default\">\n\t\t\t\t<div class=\"elementor-widget-container\">\n\t\t\t\t\t\t\t\t\t<p><span style=\"font-size: 14pt;\">En MUNORD ofrecemos servicios web de manera online, si requiere asistencia para configurar su dispositivo u equipos, puede contactar con nuestro proveedor externo de servicios de inform\u00e1tica para solicitar un presupuesto:<\/span><\/p>\t\t\t\t\t\t\t\t<\/div>\n\t\t\t\t<\/div>\n\t\t\t\t<div class=\"elementor-element elementor-element-433848e elementor-button-align-stretch elementor-widget elementor-widget-form\" data-id=\"433848e\" data-element_type=\"widget\" data-e-type=\"widget\" data-settings=\"{&quot;step_next_label&quot;:&quot;Next&quot;,&quot;step_previous_label&quot;:&quot;Previous&quot;,&quot;button_width&quot;:&quot;100&quot;,&quot;step_type&quot;:&quot;number_text&quot;,&quot;step_icon_shape&quot;:&quot;circle&quot;}\" data-widget_type=\"form.default\">\n\t\t\t\t<div class=\"elementor-widget-container\">\n\t\t\t\t\t\t\t<form class=\"elementor-form\" method=\"post\" name=\"Nuevo Formulario\" aria-label=\"Nuevo Formulario\">\n\t\t\t<input type=\"hidden\" name=\"post_id\" value=\"7216\"\/>\n\t\t\t<input type=\"hidden\" name=\"form_id\" value=\"433848e\"\/>\n\t\t\t<input type=\"hidden\" name=\"referer_title\" value=\"Asistencia proveedor externo - MUNORD\" \/>\n\n\t\t\t\t\t\t\t<input type=\"hidden\" name=\"queried_id\" value=\"7216\"\/>\n\t\t\t\n\t\t\t<div class=\"elementor-form-fields-wrapper elementor-labels-above\">\n\t\t\t\t\t\t\t\t<div class=\"elementor-field-type-text elementor-field-group elementor-column elementor-field-group-name elementor-col-100 elementor-field-required\">\n\t\t\t\t\t\t\t\t\t\t\t\t\t<input size=\"1\" type=\"text\" name=\"form_fields[name]\" id=\"form-field-name\" class=\"elementor-field elementor-size-sm  elementor-field-textual\" placeholder=\"Persona de contacto\" required=\"required\">\n\t\t\t\t\t\t\t\t\t\t\t<\/div>\n\t\t\t\t\t\t\t\t<div class=\"elementor-field-type-email elementor-field-group elementor-column elementor-field-group-email elementor-col-100 elementor-field-required\">\n\t\t\t\t\t\t\t\t\t\t\t\t\t<input size=\"1\" type=\"email\" name=\"form_fields[email]\" id=\"form-field-email\" class=\"elementor-field elementor-size-sm  elementor-field-textual\" placeholder=\"Correo electr\u00f3nico de contacto\" required=\"required\">\n\t\t\t\t\t\t\t\t\t\t\t<\/div>\n\t\t\t\t\t\t\t\t<div class=\"elementor-field-type-text elementor-field-group elementor-column elementor-field-group-field_d6dbb0a elementor-col-100 elementor-field-required\">\n\t\t\t\t\t\t\t\t\t\t\t\t\t<input size=\"1\" type=\"text\" name=\"form_fields[field_d6dbb0a]\" id=\"form-field-field_d6dbb0a\" class=\"elementor-field elementor-size-sm  elementor-field-textual\" placeholder=\"Tel\u00e9fono de contacto\" required=\"required\">\n\t\t\t\t\t\t\t\t\t\t\t<\/div>\n\t\t\t\t\t\t\t\t<div class=\"elementor-field-type-textarea elementor-field-group elementor-column elementor-field-group-message elementor-col-100 elementor-field-required\">\n\t\t\t\t\t<textarea class=\"elementor-field-textual elementor-field  elementor-size-sm\" name=\"form_fields[message]\" id=\"form-field-message\" rows=\"4\" placeholder=\"Mensaje\/petici\u00f3n\" required=\"required\"><\/textarea>\t\t\t\t<\/div>\n\t\t\t\t\t\t\t\t<div class=\"elementor-field-type-text\">\n\t\t\t\t\t<input size=\"1\" type=\"text\" name=\"form_fields[field_02807e7]\" id=\"form-field-field_02807e7\" class=\"elementor-field elementor-size-sm \" style=\"display:none !important;\">\t\t\t\t<\/div>\n\t\t\t\t\t\t\t\t<div class=\"elementor-field-type-recaptcha_v3 elementor-field-group elementor-column elementor-field-group-field_49e9633 elementor-col-100 recaptcha_v3-bottomright\">\n\t\t\t\t\t<div class=\"elementor-field\" id=\"form-field-field_49e9633\"><div class=\"elementor-g-recaptcha\" data-sitekey=\"6LdM7UgqAAAAAE8OK76uuYT15Hrca77zndXMDPM_\" data-type=\"v3\" data-action=\"Form\" data-badge=\"bottomright\" data-size=\"invisible\"><\/div><\/div>\t\t\t\t<\/div>\n\t\t\t\t\t\t\t\t<div class=\"elementor-field-type-acceptance elementor-field-group elementor-column elementor-field-group-field_f5da8cd elementor-col-100 elementor-field-required\">\n\t\t\t\t\t\t\t<div class=\"elementor-field-subgroup\">\n\t\t\t<span class=\"elementor-field-option\">\n\t\t\t\t<input type=\"checkbox\" name=\"form_fields[field_f5da8cd]\" id=\"form-field-field_f5da8cd\" class=\"elementor-field elementor-size-sm  elementor-acceptance-field\" required=\"required\">\n\t\t\t\t<label for=\"form-field-field_f5da8cd\">He le\u00eddo y acepto la <a href=\"https:\/\/www.munord.com\/clientes\/politica-de-privacidad\/\">pol\u00edtica de privacidad<\/a> y <a href=\"https:\/\/www.munord.com\/clientes\/condiciones-generales\/\">t\u00e9rminos y condiciones<\/a><\/label>\t\t\t<\/span>\n\t\t<\/div>\n\t\t\t\t\t\t<\/div>\n\t\t\t\t\t\t\t\t<div class=\"elementor-field-group elementor-column elementor-field-type-submit elementor-col-100 e-form__buttons\">\n\t\t\t\t\t<button class=\"elementor-button elementor-size-sm\" type=\"submit\">\n\t\t\t\t\t\t<span class=\"elementor-button-content-wrapper\">\n\t\t\t\t\t\t\t\t\t\t\t\t\t\t\t\t\t\t\t\t\t\t<span class=\"elementor-button-text\">ENVIAR<\/span>\n\t\t\t\t\t\t\t\t\t\t\t\t\t<\/span>\n\t\t\t\t\t<\/button>\n\t\t\t\t<\/div>\n\t\t\t<\/div>\n\t\t<\/form>\n\t\t\t\t\t\t<\/div>\n\t\t\t\t<\/div>\n\t\t\t\t<div class=\"elementor-element elementor-element-8715a6f elementor-widget elementor-widget-text-editor\" data-id=\"8715a6f\" data-element_type=\"widget\" data-e-type=\"widget\" data-widget_type=\"text-editor.default\">\n\t\t\t\t<div class=\"elementor-widget-container\">\n\t\t\t\t\t\t\t\t\t<p><span style=\"color: #000000;\"><strong>RESPONSABLE TRATAMIENTO:<\/strong> MUNORD &#8211; Gerard Muntan\u00e9 Ordo\u00f1ez\u00a0<\/span><br \/><span style=\"color: #000000;\"><strong>FINALIDAD:<\/strong><\/span><span style=\"color: #000000;\">\u00a0Responder a las consultas y \/ o proporcionar informaciones requeridas por el usuario.<\/span><br \/><span style=\"color: #000000;\"><strong>LEGITIMACI\u00d3N:<\/strong>\u00a0Consentimiento del interesado para el fin anterior.<\/span><br \/><span style=\"color: #000000;\"><strong>CESIONES:<\/strong>\u00a0\u00danicamente para contactar con el proveedor externo, o por obligaci\u00f3n legal o requerimiento judicial.<\/span><br \/><span style=\"color: #000000;\"><strong>DERECHOS:<\/strong>\u00a0Acceso, rectificaci\u00f3n, supresi\u00f3n, oposici\u00f3n, limitaci\u00f3n, portabilidad, revocaci\u00f3n del consentimiento. Si considera que el tratamiento de sus datos no se ajusta a la normativa, puede acudir a la Autoridad de Control (www.aepd.es).<\/span><br \/><span style=\"color: #000000;\"><strong>INFORMACI\u00d3N ADICIONAL:<\/strong>\u00a0Consulte nuestra\u00a0<a style=\"color: #000000;\" href=\"https:\/\/www.munord.com\/clientes\/politica-de-privacidad\/\" target=\"_blank\" rel=\"noopener\">pol\u00edtica de privacidad.<\/a><\/span><\/p>\t\t\t\t\t\t\t\t<\/div>\n\t\t\t\t<\/div>\n\t\t\t\t\t<\/div>\n\t\t<\/div>\n\t\t\t\t\t<\/div>\n\t\t<\/section>\n\t\t\t\t<\/div>\n\t\t","protected":false},"excerpt":{"rendered":"<p>Asistencia proveedor externo En MUNORD ofrecemos servicios web de manera online, si requiere asistencia para configurar su dispositivo u equipos, puede contactar con nuestro proveedor externo de servicios de inform\u00e1tica para solicitar un presupuesto: RESPONSABLE TRATAMIENTO: MUNORD &#8211; Gerard Muntan\u00e9 Ordo\u00f1ez\u00a0FINALIDAD:\u00a0Responder a las consultas y \/ o proporcionar informaciones requeridas por el usuario.LEGITIMACI\u00d3N:\u00a0Consentimiento del interesado [&hellip;]<\/p>\n","protected":false},"author":49,"featured_media":0,"parent":0,"menu_order":0,"comment_status":"closed","ping_status":"closed","template":"","meta":{"footnotes":""},"class_list":["post-7216","page","type-page","status-publish","hentry"],"yoast_head":"<!-- This site is optimized with the Yoast SEO plugin v27.6 - https:\/\/yoast.com\/product\/yoast-seo-wordpress\/ -->\n<title>Asistencia proveedor externo - MUNORD<\/title>\n<meta name=\"robots\" content=\"noindex, nofollow\" \/>\n<meta property=\"og:locale\" content=\"es_ES\" \/>\n<meta property=\"og:type\" content=\"article\" \/>\n<meta property=\"og:title\" content=\"Asistencia proveedor externo - MUNORD\" \/>\n<meta property=\"og:description\" content=\"Asistencia proveedor externo En MUNORD ofrecemos servicios web de manera online, si requiere asistencia para configurar su dispositivo u equipos, puede contactar con nuestro proveedor externo de servicios de inform\u00e1tica para solicitar un presupuesto: RESPONSABLE TRATAMIENTO: MUNORD &#8211; Gerard Muntan\u00e9 Ordo\u00f1ez\u00a0FINALIDAD:\u00a0Responder a las consultas y \/ o proporcionar informaciones requeridas por el usuario.LEGITIMACI\u00d3N:\u00a0Consentimiento del interesado [&hellip;]\" \/>\n<meta property=\"og:url\" content=\"https:\/\/www.munord.com\/clientes\/asistencia-proveedor-externo\/\" \/>\n<meta property=\"og:site_name\" content=\"MUNORD\" \/>\n<meta property=\"article:modified_time\" content=\"2024-06-13T06:16:59+00:00\" \/>\n<meta name=\"twitter:card\" content=\"summary_large_image\" \/>\n<meta name=\"twitter:label1\" content=\"Tiempo de lectura\" \/>\n\t<meta name=\"twitter:data1\" content=\"1 minuto\" \/>\n<script type=\"application\/ld+json\" class=\"yoast-schema-graph\">{\"@context\":\"https:\\\/\\\/schema.org\",\"@graph\":[{\"@type\":\"WebPage\",\"@id\":\"https:\\\/\\\/www.munord.com\\\/clientes\\\/asistencia-proveedor-externo\\\/\",\"url\":\"https:\\\/\\\/www.munord.com\\\/clientes\\\/asistencia-proveedor-externo\\\/\",\"name\":\"Asistencia proveedor externo - MUNORD\",\"isPartOf\":{\"@id\":\"https:\\\/\\\/www.munord.com\\\/clientes\\\/#website\"},\"datePublished\":\"2021-02-21T17:57:47+00:00\",\"dateModified\":\"2024-06-13T06:16:59+00:00\",\"breadcrumb\":{\"@id\":\"https:\\\/\\\/www.munord.com\\\/clientes\\\/asistencia-proveedor-externo\\\/#breadcrumb\"},\"inLanguage\":\"es\",\"potentialAction\":[{\"@type\":\"ReadAction\",\"target\":[\"https:\\\/\\\/www.munord.com\\\/clientes\\\/asistencia-proveedor-externo\\\/\"]}]},{\"@type\":\"BreadcrumbList\",\"@id\":\"https:\\\/\\\/www.munord.com\\\/clientes\\\/asistencia-proveedor-externo\\\/#breadcrumb\",\"itemListElement\":[{\"@type\":\"ListItem\",\"position\":1,\"name\":\"Portada\",\"item\":\"https:\\\/\\\/www.munord.com\\\/clientes\\\/\"},{\"@type\":\"ListItem\",\"position\":2,\"name\":\"Asistencia proveedor externo\"}]},{\"@type\":\"WebSite\",\"@id\":\"https:\\\/\\\/www.munord.com\\\/clientes\\\/#website\",\"url\":\"https:\\\/\\\/www.munord.com\\\/clientes\\\/\",\"name\":\"MUNORD\",\"description\":\"Automatizaci\u00f3n al siguiente nivel\",\"publisher\":{\"@id\":\"https:\\\/\\\/www.munord.com\\\/clientes\\\/#organization\"},\"inLanguage\":\"es\"},{\"@type\":\"Organization\",\"@id\":\"https:\\\/\\\/www.munord.com\\\/clientes\\\/#organization\",\"name\":\"MUNORD\",\"url\":\"https:\\\/\\\/www.munord.com\\\/clientes\\\/\",\"logo\":{\"@type\":\"ImageObject\",\"inLanguage\":\"es\",\"@id\":\"https:\\\/\\\/www.munord.com\\\/clientes\\\/#\\\/schema\\\/logo\\\/image\\\/\",\"url\":\"https:\\\/\\\/www.munord.com\\\/clientes\\\/wp-content\\\/uploads\\\/2024\\\/06\\\/cropped-logo_munord.webp\",\"contentUrl\":\"https:\\\/\\\/www.munord.com\\\/clientes\\\/wp-content\\\/uploads\\\/2024\\\/06\\\/cropped-logo_munord.webp\",\"width\":300,\"height\":51,\"caption\":\"MUNORD\"},\"image\":{\"@id\":\"https:\\\/\\\/www.munord.com\\\/clientes\\\/#\\\/schema\\\/logo\\\/image\\\/\"}}]}<\/script>\n<!-- \/ Yoast SEO plugin. -->","yoast_head_json":{"title":"Asistencia proveedor externo - MUNORD","robots":{"index":"noindex","follow":"nofollow"},"og_locale":"es_ES","og_type":"article","og_title":"Asistencia proveedor externo - MUNORD","og_description":"Asistencia proveedor externo En MUNORD ofrecemos servicios web de manera online, si requiere asistencia para configurar su dispositivo u equipos, puede contactar con nuestro proveedor externo de servicios de inform\u00e1tica para solicitar un presupuesto: RESPONSABLE TRATAMIENTO: MUNORD &#8211; Gerard Muntan\u00e9 Ordo\u00f1ez\u00a0FINALIDAD:\u00a0Responder a las consultas y \/ o proporcionar informaciones requeridas por el usuario.LEGITIMACI\u00d3N:\u00a0Consentimiento del interesado [&hellip;]","og_url":"https:\/\/www.munord.com\/clientes\/asistencia-proveedor-externo\/","og_site_name":"MUNORD","article_modified_time":"2024-06-13T06:16:59+00:00","twitter_card":"summary_large_image","twitter_misc":{"Tiempo de lectura":"1 minuto"},"schema":{"@context":"https:\/\/schema.org","@graph":[{"@type":"WebPage","@id":"https:\/\/www.munord.com\/clientes\/asistencia-proveedor-externo\/","url":"https:\/\/www.munord.com\/clientes\/asistencia-proveedor-externo\/","name":"Asistencia proveedor externo - MUNORD","isPartOf":{"@id":"https:\/\/www.munord.com\/clientes\/#website"},"datePublished":"2021-02-21T17:57:47+00:00","dateModified":"2024-06-13T06:16:59+00:00","breadcrumb":{"@id":"https:\/\/www.munord.com\/clientes\/asistencia-proveedor-externo\/#breadcrumb"},"inLanguage":"es","potentialAction":[{"@type":"ReadAction","target":["https:\/\/www.munord.com\/clientes\/asistencia-proveedor-externo\/"]}]},{"@type":"BreadcrumbList","@id":"https:\/\/www.munord.com\/clientes\/asistencia-proveedor-externo\/#breadcrumb","itemListElement":[{"@type":"ListItem","position":1,"name":"Portada","item":"https:\/\/www.munord.com\/clientes\/"},{"@type":"ListItem","position":2,"name":"Asistencia proveedor externo"}]},{"@type":"WebSite","@id":"https:\/\/www.munord.com\/clientes\/#website","url":"https:\/\/www.munord.com\/clientes\/","name":"MUNORD","description":"Automatizaci\u00f3n al siguiente nivel","publisher":{"@id":"https:\/\/www.munord.com\/clientes\/#organization"},"inLanguage":"es"},{"@type":"Organization","@id":"https:\/\/www.munord.com\/clientes\/#organization","name":"MUNORD","url":"https:\/\/www.munord.com\/clientes\/","logo":{"@type":"ImageObject","inLanguage":"es","@id":"https:\/\/www.munord.com\/clientes\/#\/schema\/logo\/image\/","url":"https:\/\/www.munord.com\/clientes\/wp-content\/uploads\/2024\/06\/cropped-logo_munord.webp","contentUrl":"https:\/\/www.munord.com\/clientes\/wp-content\/uploads\/2024\/06\/cropped-logo_munord.webp","width":300,"height":51,"caption":"MUNORD"},"image":{"@id":"https:\/\/www.munord.com\/clientes\/#\/schema\/logo\/image\/"}}]}},"_links":{"self":[{"href":"https:\/\/www.munord.com\/clientes\/wp-json\/wp\/v2\/pages\/7216","targetHints":{"allow":["GET"]}}],"collection":[{"href":"https:\/\/www.munord.com\/clientes\/wp-json\/wp\/v2\/pages"}],"about":[{"href":"https:\/\/www.munord.com\/clientes\/wp-json\/wp\/v2\/types\/page"}],"author":[{"embeddable":true,"href":"https:\/\/www.munord.com\/clientes\/wp-json\/wp\/v2\/users\/49"}],"replies":[{"embeddable":true,"href":"https:\/\/www.munord.com\/clientes\/wp-json\/wp\/v2\/comments?post=7216"}],"version-history":[{"count":0,"href":"https:\/\/www.munord.com\/clientes\/wp-json\/wp\/v2\/pages\/7216\/revisions"}],"wp:attachment":[{"href":"https:\/\/www.munord.com\/clientes\/wp-json\/wp\/v2\/media?parent=7216"}],"curies":[{"name":"wp","href":"https:\/\/api.w.org\/{rel}","templated":true}]}}