{"id":1336,"date":"2018-05-15T09:57:28","date_gmt":"2018-05-15T07:57:28","guid":{"rendered":"https:\/\/www.munord.com\/clientes\/?post_type=product&#038;p=1336"},"modified":"2025-07-24T09:27:37","modified_gmt":"2025-07-24T07:27:37","slug":"adaptar-pagina-web-a-ley-de-proteccion-de-datos-lssi","status":"publish","type":"product","link":"https:\/\/www.munord.com\/clientes\/producto\/adaptar-pagina-web-a-ley-de-proteccion-de-datos-lssi\/","title":{"rendered":"Adaptar, revisar o actualizar p\u00e1gina web a ley de protecci\u00f3n de datos LSSI (no incluye textos legales)"},"content":{"rendered":"","protected":false},"excerpt":{"rendered":"<p>&nbsp;<\/p>\n<p><span style=\"font-size: 14pt;\">Adaptaci\u00f3n de su sitio web al cumplimiento ley de protecci\u00f3n de datos LSSI.<\/span><\/p>\n<ul>\n<li><span style=\"font-size: 14pt;\">Previo envi\u00f3 de documentos legales.<\/span><\/li>\n<li><span style=\"font-size: 14pt;\">Incluye incorporaci\u00f3n textos legales en pagina web y accesos directos en el footer de la p\u00e1gina web.<\/span><\/li>\n<li><span style=\"font-size: 14pt;\">Incluye popup de cookies.<\/span><\/li>\n<li><span style=\"font-size: 14pt;\">No incluye implantaci\u00f3n de servicios, aplicaciones o c\u00f3digos personalizados de servicios o aplicaciones externas. Si lo requiere, puede contratar el servicio:\u00a0<strong><a href=\"https:\/\/www.munord.com\/clientes\/producto\/implantacion-servicio-aplicacion-o-codigo-personalizado-de-una-aplicacion-externa\/\">Implantaci\u00f3n servicio, aplicaci\u00f3n o c\u00f3digo personalizado de una aplicaci\u00f3n externa<\/a><\/strong><\/span><\/li>\n<li><span style=\"font-size: 14pt;\">No incluye an\u00e1lisis ni implementaciones de medidas de seguridad de su sitio web.<\/span><\/li>\n<li><span style=\"font-size: 14pt;\">No incluye detector de cookies peri\u00f3dico autom\u00e1tico, las cookies que se detallaran ser\u00e1n las vigentes en momento de la realizaci\u00f3n del servicio. Es importante como indica la normativa informar siempre de todas las cookies y de su finalidad. Puede contratar dicho servicio mensual: <strong><a href=\"https:\/\/www.munord.com\/clientes\/producto\/detector-de-cookies-automatico\/\">Detector de cookies autom\u00e1tico<\/a><\/strong><\/span><\/li>\n<li><span style=\"font-size: 14pt;\">Adaptaci\u00f3n en el momento de la contrataci\u00f3n y durante 30 d\u00edas.<\/span><\/li>\n<\/ul>\n","protected":false},"featured_media":565,"template":"","meta":[],"product_brand":[],"product_cat":[62,24,77,78],"product_tag":[194],"class_list":{"0":"post-1336","1":"product","2":"type-product","3":"status-publish","4":"has-post-thumbnail","6":"product_cat-lssi","7":"product_cat-servicios","8":"product_cat-soporte-tecnico","9":"product_cat-tickets","10":"product_tag-ft","12":"first","13":"instock","14":"virtual","15":"taxable","16":"purchasable","17":"product-type-simple"},"yoast_head":"<!-- This site is optimized with the Yoast SEO plugin v27.4 - https:\/\/yoast.com\/product\/yoast-seo-wordpress\/ -->\n<title>Adaptar, revisar o actualizar p\u00e1gina web a ley de protecci\u00f3n de datos LSSI (no incluye textos legales) - MUNORD<\/title>\n<meta name=\"robots\" content=\"noindex, follow, max-snippet:-1, max-image-preview:large, max-video-preview:-1\" \/>\n<meta property=\"og:locale\" content=\"es_ES\" \/>\n<meta property=\"og:type\" content=\"article\" \/>\n<meta property=\"og:title\" content=\"Adaptar, revisar o actualizar p\u00e1gina web a ley de protecci\u00f3n de datos LSSI (no incluye textos legales) - MUNORD\" \/>\n<meta property=\"og:description\" content=\"&nbsp;  Adaptaci\u00f3n de su sitio web al cumplimiento ley de protecci\u00f3n de datos LSSI.   Previo envi\u00f3 de documentos legales.  Incluye incorporaci\u00f3n textos legales en pagina web y accesos directos en el footer de la p\u00e1gina web.  Incluye popup de cookies.  No incluye implantaci\u00f3n de servicios, aplicaciones o c\u00f3digos personalizados de servicios o aplicaciones externas. Si lo requiere, puede contratar el servicio:\u00a0Implantaci\u00f3n servicio, aplicaci\u00f3n o c\u00f3digo personalizado de una aplicaci\u00f3n externa  No incluye an\u00e1lisis ni implementaciones de medidas de seguridad de su sitio web.  No incluye detector de cookies peri\u00f3dico autom\u00e1tico, las cookies que se detallaran ser\u00e1n las vigentes en momento de la realizaci\u00f3n del servicio. Es importante como indica la normativa informar siempre de todas las cookies y de su finalidad. Puede contratar dicho servicio mensual: Detector de cookies autom\u00e1tico  Adaptaci\u00f3n en el momento de la contrataci\u00f3n y durante 30 d\u00edas.\" \/>\n<meta property=\"og:url\" content=\"https:\/\/www.munord.com\/clientes\/producto\/adaptar-pagina-web-a-ley-de-proteccion-de-datos-lssi\/\" \/>\n<meta property=\"og:site_name\" content=\"MUNORD\" \/>\n<meta property=\"article:modified_time\" content=\"2025-07-24T07:27:37+00:00\" \/>\n<meta property=\"og:image\" content=\"https:\/\/www.munord.com\/clientes\/wp-content\/uploads\/2018\/03\/PRODUCTOS-Y-SERVICIOS-1-1-1-1.png\" \/>\n\t<meta property=\"og:image:width\" content=\"600\" \/>\n\t<meta property=\"og:image:height\" content=\"600\" \/>\n\t<meta property=\"og:image:type\" content=\"image\/png\" \/>\n<meta name=\"twitter:card\" content=\"summary_large_image\" \/>\n<meta name=\"twitter:label1\" content=\"Tiempo de lectura\" \/>\n\t<meta name=\"twitter:data1\" content=\"1 minuto\" \/>\n<script type=\"application\/ld+json\" class=\"yoast-schema-graph\">{\"@context\":\"https:\\\/\\\/schema.org\",\"@graph\":[{\"@type\":\"WebPage\",\"@id\":\"https:\\\/\\\/www.munord.com\\\/clientes\\\/producto\\\/adaptar-pagina-web-a-ley-de-proteccion-de-datos-lssi\\\/\",\"url\":\"https:\\\/\\\/www.munord.com\\\/clientes\\\/producto\\\/adaptar-pagina-web-a-ley-de-proteccion-de-datos-lssi\\\/\",\"name\":\"Adaptar, revisar o actualizar p\u00e1gina web a ley de protecci\u00f3n de datos LSSI (no incluye textos legales) - MUNORD\",\"isPartOf\":{\"@id\":\"https:\\\/\\\/www.munord.com\\\/clientes\\\/#website\"},\"primaryImageOfPage\":{\"@id\":\"https:\\\/\\\/www.munord.com\\\/clientes\\\/producto\\\/adaptar-pagina-web-a-ley-de-proteccion-de-datos-lssi\\\/#primaryimage\"},\"image\":{\"@id\":\"https:\\\/\\\/www.munord.com\\\/clientes\\\/producto\\\/adaptar-pagina-web-a-ley-de-proteccion-de-datos-lssi\\\/#primaryimage\"},\"thumbnailUrl\":\"https:\\\/\\\/www.munord.com\\\/clientes\\\/wp-content\\\/uploads\\\/2018\\\/03\\\/PRODUCTOS-Y-SERVICIOS-1-1-1-1.png\",\"datePublished\":\"2018-05-15T07:57:28+00:00\",\"dateModified\":\"2025-07-24T07:27:37+00:00\",\"breadcrumb\":{\"@id\":\"https:\\\/\\\/www.munord.com\\\/clientes\\\/producto\\\/adaptar-pagina-web-a-ley-de-proteccion-de-datos-lssi\\\/#breadcrumb\"},\"inLanguage\":\"es\",\"potentialAction\":[{\"@type\":\"ReadAction\",\"target\":[\"https:\\\/\\\/www.munord.com\\\/clientes\\\/producto\\\/adaptar-pagina-web-a-ley-de-proteccion-de-datos-lssi\\\/\"]}]},{\"@type\":\"ImageObject\",\"inLanguage\":\"es\",\"@id\":\"https:\\\/\\\/www.munord.com\\\/clientes\\\/producto\\\/adaptar-pagina-web-a-ley-de-proteccion-de-datos-lssi\\\/#primaryimage\",\"url\":\"https:\\\/\\\/www.munord.com\\\/clientes\\\/wp-content\\\/uploads\\\/2018\\\/03\\\/PRODUCTOS-Y-SERVICIOS-1-1-1-1.png\",\"contentUrl\":\"https:\\\/\\\/www.munord.com\\\/clientes\\\/wp-content\\\/uploads\\\/2018\\\/03\\\/PRODUCTOS-Y-SERVICIOS-1-1-1-1.png\",\"width\":600,\"height\":600},{\"@type\":\"BreadcrumbList\",\"@id\":\"https:\\\/\\\/www.munord.com\\\/clientes\\\/producto\\\/adaptar-pagina-web-a-ley-de-proteccion-de-datos-lssi\\\/#breadcrumb\",\"itemListElement\":[{\"@type\":\"ListItem\",\"position\":1,\"name\":\"Portada\",\"item\":\"https:\\\/\\\/www.munord.com\\\/clientes\\\/\"},{\"@type\":\"ListItem\",\"position\":2,\"name\":\"Tienda\",\"item\":\"https:\\\/\\\/www.munord.com\\\/clientes\\\/tienda\\\/\"},{\"@type\":\"ListItem\",\"position\":3,\"name\":\"Adaptar, revisar o actualizar p\u00e1gina web a ley de protecci\u00f3n de datos LSSI (no incluye textos legales)\"}]},{\"@type\":\"WebSite\",\"@id\":\"https:\\\/\\\/www.munord.com\\\/clientes\\\/#website\",\"url\":\"https:\\\/\\\/www.munord.com\\\/clientes\\\/\",\"name\":\"MUNORD\",\"description\":\"Automatizaci\u00f3n al siguiente nivel\",\"publisher\":{\"@id\":\"https:\\\/\\\/www.munord.com\\\/clientes\\\/#organization\"},\"inLanguage\":\"es\"},{\"@type\":\"Organization\",\"@id\":\"https:\\\/\\\/www.munord.com\\\/clientes\\\/#organization\",\"name\":\"MUNORD\",\"url\":\"https:\\\/\\\/www.munord.com\\\/clientes\\\/\",\"logo\":{\"@type\":\"ImageObject\",\"inLanguage\":\"es\",\"@id\":\"https:\\\/\\\/www.munord.com\\\/clientes\\\/#\\\/schema\\\/logo\\\/image\\\/\",\"url\":\"https:\\\/\\\/www.munord.com\\\/clientes\\\/wp-content\\\/uploads\\\/2024\\\/06\\\/cropped-logo_munord.webp\",\"contentUrl\":\"https:\\\/\\\/www.munord.com\\\/clientes\\\/wp-content\\\/uploads\\\/2024\\\/06\\\/cropped-logo_munord.webp\",\"width\":300,\"height\":51,\"caption\":\"MUNORD\"},\"image\":{\"@id\":\"https:\\\/\\\/www.munord.com\\\/clientes\\\/#\\\/schema\\\/logo\\\/image\\\/\"}}]}<\/script>\n<!-- \/ Yoast SEO plugin. -->","yoast_head_json":{"title":"Adaptar, revisar o actualizar p\u00e1gina web a ley de protecci\u00f3n de datos LSSI (no incluye textos legales) - MUNORD","robots":{"index":"noindex","follow":"follow","max-snippet":"max-snippet:-1","max-image-preview":"max-image-preview:large","max-video-preview":"max-video-preview:-1"},"og_locale":"es_ES","og_type":"article","og_title":"Adaptar, revisar o actualizar p\u00e1gina web a ley de protecci\u00f3n de datos LSSI (no incluye textos legales) - MUNORD","og_description":"&nbsp;  Adaptaci\u00f3n de su sitio web al cumplimiento ley de protecci\u00f3n de datos LSSI.   Previo envi\u00f3 de documentos legales.  Incluye incorporaci\u00f3n textos legales en pagina web y accesos directos en el footer de la p\u00e1gina web.  Incluye popup de cookies.  No incluye implantaci\u00f3n de servicios, aplicaciones o c\u00f3digos personalizados de servicios o aplicaciones externas. Si lo requiere, puede contratar el servicio:\u00a0Implantaci\u00f3n servicio, aplicaci\u00f3n o c\u00f3digo personalizado de una aplicaci\u00f3n externa  No incluye an\u00e1lisis ni implementaciones de medidas de seguridad de su sitio web.  No incluye detector de cookies peri\u00f3dico autom\u00e1tico, las cookies que se detallaran ser\u00e1n las vigentes en momento de la realizaci\u00f3n del servicio. Es importante como indica la normativa informar siempre de todas las cookies y de su finalidad. Puede contratar dicho servicio mensual: Detector de cookies autom\u00e1tico  Adaptaci\u00f3n en el momento de la contrataci\u00f3n y durante 30 d\u00edas.","og_url":"https:\/\/www.munord.com\/clientes\/producto\/adaptar-pagina-web-a-ley-de-proteccion-de-datos-lssi\/","og_site_name":"MUNORD","article_modified_time":"2025-07-24T07:27:37+00:00","og_image":[{"width":600,"height":600,"url":"https:\/\/www.munord.com\/clientes\/wp-content\/uploads\/2018\/03\/PRODUCTOS-Y-SERVICIOS-1-1-1-1.png","type":"image\/png"}],"twitter_card":"summary_large_image","twitter_misc":{"Tiempo de lectura":"1 minuto"},"schema":{"@context":"https:\/\/schema.org","@graph":[{"@type":"WebPage","@id":"https:\/\/www.munord.com\/clientes\/producto\/adaptar-pagina-web-a-ley-de-proteccion-de-datos-lssi\/","url":"https:\/\/www.munord.com\/clientes\/producto\/adaptar-pagina-web-a-ley-de-proteccion-de-datos-lssi\/","name":"Adaptar, revisar o actualizar p\u00e1gina web a ley de protecci\u00f3n de datos LSSI (no incluye textos legales) - MUNORD","isPartOf":{"@id":"https:\/\/www.munord.com\/clientes\/#website"},"primaryImageOfPage":{"@id":"https:\/\/www.munord.com\/clientes\/producto\/adaptar-pagina-web-a-ley-de-proteccion-de-datos-lssi\/#primaryimage"},"image":{"@id":"https:\/\/www.munord.com\/clientes\/producto\/adaptar-pagina-web-a-ley-de-proteccion-de-datos-lssi\/#primaryimage"},"thumbnailUrl":"https:\/\/www.munord.com\/clientes\/wp-content\/uploads\/2018\/03\/PRODUCTOS-Y-SERVICIOS-1-1-1-1.png","datePublished":"2018-05-15T07:57:28+00:00","dateModified":"2025-07-24T07:27:37+00:00","breadcrumb":{"@id":"https:\/\/www.munord.com\/clientes\/producto\/adaptar-pagina-web-a-ley-de-proteccion-de-datos-lssi\/#breadcrumb"},"inLanguage":"es","potentialAction":[{"@type":"ReadAction","target":["https:\/\/www.munord.com\/clientes\/producto\/adaptar-pagina-web-a-ley-de-proteccion-de-datos-lssi\/"]}]},{"@type":"ImageObject","inLanguage":"es","@id":"https:\/\/www.munord.com\/clientes\/producto\/adaptar-pagina-web-a-ley-de-proteccion-de-datos-lssi\/#primaryimage","url":"https:\/\/www.munord.com\/clientes\/wp-content\/uploads\/2018\/03\/PRODUCTOS-Y-SERVICIOS-1-1-1-1.png","contentUrl":"https:\/\/www.munord.com\/clientes\/wp-content\/uploads\/2018\/03\/PRODUCTOS-Y-SERVICIOS-1-1-1-1.png","width":600,"height":600},{"@type":"BreadcrumbList","@id":"https:\/\/www.munord.com\/clientes\/producto\/adaptar-pagina-web-a-ley-de-proteccion-de-datos-lssi\/#breadcrumb","itemListElement":[{"@type":"ListItem","position":1,"name":"Portada","item":"https:\/\/www.munord.com\/clientes\/"},{"@type":"ListItem","position":2,"name":"Tienda","item":"https:\/\/www.munord.com\/clientes\/tienda\/"},{"@type":"ListItem","position":3,"name":"Adaptar, revisar o actualizar p\u00e1gina web a ley de protecci\u00f3n de datos LSSI (no incluye textos legales)"}]},{"@type":"WebSite","@id":"https:\/\/www.munord.com\/clientes\/#website","url":"https:\/\/www.munord.com\/clientes\/","name":"MUNORD","description":"Automatizaci\u00f3n al siguiente nivel","publisher":{"@id":"https:\/\/www.munord.com\/clientes\/#organization"},"inLanguage":"es"},{"@type":"Organization","@id":"https:\/\/www.munord.com\/clientes\/#organization","name":"MUNORD","url":"https:\/\/www.munord.com\/clientes\/","logo":{"@type":"ImageObject","inLanguage":"es","@id":"https:\/\/www.munord.com\/clientes\/#\/schema\/logo\/image\/","url":"https:\/\/www.munord.com\/clientes\/wp-content\/uploads\/2024\/06\/cropped-logo_munord.webp","contentUrl":"https:\/\/www.munord.com\/clientes\/wp-content\/uploads\/2024\/06\/cropped-logo_munord.webp","width":300,"height":51,"caption":"MUNORD"},"image":{"@id":"https:\/\/www.munord.com\/clientes\/#\/schema\/logo\/image\/"}}]}},"_links":{"self":[{"href":"https:\/\/www.munord.com\/clientes\/wp-json\/wp\/v2\/product\/1336","targetHints":{"allow":["GET"]}}],"collection":[{"href":"https:\/\/www.munord.com\/clientes\/wp-json\/wp\/v2\/product"}],"about":[{"href":"https:\/\/www.munord.com\/clientes\/wp-json\/wp\/v2\/types\/product"}],"version-history":[{"count":3,"href":"https:\/\/www.munord.com\/clientes\/wp-json\/wp\/v2\/product\/1336\/revisions"}],"predecessor-version":[{"id":15801,"href":"https:\/\/www.munord.com\/clientes\/wp-json\/wp\/v2\/product\/1336\/revisions\/15801"}],"wp:featuredmedia":[{"embeddable":true,"href":"https:\/\/www.munord.com\/clientes\/wp-json\/wp\/v2\/media\/565"}],"wp:attachment":[{"href":"https:\/\/www.munord.com\/clientes\/wp-json\/wp\/v2\/media?parent=1336"}],"wp:term":[{"taxonomy":"product_brand","embeddable":true,"href":"https:\/\/www.munord.com\/clientes\/wp-json\/wp\/v2\/product_brand?post=1336"},{"taxonomy":"product_cat","embeddable":true,"href":"https:\/\/www.munord.com\/clientes\/wp-json\/wp\/v2\/product_cat?post=1336"},{"taxonomy":"product_tag","embeddable":true,"href":"https:\/\/www.munord.com\/clientes\/wp-json\/wp\/v2\/product_tag?post=1336"}],"curies":[{"name":"wp","href":"https:\/\/api.w.org\/{rel}","templated":true}]}}