{"id":4717,"date":"2019-09-14T08:32:46","date_gmt":"2019-09-14T06:32:46","guid":{"rendered":"https:\/\/www.munord.com\/clientes\/?post_type=product&#038;p=4717"},"modified":"2026-04-24T18:53:08","modified_gmt":"2026-04-24T16:53:08","slug":"asistencia-tecnica-urgente","status":"publish","type":"product","link":"https:\/\/www.munord.com\/clientes\/producto\/asistencia-tecnica-urgente\/","title":{"rendered":"ASISTENCIA T\u00c9CNICA URGENTE"},"content":{"rendered":"<ul>\n<li>Consultar previamente\u00a0<a href=\"https:\/\/www.munord.com\/clientes\/contactar\/\">disponiblidad<\/a><\/li>\n<li>El consumo de tickets, corresponde al tiempo necesario para realizar la tarea solicitada, 1 ticket equivale a 1 hora de trabajo o a una solicitud. Si en un ticket se hacen varias solicitudes, el numero de tickets va a depender del tiempo de desarrollo y consumir\u00e1 1 ticket\/hora.<\/li>\n<li><em>Ejemplo: Si se hace una solicitud que requiere menos de una hora de trabajo\u00a0el lunes y otra solicitud el martes, cada d\u00eda consumir\u00e1 un ticket, total dos tickets. Las horas no son acumulables.<\/em><\/li>\n<li style=\"list-style-type: none;\"><\/li>\n<\/ul>\n","protected":false},"excerpt":{"rendered":"<p>\/hora<\/p>\n<p><span style=\"font-size: 14pt;\">Des de MUNORD no atendemos urgencias, por favor, consulte nuestro horario y <strong><a href=\"https:\/\/www.munord.com\/clientes\/contactar\/\"><span style=\"text-decoration: underline;\">tiempos de respuesta y entrega<\/span>.<\/a><\/strong> Si tiene una <strong>urgencia<\/strong>, este servicio le podr\u00e1 en contacto con un t\u00e9cnico externo colaborador que se pondr\u00e1 en contacto en breve.<\/span><\/p>\n<p><span style=\"font-size: 14pt;\">Utilice el servicio de asistencia t\u00e9cnica urgente para realizar tareas fuera de nuestro horario habitual o para recibir una respuesta prioritaria adelantando los <span style=\"text-decoration: underline;\"><a href=\"https:\/\/www.munord.com\/clientes\/contactar\/\">tiempos habituales<\/a><\/span>, donde un t\u00e9cnico externo colaborador se pondr\u00e1 en contacto con usted en la mayor brevedad posible.<\/span><\/p>\n<p><span style=\"text-decoration: underline;\"><strong><span style=\"font-size: 14pt;\">\u00b7 Servicio no incluido, auditorias periodicas, tiquets estandars o packs de tiquets<\/span><\/strong><\/span><\/p>\n<p><span style=\"font-size: 14pt;\">Incluye:<\/span><\/p>\n<div class=\"ptsCell\">\n<div class=\"ptsEl\" data-el=\"table_cell_txt\" data-type=\"txt\">\n<ul>\n<li><span style=\"font-size: 14pt;\">1 Ticket<\/span><\/li>\n<li><span style=\"font-size: 14pt;\">Asistencia por email y tickets<\/span><\/li>\n<li><span style=\"font-size: 14pt;\">Prioridad:\u00a0<b>Intervenci\u00f3n<\/b><b> en menos de 8h en horario laboral y de 24h fuera del horario comercial*<\/b><\/span><\/li>\n<li><span style=\"font-size: 14pt;\">Plazo de entrega:\u00a0<b>Inferior a 24h* (dependiendo del problema puede suponer plazos de tiempo superiores).<\/b><\/span><\/li>\n<li><span style=\"font-size: 14pt;\">No incluye comunicaci\u00f3n con terceros<\/span><\/li>\n<li><span style=\"font-size: 14pt;\">La hora sale a 85\u20ac\/h<\/span><\/li>\n<\/ul>\n<p>&nbsp;<\/p>\n<p><span style=\"font-size: 14pt;\">Una vez recibido el importe del pedido, un t\u00e9cnico se pondr\u00e1 en contacto con usted por ticket en la mayor brevedad*.<\/span><\/p>\n<\/div>\n<\/div>\n","protected":false},"featured_media":552,"template":"","meta":[],"product_brand":[],"product_cat":[77,78],"product_tag":[194],"class_list":{"0":"post-4717","1":"product","2":"type-product","3":"status-publish","4":"has-post-thumbnail","6":"product_cat-soporte-tecnico","7":"product_cat-tickets","8":"product_tag-ft","10":"first","11":"instock","12":"virtual","13":"taxable","14":"purchasable","15":"product-type-simple"},"yoast_head":"<!-- This site is optimized with the Yoast SEO plugin v27.6 - https:\/\/yoast.com\/product\/yoast-seo-wordpress\/ -->\n<title>ASISTENCIA T\u00c9CNICA URGENTE - MUNORD<\/title>\n<meta name=\"robots\" content=\"noindex, follow, max-snippet:-1, max-image-preview:large, max-video-preview:-1\" \/>\n<meta property=\"og:locale\" content=\"es_ES\" \/>\n<meta property=\"og:type\" content=\"article\" \/>\n<meta property=\"og:title\" content=\"ASISTENCIA T\u00c9CNICA URGENTE - MUNORD\" \/>\n<meta property=\"og:description\" content=\"\/hora  Des de MUNORD no atendemos urgencias, por favor, consulte nuestro horario y tiempos de respuesta y entrega. Si tiene una urgencia, este servicio le podr\u00e1 en contacto con un t\u00e9cnico externo colaborador que se pondr\u00e1 en contacto en breve.  Utilice el servicio de asistencia t\u00e9cnica urgente para realizar tareas fuera de nuestro horario habitual o para recibir una respuesta prioritaria adelantando los tiempos habituales, donde un t\u00e9cnico externo colaborador se pondr\u00e1 en contacto con usted en la mayor brevedad posible.  \u00b7 Servicio no incluido, auditorias periodicas, tiquets estandars o packs de tiquets  Incluye:     1 Ticket  Asistencia por email y tickets  Prioridad:\u00a0Intervenci\u00f3n en menos de 8h en horario laboral y de 24h fuera del horario comercial*  Plazo de entrega:\u00a0Inferior a 24h* (dependiendo del problema puede suponer plazos de tiempo superiores).  No incluye comunicaci\u00f3n con terceros  La hora sale a 85\u20ac\/h  &nbsp;  Una vez recibido el importe del pedido, un t\u00e9cnico se pondr\u00e1 en contacto con usted por ticket en la mayor brevedad*.\" \/>\n<meta property=\"og:url\" content=\"https:\/\/www.munord.com\/clientes\/producto\/asistencia-tecnica-urgente\/\" \/>\n<meta property=\"og:site_name\" content=\"MUNORD\" \/>\n<meta property=\"article:modified_time\" content=\"2026-04-24T16:53:08+00:00\" \/>\n<meta property=\"og:image\" content=\"https:\/\/www.munord.com\/clientes\/wp-content\/uploads\/2018\/03\/ticket_asistencia_tecnica-1.png\" \/>\n\t<meta property=\"og:image:width\" content=\"300\" \/>\n\t<meta property=\"og:image:height\" content=\"300\" \/>\n\t<meta property=\"og:image:type\" content=\"image\/png\" \/>\n<meta name=\"twitter:card\" content=\"summary_large_image\" \/>\n<meta name=\"twitter:label1\" content=\"Tiempo de lectura\" \/>\n\t<meta name=\"twitter:data1\" content=\"1 minuto\" \/>\n<script type=\"application\/ld+json\" class=\"yoast-schema-graph\">{\"@context\":\"https:\\\/\\\/schema.org\",\"@graph\":[{\"@type\":\"WebPage\",\"@id\":\"https:\\\/\\\/www.munord.com\\\/clientes\\\/producto\\\/asistencia-tecnica-urgente\\\/\",\"url\":\"https:\\\/\\\/www.munord.com\\\/clientes\\\/producto\\\/asistencia-tecnica-urgente\\\/\",\"name\":\"ASISTENCIA T\u00c9CNICA URGENTE - MUNORD\",\"isPartOf\":{\"@id\":\"https:\\\/\\\/www.munord.com\\\/clientes\\\/#website\"},\"primaryImageOfPage\":{\"@id\":\"https:\\\/\\\/www.munord.com\\\/clientes\\\/producto\\\/asistencia-tecnica-urgente\\\/#primaryimage\"},\"image\":{\"@id\":\"https:\\\/\\\/www.munord.com\\\/clientes\\\/producto\\\/asistencia-tecnica-urgente\\\/#primaryimage\"},\"thumbnailUrl\":\"https:\\\/\\\/www.munord.com\\\/clientes\\\/wp-content\\\/uploads\\\/2018\\\/03\\\/ticket_asistencia_tecnica-1.png\",\"datePublished\":\"2019-09-14T06:32:46+00:00\",\"dateModified\":\"2026-04-24T16:53:08+00:00\",\"breadcrumb\":{\"@id\":\"https:\\\/\\\/www.munord.com\\\/clientes\\\/producto\\\/asistencia-tecnica-urgente\\\/#breadcrumb\"},\"inLanguage\":\"es\",\"potentialAction\":[{\"@type\":\"ReadAction\",\"target\":[\"https:\\\/\\\/www.munord.com\\\/clientes\\\/producto\\\/asistencia-tecnica-urgente\\\/\"]}]},{\"@type\":\"ImageObject\",\"inLanguage\":\"es\",\"@id\":\"https:\\\/\\\/www.munord.com\\\/clientes\\\/producto\\\/asistencia-tecnica-urgente\\\/#primaryimage\",\"url\":\"https:\\\/\\\/www.munord.com\\\/clientes\\\/wp-content\\\/uploads\\\/2018\\\/03\\\/ticket_asistencia_tecnica-1.png\",\"contentUrl\":\"https:\\\/\\\/www.munord.com\\\/clientes\\\/wp-content\\\/uploads\\\/2018\\\/03\\\/ticket_asistencia_tecnica-1.png\",\"width\":300,\"height\":300},{\"@type\":\"BreadcrumbList\",\"@id\":\"https:\\\/\\\/www.munord.com\\\/clientes\\\/producto\\\/asistencia-tecnica-urgente\\\/#breadcrumb\",\"itemListElement\":[{\"@type\":\"ListItem\",\"position\":1,\"name\":\"Portada\",\"item\":\"https:\\\/\\\/www.munord.com\\\/clientes\\\/\"},{\"@type\":\"ListItem\",\"position\":2,\"name\":\"Tienda\",\"item\":\"https:\\\/\\\/www.munord.com\\\/clientes\\\/tienda\\\/\"},{\"@type\":\"ListItem\",\"position\":3,\"name\":\"ASISTENCIA T\u00c9CNICA URGENTE\"}]},{\"@type\":\"WebSite\",\"@id\":\"https:\\\/\\\/www.munord.com\\\/clientes\\\/#website\",\"url\":\"https:\\\/\\\/www.munord.com\\\/clientes\\\/\",\"name\":\"MUNORD\",\"description\":\"Automatizaci\u00f3n al siguiente nivel\",\"publisher\":{\"@id\":\"https:\\\/\\\/www.munord.com\\\/clientes\\\/#organization\"},\"inLanguage\":\"es\"},{\"@type\":\"Organization\",\"@id\":\"https:\\\/\\\/www.munord.com\\\/clientes\\\/#organization\",\"name\":\"MUNORD\",\"url\":\"https:\\\/\\\/www.munord.com\\\/clientes\\\/\",\"logo\":{\"@type\":\"ImageObject\",\"inLanguage\":\"es\",\"@id\":\"https:\\\/\\\/www.munord.com\\\/clientes\\\/#\\\/schema\\\/logo\\\/image\\\/\",\"url\":\"https:\\\/\\\/www.munord.com\\\/clientes\\\/wp-content\\\/uploads\\\/2024\\\/06\\\/cropped-logo_munord.webp\",\"contentUrl\":\"https:\\\/\\\/www.munord.com\\\/clientes\\\/wp-content\\\/uploads\\\/2024\\\/06\\\/cropped-logo_munord.webp\",\"width\":300,\"height\":51,\"caption\":\"MUNORD\"},\"image\":{\"@id\":\"https:\\\/\\\/www.munord.com\\\/clientes\\\/#\\\/schema\\\/logo\\\/image\\\/\"}}]}<\/script>\n<!-- \/ Yoast SEO plugin. -->","yoast_head_json":{"title":"ASISTENCIA T\u00c9CNICA URGENTE - MUNORD","robots":{"index":"noindex","follow":"follow","max-snippet":"max-snippet:-1","max-image-preview":"max-image-preview:large","max-video-preview":"max-video-preview:-1"},"og_locale":"es_ES","og_type":"article","og_title":"ASISTENCIA T\u00c9CNICA URGENTE - MUNORD","og_description":"\/hora  Des de MUNORD no atendemos urgencias, por favor, consulte nuestro horario y tiempos de respuesta y entrega. Si tiene una urgencia, este servicio le podr\u00e1 en contacto con un t\u00e9cnico externo colaborador que se pondr\u00e1 en contacto en breve.  Utilice el servicio de asistencia t\u00e9cnica urgente para realizar tareas fuera de nuestro horario habitual o para recibir una respuesta prioritaria adelantando los tiempos habituales, donde un t\u00e9cnico externo colaborador se pondr\u00e1 en contacto con usted en la mayor brevedad posible.  \u00b7 Servicio no incluido, auditorias periodicas, tiquets estandars o packs de tiquets  Incluye:     1 Ticket  Asistencia por email y tickets  Prioridad:\u00a0Intervenci\u00f3n en menos de 8h en horario laboral y de 24h fuera del horario comercial*  Plazo de entrega:\u00a0Inferior a 24h* (dependiendo del problema puede suponer plazos de tiempo superiores).  No incluye comunicaci\u00f3n con terceros  La hora sale a 85\u20ac\/h  &nbsp;  Una vez recibido el importe del pedido, un t\u00e9cnico se pondr\u00e1 en contacto con usted por ticket en la mayor brevedad*.","og_url":"https:\/\/www.munord.com\/clientes\/producto\/asistencia-tecnica-urgente\/","og_site_name":"MUNORD","article_modified_time":"2026-04-24T16:53:08+00:00","og_image":[{"width":300,"height":300,"url":"https:\/\/www.munord.com\/clientes\/wp-content\/uploads\/2018\/03\/ticket_asistencia_tecnica-1.png","type":"image\/png"}],"twitter_card":"summary_large_image","twitter_misc":{"Tiempo de lectura":"1 minuto"},"schema":{"@context":"https:\/\/schema.org","@graph":[{"@type":"WebPage","@id":"https:\/\/www.munord.com\/clientes\/producto\/asistencia-tecnica-urgente\/","url":"https:\/\/www.munord.com\/clientes\/producto\/asistencia-tecnica-urgente\/","name":"ASISTENCIA T\u00c9CNICA URGENTE - MUNORD","isPartOf":{"@id":"https:\/\/www.munord.com\/clientes\/#website"},"primaryImageOfPage":{"@id":"https:\/\/www.munord.com\/clientes\/producto\/asistencia-tecnica-urgente\/#primaryimage"},"image":{"@id":"https:\/\/www.munord.com\/clientes\/producto\/asistencia-tecnica-urgente\/#primaryimage"},"thumbnailUrl":"https:\/\/www.munord.com\/clientes\/wp-content\/uploads\/2018\/03\/ticket_asistencia_tecnica-1.png","datePublished":"2019-09-14T06:32:46+00:00","dateModified":"2026-04-24T16:53:08+00:00","breadcrumb":{"@id":"https:\/\/www.munord.com\/clientes\/producto\/asistencia-tecnica-urgente\/#breadcrumb"},"inLanguage":"es","potentialAction":[{"@type":"ReadAction","target":["https:\/\/www.munord.com\/clientes\/producto\/asistencia-tecnica-urgente\/"]}]},{"@type":"ImageObject","inLanguage":"es","@id":"https:\/\/www.munord.com\/clientes\/producto\/asistencia-tecnica-urgente\/#primaryimage","url":"https:\/\/www.munord.com\/clientes\/wp-content\/uploads\/2018\/03\/ticket_asistencia_tecnica-1.png","contentUrl":"https:\/\/www.munord.com\/clientes\/wp-content\/uploads\/2018\/03\/ticket_asistencia_tecnica-1.png","width":300,"height":300},{"@type":"BreadcrumbList","@id":"https:\/\/www.munord.com\/clientes\/producto\/asistencia-tecnica-urgente\/#breadcrumb","itemListElement":[{"@type":"ListItem","position":1,"name":"Portada","item":"https:\/\/www.munord.com\/clientes\/"},{"@type":"ListItem","position":2,"name":"Tienda","item":"https:\/\/www.munord.com\/clientes\/tienda\/"},{"@type":"ListItem","position":3,"name":"ASISTENCIA T\u00c9CNICA URGENTE"}]},{"@type":"WebSite","@id":"https:\/\/www.munord.com\/clientes\/#website","url":"https:\/\/www.munord.com\/clientes\/","name":"MUNORD","description":"Automatizaci\u00f3n al siguiente nivel","publisher":{"@id":"https:\/\/www.munord.com\/clientes\/#organization"},"inLanguage":"es"},{"@type":"Organization","@id":"https:\/\/www.munord.com\/clientes\/#organization","name":"MUNORD","url":"https:\/\/www.munord.com\/clientes\/","logo":{"@type":"ImageObject","inLanguage":"es","@id":"https:\/\/www.munord.com\/clientes\/#\/schema\/logo\/image\/","url":"https:\/\/www.munord.com\/clientes\/wp-content\/uploads\/2024\/06\/cropped-logo_munord.webp","contentUrl":"https:\/\/www.munord.com\/clientes\/wp-content\/uploads\/2024\/06\/cropped-logo_munord.webp","width":300,"height":51,"caption":"MUNORD"},"image":{"@id":"https:\/\/www.munord.com\/clientes\/#\/schema\/logo\/image\/"}}]}},"_links":{"self":[{"href":"https:\/\/www.munord.com\/clientes\/wp-json\/wp\/v2\/product\/4717","targetHints":{"allow":["GET"]}}],"collection":[{"href":"https:\/\/www.munord.com\/clientes\/wp-json\/wp\/v2\/product"}],"about":[{"href":"https:\/\/www.munord.com\/clientes\/wp-json\/wp\/v2\/types\/product"}],"version-history":[{"count":8,"href":"https:\/\/www.munord.com\/clientes\/wp-json\/wp\/v2\/product\/4717\/revisions"}],"predecessor-version":[{"id":16218,"href":"https:\/\/www.munord.com\/clientes\/wp-json\/wp\/v2\/product\/4717\/revisions\/16218"}],"wp:featuredmedia":[{"embeddable":true,"href":"https:\/\/www.munord.com\/clientes\/wp-json\/wp\/v2\/media\/552"}],"wp:attachment":[{"href":"https:\/\/www.munord.com\/clientes\/wp-json\/wp\/v2\/media?parent=4717"}],"wp:term":[{"taxonomy":"product_brand","embeddable":true,"href":"https:\/\/www.munord.com\/clientes\/wp-json\/wp\/v2\/product_brand?post=4717"},{"taxonomy":"product_cat","embeddable":true,"href":"https:\/\/www.munord.com\/clientes\/wp-json\/wp\/v2\/product_cat?post=4717"},{"taxonomy":"product_tag","embeddable":true,"href":"https:\/\/www.munord.com\/clientes\/wp-json\/wp\/v2\/product_tag?post=4717"}],"curies":[{"name":"wp","href":"https:\/\/api.w.org\/{rel}","templated":true}]}}