{"id":584,"date":"2018-03-25T17:19:01","date_gmt":"2018-03-25T15:19:01","guid":{"rendered":"https:\/\/www.munord.com\/clientes\/?post_type=product&#038;p=584"},"modified":"2025-12-04T08:32:15","modified_gmt":"2025-12-04T07:32:15","slug":"idioma-adicional","status":"publish","type":"product","link":"https:\/\/www.munord.com\/clientes\/producto\/idioma-adicional\/","title":{"rendered":"Idioma adicional"},"content":{"rendered":"<p>&nbsp;<\/p>\n<ul>\n<li><span style=\"font-size: 14pt;\">Incluye un mes de asistencia t\u00e9cnica.<\/span><\/li>\n<li><span style=\"font-size: 18.6667px;\">Se requiere la previa contrataci\u00f3n del servicio <a href=\"https:\/\/www.munord.com\/clientes\/producto\/sistema-de-traduccion-profesional\/\">SISTEMA DE TRADUCCI\u00d3N PROFESIONAL (2 IDIOMAS INCL.)<\/a><br \/>\n<\/span><\/li>\n<\/ul>\n<p>&nbsp;<\/p>\n","protected":false},"excerpt":{"rendered":"<p>&nbsp;<\/p>\n<ul>\n<li><span style=\"font-size: 14pt;\">A\u00f1ade idiomas adicionales para acceder a un mayor p\u00fablico. Las traducciones son manuales en cada idioma.<\/span><\/li>\n<li><span style=\"font-size: 14pt;\">El sistema incluye la subida de contenido de ejemplo (m\u00e1x 10 p\u00e1ginas, 10 secciones o 10 productos) en la contrataci\u00f3n de una nueva p\u00e1gina web o tienda online en MUNORD.<\/span><\/li>\n<\/ul>\n<p>&nbsp;<\/p>\n","protected":false},"featured_media":565,"template":"","meta":[],"product_brand":[],"product_cat":[55,23,77,78],"product_tag":[194],"class_list":{"0":"post-584","1":"product","2":"type-product","3":"status-publish","4":"has-post-thumbnail","6":"product_cat-plugin","7":"product_cat-productos","8":"product_cat-soporte-tecnico","9":"product_cat-tickets","10":"product_tag-ft","12":"first","13":"instock","14":"virtual","15":"taxable","16":"purchasable","17":"product-type-simple"},"yoast_head":"<!-- This site is optimized with the Yoast SEO plugin v27.6 - https:\/\/yoast.com\/product\/yoast-seo-wordpress\/ -->\n<title>Idioma adicional - MUNORD<\/title>\n<meta name=\"robots\" content=\"noindex, follow, max-snippet:-1, max-image-preview:large, max-video-preview:-1\" \/>\n<meta property=\"og:locale\" content=\"es_ES\" \/>\n<meta property=\"og:type\" content=\"article\" \/>\n<meta property=\"og:title\" content=\"Idioma adicional - MUNORD\" \/>\n<meta property=\"og:description\" content=\"&nbsp;   A\u00f1ade idiomas adicionales para acceder a un mayor p\u00fablico. Las traducciones son manuales en cada idioma.  El sistema incluye la subida de contenido de ejemplo (m\u00e1x 10 p\u00e1ginas, 10 secciones o 10 productos) en la contrataci\u00f3n de una nueva p\u00e1gina web o tienda online en MUNORD.  &nbsp;\" \/>\n<meta property=\"og:url\" content=\"https:\/\/www.munord.com\/clientes\/producto\/idioma-adicional\/\" \/>\n<meta property=\"og:site_name\" content=\"MUNORD\" \/>\n<meta property=\"article:modified_time\" content=\"2025-12-04T07:32:15+00:00\" \/>\n<meta property=\"og:image\" content=\"https:\/\/www.munord.com\/clientes\/wp-content\/uploads\/2018\/03\/PRODUCTOS-Y-SERVICIOS-1-1-1-1.png\" \/>\n\t<meta property=\"og:image:width\" content=\"600\" \/>\n\t<meta property=\"og:image:height\" content=\"600\" \/>\n\t<meta property=\"og:image:type\" content=\"image\/png\" \/>\n<meta name=\"twitter:card\" content=\"summary_large_image\" \/>\n<meta name=\"twitter:label1\" content=\"Tiempo de lectura\" \/>\n\t<meta name=\"twitter:data1\" content=\"1 minuto\" \/>\n<script type=\"application\/ld+json\" class=\"yoast-schema-graph\">{\"@context\":\"https:\\\/\\\/schema.org\",\"@graph\":[{\"@type\":\"WebPage\",\"@id\":\"https:\\\/\\\/www.munord.com\\\/clientes\\\/producto\\\/idioma-adicional\\\/\",\"url\":\"https:\\\/\\\/www.munord.com\\\/clientes\\\/producto\\\/idioma-adicional\\\/\",\"name\":\"Idioma adicional - MUNORD\",\"isPartOf\":{\"@id\":\"https:\\\/\\\/www.munord.com\\\/clientes\\\/#website\"},\"primaryImageOfPage\":{\"@id\":\"https:\\\/\\\/www.munord.com\\\/clientes\\\/producto\\\/idioma-adicional\\\/#primaryimage\"},\"image\":{\"@id\":\"https:\\\/\\\/www.munord.com\\\/clientes\\\/producto\\\/idioma-adicional\\\/#primaryimage\"},\"thumbnailUrl\":\"https:\\\/\\\/www.munord.com\\\/clientes\\\/wp-content\\\/uploads\\\/2018\\\/03\\\/PRODUCTOS-Y-SERVICIOS-1-1-1-1.png\",\"datePublished\":\"2018-03-25T15:19:01+00:00\",\"dateModified\":\"2025-12-04T07:32:15+00:00\",\"breadcrumb\":{\"@id\":\"https:\\\/\\\/www.munord.com\\\/clientes\\\/producto\\\/idioma-adicional\\\/#breadcrumb\"},\"inLanguage\":\"es\",\"potentialAction\":[{\"@type\":\"ReadAction\",\"target\":[\"https:\\\/\\\/www.munord.com\\\/clientes\\\/producto\\\/idioma-adicional\\\/\"]}]},{\"@type\":\"ImageObject\",\"inLanguage\":\"es\",\"@id\":\"https:\\\/\\\/www.munord.com\\\/clientes\\\/producto\\\/idioma-adicional\\\/#primaryimage\",\"url\":\"https:\\\/\\\/www.munord.com\\\/clientes\\\/wp-content\\\/uploads\\\/2018\\\/03\\\/PRODUCTOS-Y-SERVICIOS-1-1-1-1.png\",\"contentUrl\":\"https:\\\/\\\/www.munord.com\\\/clientes\\\/wp-content\\\/uploads\\\/2018\\\/03\\\/PRODUCTOS-Y-SERVICIOS-1-1-1-1.png\",\"width\":600,\"height\":600},{\"@type\":\"BreadcrumbList\",\"@id\":\"https:\\\/\\\/www.munord.com\\\/clientes\\\/producto\\\/idioma-adicional\\\/#breadcrumb\",\"itemListElement\":[{\"@type\":\"ListItem\",\"position\":1,\"name\":\"Portada\",\"item\":\"https:\\\/\\\/www.munord.com\\\/clientes\\\/\"},{\"@type\":\"ListItem\",\"position\":2,\"name\":\"Tienda\",\"item\":\"https:\\\/\\\/www.munord.com\\\/clientes\\\/tienda\\\/\"},{\"@type\":\"ListItem\",\"position\":3,\"name\":\"Idioma adicional\"}]},{\"@type\":\"WebSite\",\"@id\":\"https:\\\/\\\/www.munord.com\\\/clientes\\\/#website\",\"url\":\"https:\\\/\\\/www.munord.com\\\/clientes\\\/\",\"name\":\"MUNORD\",\"description\":\"Automatizaci\u00f3n al siguiente nivel\",\"publisher\":{\"@id\":\"https:\\\/\\\/www.munord.com\\\/clientes\\\/#organization\"},\"inLanguage\":\"es\"},{\"@type\":\"Organization\",\"@id\":\"https:\\\/\\\/www.munord.com\\\/clientes\\\/#organization\",\"name\":\"MUNORD\",\"url\":\"https:\\\/\\\/www.munord.com\\\/clientes\\\/\",\"logo\":{\"@type\":\"ImageObject\",\"inLanguage\":\"es\",\"@id\":\"https:\\\/\\\/www.munord.com\\\/clientes\\\/#\\\/schema\\\/logo\\\/image\\\/\",\"url\":\"https:\\\/\\\/www.munord.com\\\/clientes\\\/wp-content\\\/uploads\\\/2024\\\/06\\\/cropped-logo_munord.webp\",\"contentUrl\":\"https:\\\/\\\/www.munord.com\\\/clientes\\\/wp-content\\\/uploads\\\/2024\\\/06\\\/cropped-logo_munord.webp\",\"width\":300,\"height\":51,\"caption\":\"MUNORD\"},\"image\":{\"@id\":\"https:\\\/\\\/www.munord.com\\\/clientes\\\/#\\\/schema\\\/logo\\\/image\\\/\"}}]}<\/script>\n<!-- \/ Yoast SEO plugin. -->","yoast_head_json":{"title":"Idioma adicional - MUNORD","robots":{"index":"noindex","follow":"follow","max-snippet":"max-snippet:-1","max-image-preview":"max-image-preview:large","max-video-preview":"max-video-preview:-1"},"og_locale":"es_ES","og_type":"article","og_title":"Idioma adicional - MUNORD","og_description":"&nbsp;   A\u00f1ade idiomas adicionales para acceder a un mayor p\u00fablico. Las traducciones son manuales en cada idioma.  El sistema incluye la subida de contenido de ejemplo (m\u00e1x 10 p\u00e1ginas, 10 secciones o 10 productos) en la contrataci\u00f3n de una nueva p\u00e1gina web o tienda online en MUNORD.  &nbsp;","og_url":"https:\/\/www.munord.com\/clientes\/producto\/idioma-adicional\/","og_site_name":"MUNORD","article_modified_time":"2025-12-04T07:32:15+00:00","og_image":[{"width":600,"height":600,"url":"https:\/\/www.munord.com\/clientes\/wp-content\/uploads\/2018\/03\/PRODUCTOS-Y-SERVICIOS-1-1-1-1.png","type":"image\/png"}],"twitter_card":"summary_large_image","twitter_misc":{"Tiempo de lectura":"1 minuto"},"schema":{"@context":"https:\/\/schema.org","@graph":[{"@type":"WebPage","@id":"https:\/\/www.munord.com\/clientes\/producto\/idioma-adicional\/","url":"https:\/\/www.munord.com\/clientes\/producto\/idioma-adicional\/","name":"Idioma adicional - MUNORD","isPartOf":{"@id":"https:\/\/www.munord.com\/clientes\/#website"},"primaryImageOfPage":{"@id":"https:\/\/www.munord.com\/clientes\/producto\/idioma-adicional\/#primaryimage"},"image":{"@id":"https:\/\/www.munord.com\/clientes\/producto\/idioma-adicional\/#primaryimage"},"thumbnailUrl":"https:\/\/www.munord.com\/clientes\/wp-content\/uploads\/2018\/03\/PRODUCTOS-Y-SERVICIOS-1-1-1-1.png","datePublished":"2018-03-25T15:19:01+00:00","dateModified":"2025-12-04T07:32:15+00:00","breadcrumb":{"@id":"https:\/\/www.munord.com\/clientes\/producto\/idioma-adicional\/#breadcrumb"},"inLanguage":"es","potentialAction":[{"@type":"ReadAction","target":["https:\/\/www.munord.com\/clientes\/producto\/idioma-adicional\/"]}]},{"@type":"ImageObject","inLanguage":"es","@id":"https:\/\/www.munord.com\/clientes\/producto\/idioma-adicional\/#primaryimage","url":"https:\/\/www.munord.com\/clientes\/wp-content\/uploads\/2018\/03\/PRODUCTOS-Y-SERVICIOS-1-1-1-1.png","contentUrl":"https:\/\/www.munord.com\/clientes\/wp-content\/uploads\/2018\/03\/PRODUCTOS-Y-SERVICIOS-1-1-1-1.png","width":600,"height":600},{"@type":"BreadcrumbList","@id":"https:\/\/www.munord.com\/clientes\/producto\/idioma-adicional\/#breadcrumb","itemListElement":[{"@type":"ListItem","position":1,"name":"Portada","item":"https:\/\/www.munord.com\/clientes\/"},{"@type":"ListItem","position":2,"name":"Tienda","item":"https:\/\/www.munord.com\/clientes\/tienda\/"},{"@type":"ListItem","position":3,"name":"Idioma adicional"}]},{"@type":"WebSite","@id":"https:\/\/www.munord.com\/clientes\/#website","url":"https:\/\/www.munord.com\/clientes\/","name":"MUNORD","description":"Automatizaci\u00f3n al siguiente nivel","publisher":{"@id":"https:\/\/www.munord.com\/clientes\/#organization"},"inLanguage":"es"},{"@type":"Organization","@id":"https:\/\/www.munord.com\/clientes\/#organization","name":"MUNORD","url":"https:\/\/www.munord.com\/clientes\/","logo":{"@type":"ImageObject","inLanguage":"es","@id":"https:\/\/www.munord.com\/clientes\/#\/schema\/logo\/image\/","url":"https:\/\/www.munord.com\/clientes\/wp-content\/uploads\/2024\/06\/cropped-logo_munord.webp","contentUrl":"https:\/\/www.munord.com\/clientes\/wp-content\/uploads\/2024\/06\/cropped-logo_munord.webp","width":300,"height":51,"caption":"MUNORD"},"image":{"@id":"https:\/\/www.munord.com\/clientes\/#\/schema\/logo\/image\/"}}]}},"_links":{"self":[{"href":"https:\/\/www.munord.com\/clientes\/wp-json\/wp\/v2\/product\/584","targetHints":{"allow":["GET"]}}],"collection":[{"href":"https:\/\/www.munord.com\/clientes\/wp-json\/wp\/v2\/product"}],"about":[{"href":"https:\/\/www.munord.com\/clientes\/wp-json\/wp\/v2\/types\/product"}],"version-history":[{"count":1,"href":"https:\/\/www.munord.com\/clientes\/wp-json\/wp\/v2\/product\/584\/revisions"}],"predecessor-version":[{"id":14517,"href":"https:\/\/www.munord.com\/clientes\/wp-json\/wp\/v2\/product\/584\/revisions\/14517"}],"wp:featuredmedia":[{"embeddable":true,"href":"https:\/\/www.munord.com\/clientes\/wp-json\/wp\/v2\/media\/565"}],"wp:attachment":[{"href":"https:\/\/www.munord.com\/clientes\/wp-json\/wp\/v2\/media?parent=584"}],"wp:term":[{"taxonomy":"product_brand","embeddable":true,"href":"https:\/\/www.munord.com\/clientes\/wp-json\/wp\/v2\/product_brand?post=584"},{"taxonomy":"product_cat","embeddable":true,"href":"https:\/\/www.munord.com\/clientes\/wp-json\/wp\/v2\/product_cat?post=584"},{"taxonomy":"product_tag","embeddable":true,"href":"https:\/\/www.munord.com\/clientes\/wp-json\/wp\/v2\/product_tag?post=584"}],"curies":[{"name":"wp","href":"https:\/\/api.w.org\/{rel}","templated":true}]}}