{"id":6845,"date":"2021-02-03T10:33:18","date_gmt":"2021-02-03T09:33:18","guid":{"rendered":"https:\/\/www.munord.com\/clientes\/?post_type=product&#038;p=6845"},"modified":"2025-12-17T08:39:39","modified_gmt":"2025-12-17T07:39:39","slug":"auditoria-web-trimestralmente","status":"publish","type":"product","link":"https:\/\/www.munord.com\/clientes\/producto\/auditoria-web-trimestralmente\/","title":{"rendered":"Auditor\u00eda web trimestralmente (pago anual)"},"content":{"rendered":"<p>* Se requiere de espacio suficiente en el servidor para realizar una clonaci\u00f3n de tu sitio web y poder realizar las tareas de mantenimiento en un entorno controlado. Si no dispone de espacio suficiente, puede o ampliar el espacio de sus servidor o contratar nuestro pack de hosting.<\/p>\n<p>&nbsp;<\/p>\n<p>&nbsp;<\/p>\n","protected":false},"excerpt":{"rendered":"<p><span style=\"font-size: 14pt;\">Al a\u00f1o<\/span><\/p>\n<p><span style=\"font-size: 14pt;\">Sin permanencia, puede darse de baja en cualquier momento solicit\u00e1ndolo en info@munord.com<\/span><\/p>\n<p><span style=\"font-size: 14pt;\">Servicio incluye:<\/span><\/p>\n<div class=\"ptsCell\">\n<div class=\"ptsEl\" data-el=\"table_cell_txt\" data-type=\"txt\">\n<ul>\n<li><span style=\"font-size: 14pt;\">Una revisi\u00f3n y actualizaci\u00f3n al trimestre de su web<\/span><\/li>\n<li><span style=\"font-size: 14pt;\">Actualizaciones trimestrales<\/span><\/li>\n<li><span style=\"font-size: 14pt;\">Se guarda la \u00faltima copia de seguridad trimestral<\/span><\/li>\n<li><span style=\"font-size: 14pt;\">Coste\u00a0anual<\/span><\/li>\n<\/ul>\n<p><span style=\"font-size: 14pt;\">El servicio consiste en la realizaci\u00f3n de una <\/span><strong style=\"font-size: 14pt;\">auditoria de mantenimiento<\/strong><span style=\"font-size: 14pt;\"> al trimestre.<\/span><\/p>\n<\/div>\n<\/div>\n<p><span style=\"font-size: 14pt;\">Todo por 199 \u20ac\/a\u00f1o<\/span><\/p>\n<p><span style=\"font-size: 14pt;\">* No incluye el coste de las licencias de actualizaci\u00f3n de los plugins si estos lo requieren.<\/span><br \/>\n<span style=\"font-size: 14pt;\">* No incluye cambios de contenido en la web.<br \/>\n<span style=\"font-size: 14pt;\">* No incluye servicio de urgencias. Si lo requiere puede <a href=\"https:\/\/www.munord.com\/clientes\/producto\/asistencia-tecnica-urgente\/\"><span style=\"text-decoration: underline;\"><strong>contratarlo<\/strong><\/span><\/a><br \/>\n* No incluye servicio de asistencia t\u00e9cnica\/formaci\u00f3n. Si lo requiere puede <a href=\"https:\/\/www.munord.com\/clientes\/servicio\/#asistencia-tecnica\"><span style=\"text-decoration: underline;\"><strong>contratarla<\/strong><\/span><\/a><\/span><\/span><\/p>\n<p>&nbsp;<\/p>\n<p>&nbsp;<\/p>\n","protected":false},"featured_media":440,"template":"","meta":[],"product_brand":[],"product_cat":[29,24,77,78,65],"product_tag":[194],"class_list":{"0":"post-6845","1":"product","2":"type-product","3":"status-publish","4":"has-post-thumbnail","6":"product_cat-mantenimiento","7":"product_cat-servicios","8":"product_cat-soporte-tecnico","9":"product_cat-tickets","10":"product_cat-web","11":"product_tag-ft","13":"first","14":"instock","15":"virtual","16":"taxable","17":"purchasable","18":"product-type-simple"},"yoast_head":"<!-- This site is optimized with the Yoast SEO plugin v27.6 - https:\/\/yoast.com\/product\/yoast-seo-wordpress\/ -->\n<title>Auditor\u00eda web trimestralmente (pago anual) - MUNORD<\/title>\n<meta name=\"robots\" content=\"noindex, follow, max-snippet:-1, max-image-preview:large, max-video-preview:-1\" \/>\n<meta property=\"og:locale\" content=\"es_ES\" \/>\n<meta property=\"og:type\" content=\"article\" \/>\n<meta property=\"og:title\" content=\"Auditor\u00eda web trimestralmente (pago anual) - MUNORD\" \/>\n<meta property=\"og:description\" content=\"Al a\u00f1o  Sin permanencia, puede darse de baja en cualquier momento solicit\u00e1ndolo en info@munord.com  Servicio incluye:     Una revisi\u00f3n y actualizaci\u00f3n al trimestre de su web  Actualizaciones trimestrales  Se guarda la \u00faltima copia de seguridad trimestral  Coste\u00a0anual  El servicio consiste en la realizaci\u00f3n de una auditoria de mantenimiento al trimestre.    Todo por 199 \u20ac\/a\u00f1o  * No incluye el coste de las licencias de actualizaci\u00f3n de los plugins si estos lo requieren. * No incluye cambios de contenido en la web. * No incluye servicio de urgencias. Si lo requiere puede contratarlo * No incluye servicio de asistencia t\u00e9cnica\/formaci\u00f3n. Si lo requiere puede contratarla  &nbsp;  &nbsp;\" \/>\n<meta property=\"og:url\" content=\"https:\/\/www.munord.com\/clientes\/producto\/auditoria-web-trimestralmente\/\" \/>\n<meta property=\"og:site_name\" content=\"MUNORD\" \/>\n<meta property=\"article:modified_time\" content=\"2025-12-17T07:39:39+00:00\" \/>\n<meta property=\"og:image\" content=\"https:\/\/www.munord.com\/clientes\/wp-content\/uploads\/2018\/03\/pack_profesional_mantenimento.png\" \/>\n\t<meta property=\"og:image:width\" content=\"600\" \/>\n\t<meta property=\"og:image:height\" content=\"600\" \/>\n\t<meta property=\"og:image:type\" content=\"image\/png\" \/>\n<meta name=\"twitter:card\" content=\"summary_large_image\" \/>\n<meta name=\"twitter:label1\" content=\"Tiempo de lectura\" \/>\n\t<meta name=\"twitter:data1\" content=\"1 minuto\" \/>\n<script type=\"application\/ld+json\" class=\"yoast-schema-graph\">{\"@context\":\"https:\\\/\\\/schema.org\",\"@graph\":[{\"@type\":\"WebPage\",\"@id\":\"https:\\\/\\\/www.munord.com\\\/clientes\\\/producto\\\/auditoria-web-trimestralmente\\\/\",\"url\":\"https:\\\/\\\/www.munord.com\\\/clientes\\\/producto\\\/auditoria-web-trimestralmente\\\/\",\"name\":\"Auditor\u00eda web trimestralmente (pago anual) - MUNORD\",\"isPartOf\":{\"@id\":\"https:\\\/\\\/www.munord.com\\\/clientes\\\/#website\"},\"primaryImageOfPage\":{\"@id\":\"https:\\\/\\\/www.munord.com\\\/clientes\\\/producto\\\/auditoria-web-trimestralmente\\\/#primaryimage\"},\"image\":{\"@id\":\"https:\\\/\\\/www.munord.com\\\/clientes\\\/producto\\\/auditoria-web-trimestralmente\\\/#primaryimage\"},\"thumbnailUrl\":\"https:\\\/\\\/www.munord.com\\\/clientes\\\/wp-content\\\/uploads\\\/2018\\\/03\\\/pack_profesional_mantenimento.png\",\"datePublished\":\"2021-02-03T09:33:18+00:00\",\"dateModified\":\"2025-12-17T07:39:39+00:00\",\"breadcrumb\":{\"@id\":\"https:\\\/\\\/www.munord.com\\\/clientes\\\/producto\\\/auditoria-web-trimestralmente\\\/#breadcrumb\"},\"inLanguage\":\"es\",\"potentialAction\":[{\"@type\":\"ReadAction\",\"target\":[\"https:\\\/\\\/www.munord.com\\\/clientes\\\/producto\\\/auditoria-web-trimestralmente\\\/\"]}]},{\"@type\":\"ImageObject\",\"inLanguage\":\"es\",\"@id\":\"https:\\\/\\\/www.munord.com\\\/clientes\\\/producto\\\/auditoria-web-trimestralmente\\\/#primaryimage\",\"url\":\"https:\\\/\\\/www.munord.com\\\/clientes\\\/wp-content\\\/uploads\\\/2018\\\/03\\\/pack_profesional_mantenimento.png\",\"contentUrl\":\"https:\\\/\\\/www.munord.com\\\/clientes\\\/wp-content\\\/uploads\\\/2018\\\/03\\\/pack_profesional_mantenimento.png\",\"width\":600,\"height\":600},{\"@type\":\"BreadcrumbList\",\"@id\":\"https:\\\/\\\/www.munord.com\\\/clientes\\\/producto\\\/auditoria-web-trimestralmente\\\/#breadcrumb\",\"itemListElement\":[{\"@type\":\"ListItem\",\"position\":1,\"name\":\"Portada\",\"item\":\"https:\\\/\\\/www.munord.com\\\/clientes\\\/\"},{\"@type\":\"ListItem\",\"position\":2,\"name\":\"Tienda\",\"item\":\"https:\\\/\\\/www.munord.com\\\/clientes\\\/tienda\\\/\"},{\"@type\":\"ListItem\",\"position\":3,\"name\":\"Auditor\u00eda web trimestralmente (pago anual)\"}]},{\"@type\":\"WebSite\",\"@id\":\"https:\\\/\\\/www.munord.com\\\/clientes\\\/#website\",\"url\":\"https:\\\/\\\/www.munord.com\\\/clientes\\\/\",\"name\":\"MUNORD\",\"description\":\"Automatizaci\u00f3n al siguiente nivel\",\"publisher\":{\"@id\":\"https:\\\/\\\/www.munord.com\\\/clientes\\\/#organization\"},\"inLanguage\":\"es\"},{\"@type\":\"Organization\",\"@id\":\"https:\\\/\\\/www.munord.com\\\/clientes\\\/#organization\",\"name\":\"MUNORD\",\"url\":\"https:\\\/\\\/www.munord.com\\\/clientes\\\/\",\"logo\":{\"@type\":\"ImageObject\",\"inLanguage\":\"es\",\"@id\":\"https:\\\/\\\/www.munord.com\\\/clientes\\\/#\\\/schema\\\/logo\\\/image\\\/\",\"url\":\"https:\\\/\\\/www.munord.com\\\/clientes\\\/wp-content\\\/uploads\\\/2024\\\/06\\\/cropped-logo_munord.webp\",\"contentUrl\":\"https:\\\/\\\/www.munord.com\\\/clientes\\\/wp-content\\\/uploads\\\/2024\\\/06\\\/cropped-logo_munord.webp\",\"width\":300,\"height\":51,\"caption\":\"MUNORD\"},\"image\":{\"@id\":\"https:\\\/\\\/www.munord.com\\\/clientes\\\/#\\\/schema\\\/logo\\\/image\\\/\"}}]}<\/script>\n<!-- \/ Yoast SEO plugin. -->","yoast_head_json":{"title":"Auditor\u00eda web trimestralmente (pago anual) - MUNORD","robots":{"index":"noindex","follow":"follow","max-snippet":"max-snippet:-1","max-image-preview":"max-image-preview:large","max-video-preview":"max-video-preview:-1"},"og_locale":"es_ES","og_type":"article","og_title":"Auditor\u00eda web trimestralmente (pago anual) - MUNORD","og_description":"Al a\u00f1o  Sin permanencia, puede darse de baja en cualquier momento solicit\u00e1ndolo en info@munord.com  Servicio incluye:     Una revisi\u00f3n y actualizaci\u00f3n al trimestre de su web  Actualizaciones trimestrales  Se guarda la \u00faltima copia de seguridad trimestral  Coste\u00a0anual  El servicio consiste en la realizaci\u00f3n de una auditoria de mantenimiento al trimestre.    Todo por 199 \u20ac\/a\u00f1o  * No incluye el coste de las licencias de actualizaci\u00f3n de los plugins si estos lo requieren. * No incluye cambios de contenido en la web. * No incluye servicio de urgencias. Si lo requiere puede contratarlo * No incluye servicio de asistencia t\u00e9cnica\/formaci\u00f3n. Si lo requiere puede contratarla  &nbsp;  &nbsp;","og_url":"https:\/\/www.munord.com\/clientes\/producto\/auditoria-web-trimestralmente\/","og_site_name":"MUNORD","article_modified_time":"2025-12-17T07:39:39+00:00","og_image":[{"width":600,"height":600,"url":"https:\/\/www.munord.com\/clientes\/wp-content\/uploads\/2018\/03\/pack_profesional_mantenimento.png","type":"image\/png"}],"twitter_card":"summary_large_image","twitter_misc":{"Tiempo de lectura":"1 minuto"},"schema":{"@context":"https:\/\/schema.org","@graph":[{"@type":"WebPage","@id":"https:\/\/www.munord.com\/clientes\/producto\/auditoria-web-trimestralmente\/","url":"https:\/\/www.munord.com\/clientes\/producto\/auditoria-web-trimestralmente\/","name":"Auditor\u00eda web trimestralmente (pago anual) - MUNORD","isPartOf":{"@id":"https:\/\/www.munord.com\/clientes\/#website"},"primaryImageOfPage":{"@id":"https:\/\/www.munord.com\/clientes\/producto\/auditoria-web-trimestralmente\/#primaryimage"},"image":{"@id":"https:\/\/www.munord.com\/clientes\/producto\/auditoria-web-trimestralmente\/#primaryimage"},"thumbnailUrl":"https:\/\/www.munord.com\/clientes\/wp-content\/uploads\/2018\/03\/pack_profesional_mantenimento.png","datePublished":"2021-02-03T09:33:18+00:00","dateModified":"2025-12-17T07:39:39+00:00","breadcrumb":{"@id":"https:\/\/www.munord.com\/clientes\/producto\/auditoria-web-trimestralmente\/#breadcrumb"},"inLanguage":"es","potentialAction":[{"@type":"ReadAction","target":["https:\/\/www.munord.com\/clientes\/producto\/auditoria-web-trimestralmente\/"]}]},{"@type":"ImageObject","inLanguage":"es","@id":"https:\/\/www.munord.com\/clientes\/producto\/auditoria-web-trimestralmente\/#primaryimage","url":"https:\/\/www.munord.com\/clientes\/wp-content\/uploads\/2018\/03\/pack_profesional_mantenimento.png","contentUrl":"https:\/\/www.munord.com\/clientes\/wp-content\/uploads\/2018\/03\/pack_profesional_mantenimento.png","width":600,"height":600},{"@type":"BreadcrumbList","@id":"https:\/\/www.munord.com\/clientes\/producto\/auditoria-web-trimestralmente\/#breadcrumb","itemListElement":[{"@type":"ListItem","position":1,"name":"Portada","item":"https:\/\/www.munord.com\/clientes\/"},{"@type":"ListItem","position":2,"name":"Tienda","item":"https:\/\/www.munord.com\/clientes\/tienda\/"},{"@type":"ListItem","position":3,"name":"Auditor\u00eda web trimestralmente (pago anual)"}]},{"@type":"WebSite","@id":"https:\/\/www.munord.com\/clientes\/#website","url":"https:\/\/www.munord.com\/clientes\/","name":"MUNORD","description":"Automatizaci\u00f3n al siguiente nivel","publisher":{"@id":"https:\/\/www.munord.com\/clientes\/#organization"},"inLanguage":"es"},{"@type":"Organization","@id":"https:\/\/www.munord.com\/clientes\/#organization","name":"MUNORD","url":"https:\/\/www.munord.com\/clientes\/","logo":{"@type":"ImageObject","inLanguage":"es","@id":"https:\/\/www.munord.com\/clientes\/#\/schema\/logo\/image\/","url":"https:\/\/www.munord.com\/clientes\/wp-content\/uploads\/2024\/06\/cropped-logo_munord.webp","contentUrl":"https:\/\/www.munord.com\/clientes\/wp-content\/uploads\/2024\/06\/cropped-logo_munord.webp","width":300,"height":51,"caption":"MUNORD"},"image":{"@id":"https:\/\/www.munord.com\/clientes\/#\/schema\/logo\/image\/"}}]}},"_links":{"self":[{"href":"https:\/\/www.munord.com\/clientes\/wp-json\/wp\/v2\/product\/6845","targetHints":{"allow":["GET"]}}],"collection":[{"href":"https:\/\/www.munord.com\/clientes\/wp-json\/wp\/v2\/product"}],"about":[{"href":"https:\/\/www.munord.com\/clientes\/wp-json\/wp\/v2\/types\/product"}],"version-history":[{"count":4,"href":"https:\/\/www.munord.com\/clientes\/wp-json\/wp\/v2\/product\/6845\/revisions"}],"predecessor-version":[{"id":16007,"href":"https:\/\/www.munord.com\/clientes\/wp-json\/wp\/v2\/product\/6845\/revisions\/16007"}],"wp:featuredmedia":[{"embeddable":true,"href":"https:\/\/www.munord.com\/clientes\/wp-json\/wp\/v2\/media\/440"}],"wp:attachment":[{"href":"https:\/\/www.munord.com\/clientes\/wp-json\/wp\/v2\/media?parent=6845"}],"wp:term":[{"taxonomy":"product_brand","embeddable":true,"href":"https:\/\/www.munord.com\/clientes\/wp-json\/wp\/v2\/product_brand?post=6845"},{"taxonomy":"product_cat","embeddable":true,"href":"https:\/\/www.munord.com\/clientes\/wp-json\/wp\/v2\/product_cat?post=6845"},{"taxonomy":"product_tag","embeddable":true,"href":"https:\/\/www.munord.com\/clientes\/wp-json\/wp\/v2\/product_tag?post=6845"}],"curies":[{"name":"wp","href":"https:\/\/api.w.org\/{rel}","templated":true}]}}